{"id":19993,"date":"2017-04-05T17:06:03","date_gmt":"2017-04-05T17:06:03","guid":{"rendered":"http:\/\/www.winback-beauty.com\/?page_id=19993\/"},"modified":"2018-11-28T15:08:31","modified_gmt":"2018-11-28T15:08:31","slug":"winback-beauty","status":"publish","type":"page","link":"https:\/\/www.winback-beauty.com\/de\/","title":{"rendered":"Winback Beauty"},"content":{"rendered":"<p><div class=\"fusion-fullwidth fullwidth-box fusion-builder-row-1 hundred-percent-fullwidth non-hundred-percent-height-scrolling\" style=\"background-color: #ffffff;background-position: left top;background-repeat: no-repeat;padding-top:0px;padding-right:0px;padding-bottom:0px;padding-left:0px;margin-bottom: 0px;margin-top: 0px;border-width: 0px 0px 0px 0px;border-color:#eae9e9;border-style:solid;\" ><div class=\"fusion-builder-row fusion-row\"><div class=\"fusion-layout-column fusion_builder_column fusion-builder-column-0 fusion_builder_column_1_1 1_1 fusion-one-full fusion-column-first fusion-column-last fusion-column-no-min-height\" style=\"margin-top:0px;margin-bottom:0px;\"><div class=\"fusion-column-wrapper fusion-flex-column-wrapper-legacy\" style=\"background-position:left top;background-repeat:no-repeat;-webkit-background-size:cover;-moz-background-size:cover;-o-background-size:cover;background-size:cover;padding: 0px 0px 0px 0px;\"><div class=\"imageframe-align-center\"><span class=\" fusion-imageframe imageframe-none imageframe-1 hover-type-none\"><img decoding=\"async\" src=\"http:\/\/www.winback-beauty.com\/wp-content\/uploads\/2016\/03\/expert_WINBAK-Beauty_header.jpg\" class=\"img-responsive\"\/><\/span><\/div><div class=\"fusion-clearfix\"><\/div><\/div><\/div><\/div><\/div><div class=\"fusion-fullwidth fullwidth-box fusion-builder-row-2 nonhundred-percent-fullwidth non-hundred-percent-height-scrolling\" style=\"background-color: #ffffff;background-position: left top;background-repeat: no-repeat;padding-top:50px;padding-right:0px;padding-bottom:20px;padding-left:0px;margin-bottom: 0px;margin-top: 0px;border-width: 0px 0px 0px 0px;border-color:#eae9e9;border-style:solid;\" ><div class=\"fusion-builder-row fusion-row\"><div class=\"fusion-layout-column fusion_builder_column fusion-builder-column-1 fusion_builder_column_1_1 1_1 fusion-one-full fusion-column-first fusion-column-last fusion-column-no-min-height\" style=\"margin-top:0px;margin-bottom:0px;\"><div class=\"fusion-column-wrapper fusion-flex-column-wrapper-legacy\" style=\"background-position:left top;background-repeat:no-repeat;-webkit-background-size:cover;-moz-background-size:cover;-o-background-size:cover;background-size:cover;padding: 0px 0px 0px 0px;\"><div class=\"fusion-text fusion-text-1\"><h1 style=\"text-align: center;\">WINBACK <span style=\"color: #95c11f;\">BEAUTY<\/span><\/h1>\n<h2 style=\"text-align: center; text-transform: uppercase;\">STIMULIERT DIE NAT\u00dcRLICHEN RESSOURCEN DES K\u00d6RPERS<\/h2>\n<\/div><div class=\"fusion-clearfix\"><\/div><\/div><\/div><div class=\"fusion-layout-column fusion_builder_column fusion-builder-column-2 fusion_builder_column_1_3 1_3 fusion-one-third fusion-column-first\" style=\"width:30.6666%; margin-right: 4%;margin-top:15px;margin-bottom:15px;\"><div class=\"fusion-column-wrapper fusion-flex-column-wrapper-legacy\" style=\"background-position:left top;background-repeat:no-repeat;-webkit-background-size:cover;-moz-background-size:cover;-o-background-size:cover;background-size:cover;padding: 0px 0px 0px 0px;\"><div class=\"fusion-text fusion-text-2\"><p style=\"text-align: center; font-size: 38px; line-height: 40px;\"><strong><span style=\"color: #95c11f;\">IHR EXPERTE<\/span><\/strong><\/p>\n<p style=\"text-align: center;\"><strong>Wir nehmen Ihre Sch\u00f6nheit nicht auf die leichte Schulter\u2026. Daher werden die WINBACK-Behandlungen nur von Sch\u00f6nheitsexperten durchgef\u00fchrt, die an der WINBACK <span style=\"color: #95c11f;\">BEAUTY<\/span> Akademie ausgebildet wurden.<br \/>\n<\/strong><\/p>\n<\/div><div class=\"fusion-clearfix\"><\/div><\/div><\/div><div class=\"fusion-layout-column fusion_builder_column fusion-builder-column-3 fusion_builder_column_1_3 1_3 fusion-one-third\" style=\"width:30.6666%; margin-right: 4%;margin-top:15px;margin-bottom:15px;\"><div class=\"fusion-column-wrapper fusion-flex-column-wrapper-legacy\" style=\"background-position:left top;background-repeat:no-repeat;-webkit-background-size:cover;-moz-background-size:cover;-o-background-size:cover;background-size:cover;padding: 0px 0px 0px 0px;\"><div class=\"fusion-text fusion-text-3\"><p style=\"text-align: center; font-size: 38px; line-height: 40px;\"><span style=\"color: #95c11f;\"><strong>WIEDER IN FORM BRINGEN<\/strong><\/span><\/p>\n<p style=\"text-align: center;\"><strong>WINBACK wirkt direkt reduzierend auf Fettdepots (Bauch, H\u00fcfte, Oberschenkel) und hilft Ihnen, Ihren K\u00f6rper wieder in Form zu bringen.<\/strong><\/p>\n<\/div><div class=\"fusion-clearfix\"><\/div><\/div><\/div><div class=\"fusion-layout-column fusion_builder_column fusion-builder-column-4 fusion_builder_column_1_3 1_3 fusion-one-third fusion-column-last\" style=\"width:30.6666%;margin-top:15px;margin-bottom:15px;\"><div class=\"fusion-column-wrapper fusion-flex-column-wrapper-legacy\" style=\"background-position:left top;background-repeat:no-repeat;-webkit-background-size:cover;-moz-background-size:cover;-o-background-size:cover;background-size:cover;padding: 0px 0px 0px 0px;\"><div class=\"fusion-text fusion-text-4\"><p style=\"text-align: center; font-size: 38px; line-height: 40px;\"><strong><span style=\"color: #95c11f;\">REVITALISIEREN<\/span><\/strong><\/p>\n<p style=\"text-align: center;\"><strong>WINBACK regeneriert alle Hautschichten aus der Tiefe heraus. Ihre Haut wird aufgepolstert und gewinnt wieder an Festigkeit.<\/strong><\/p>\n<\/div><div class=\"fusion-clearfix\"><\/div><\/div><\/div><div class=\"fusion-layout-column fusion_builder_column fusion-builder-column-5 fusion_builder_column_1_3 1_3 fusion-one-third fusion-column-first\" style=\"width:30.6666%; margin-right: 4%;margin-top:15px;margin-bottom:15px;\"><div class=\"fusion-column-wrapper fusion-flex-column-wrapper-legacy\" style=\"background-image: url(&#039;http:\/\/www.winback-beauty.com\/wp-content\/uploads\/2016\/03\/votre-expert_WINBACK-Beauty.jpg&#039;);background-position:center top;background-repeat:no-repeat;-webkit-background-size:cover;-moz-background-size:cover;-o-background-size:cover;background-size:cover;background-color:#ffffff;border:2px solid #f4f4f4;padding: 80% 50px 50px 50px;\" data-bg-url=\"http:\/\/www.winback-beauty.com\/wp-content\/uploads\/2016\/03\/votre-expert_WINBACK-Beauty.jpg\"><div class=\"fusion-aligncenter\"><style type=\"text\/css\">.fusion-button.button-1 .fusion-button-text, .fusion-button.button-1 i {color:#333333;}.fusion-button.button-1 .fusion-button-icon-divider{border-color:#333333;}.fusion-button.button-1:hover .fusion-button-text, .fusion-button.button-1:hover i,.fusion-button.button-1:focus .fusion-button-text, .fusion-button.button-1:focus i,.fusion-button.button-1:active .fusion-button-text, .fusion-button.button-1:active{color:#333333;}.fusion-button.button-1:hover .fusion-button-icon-divider, .fusion-button.button-1:hover .fusion-button-icon-divider, .fusion-button.button-1:active .fusion-button-icon-divider{border-color:#333333;}.fusion-button.button-1:hover, .fusion-button.button-1:focus, .fusion-button.button-1:active{border-color:#333333;border-width:2px;}.fusion-button.button-1 {border-color:#333333;border-width:2px;border-radius:25px;}.fusion-button.button-1{background: rgba(255, 255, 255, 0.114582);}.fusion-button.button-1:hover,.button-1:focus,.fusion-button.button-1:active{background: rgba(255,255,255,0);}<\/style><a class=\"fusion-button button-flat fusion-button-default-size button-custom button-1 fusion-button-default-span fusion-button-default-type\" target=\"_self\" href=\"http:\/\/www.winback-beauty.com\/de\/technologie\/\"><span class=\"fusion-button-text\">IHR PROFESSIONELLES NETZWERK<\/span><\/a><\/div><div class=\"fusion-clearfix\"><\/div><\/div><\/div><div class=\"fusion-layout-column fusion_builder_column fusion-builder-column-6 fusion_builder_column_1_3 1_3 fusion-one-third\" style=\"width:30.6666%; margin-right: 4%;margin-top:15px;margin-bottom:15px;\"><div class=\"fusion-column-wrapper fusion-flex-column-wrapper-legacy\" style=\"background-image: url(&#039;http:\/\/www.winback-beauty.com\/wp-content\/uploads\/2015\/09\/remodeler_WINBACK-Beauty-1.jpg&#039;);background-position:center top;background-repeat:no-repeat;-webkit-background-size:cover;-moz-background-size:cover;-o-background-size:cover;background-size:cover;background-color:#ffffff;border:2px solid #f4f4f4;padding: 80% 50px 50px 50px;\" data-bg-url=\"http:\/\/www.winback-beauty.com\/wp-content\/uploads\/2015\/09\/remodeler_WINBACK-Beauty-1.jpg\"><div class=\"fusion-aligncenter\"><style type=\"text\/css\">.fusion-button.button-2 .fusion-button-text, .fusion-button.button-2 i {color:#333333;}.fusion-button.button-2 .fusion-button-icon-divider{border-color:#333333;}.fusion-button.button-2:hover .fusion-button-text, .fusion-button.button-2:hover i,.fusion-button.button-2:focus .fusion-button-text, .fusion-button.button-2:focus i,.fusion-button.button-2:active .fusion-button-text, .fusion-button.button-2:active{color:#333333;}.fusion-button.button-2:hover .fusion-button-icon-divider, .fusion-button.button-2:hover .fusion-button-icon-divider, .fusion-button.button-2:active .fusion-button-icon-divider{border-color:#333333;}.fusion-button.button-2:hover, .fusion-button.button-2:focus, .fusion-button.button-2:active{border-color:#333333;border-width:2px;}.fusion-button.button-2 {border-color:#333333;border-width:2px;border-radius:25px;}.fusion-button.button-2{background: rgba(255, 255, 255, 0.114582);}.fusion-button.button-2:hover,.button-2:focus,.fusion-button.button-2:active{background: rgba(255,255,255,0);}<\/style><a class=\"fusion-button button-flat fusion-button-default-size button-custom button-2 fusion-button-default-span fusion-button-default-type\" target=\"_self\" href=\"http:\/\/www.winback-beauty.com\/de\/idealfigur\/\"><span class=\"fusion-button-text\">IHRE FIGUR<\/span><\/a><\/div><div class=\"fusion-clearfix\"><\/div><\/div><\/div><div class=\"fusion-layout-column fusion_builder_column fusion-builder-column-7 fusion_builder_column_1_3 1_3 fusion-one-third fusion-column-last\" style=\"width:30.6666%;margin-top:15px;margin-bottom:15px;\"><div class=\"fusion-column-wrapper fusion-flex-column-wrapper-legacy\" style=\"background-image: url(&#039;http:\/\/www.winback-beauty.com\/wp-content\/uploads\/2016\/03\/revitaliser_WINBACK-Beauty.jpg&#039;);background-position:center top;background-repeat:no-repeat;-webkit-background-size:cover;-moz-background-size:cover;-o-background-size:cover;background-size:cover;background-color:#ffffff;border:2px solid #f4f4f4;padding: 80% 50px 50px 50px;\" data-bg-url=\"http:\/\/www.winback-beauty.com\/wp-content\/uploads\/2016\/03\/revitaliser_WINBACK-Beauty.jpg\"><div class=\"fusion-aligncenter\"><style type=\"text\/css\">.fusion-button.button-3 .fusion-button-text, .fusion-button.button-3 i {color:#333333;}.fusion-button.button-3 .fusion-button-icon-divider{border-color:#333333;}.fusion-button.button-3:hover .fusion-button-text, .fusion-button.button-3:hover i,.fusion-button.button-3:focus .fusion-button-text, .fusion-button.button-3:focus i,.fusion-button.button-3:active .fusion-button-text, .fusion-button.button-3:active{color:#333333;}.fusion-button.button-3:hover .fusion-button-icon-divider, .fusion-button.button-3:hover .fusion-button-icon-divider, .fusion-button.button-3:active .fusion-button-icon-divider{border-color:#333333;}.fusion-button.button-3:hover, .fusion-button.button-3:focus, .fusion-button.button-3:active{border-color:#333333;border-width:2px;}.fusion-button.button-3 {border-color:#333333;border-width:2px;border-radius:25px;}.fusion-button.button-3{background: rgba(255, 255, 255, 0.114582);}.fusion-button.button-3:hover,.button-3:focus,.fusion-button.button-3:active{background: rgba(255,255,255,0);}<\/style><a class=\"fusion-button button-flat fusion-button-default-size button-custom button-3 fusion-button-default-span fusion-button-default-type\" target=\"_self\" href=\"http:\/\/www.winback-beauty.com\/de\/haut\/\"><span class=\"fusion-button-text\">IHRE HAUT<\/span><\/a><\/div><div class=\"fusion-clearfix\"><\/div><\/div><\/div><\/div><\/div><div id=\"physio\"><div class=\"fusion-fullwidth fullwidth-box fusion-builder-row-3 nonhundred-percent-fullwidth non-hundred-percent-height-scrolling\" style=\"background-color: #ffffff;background-position: left top;background-repeat: no-repeat;padding-top:0px;padding-right:0px;padding-bottom:20px;padding-left:0px;margin-bottom: 0px;margin-top: 0px;border-width: 0px 0px 0px 0px;border-color:#eae9e9;border-style:solid;\" ><div class=\"fusion-builder-row fusion-row\"><div class=\"fusion-layout-column fusion_builder_column fusion-builder-column-8 fusion_builder_column_1_1 1_1 fusion-one-full fusion-column-first fusion-column-last fusion-column-no-min-height\" style=\"margin-top:0px;margin-bottom:0px;\"><div class=\"fusion-column-wrapper fusion-flex-column-wrapper-legacy\" style=\"background-position:left top;background-repeat:no-repeat;-webkit-background-size:cover;-moz-background-size:cover;-o-background-size:cover;background-size:cover;padding: 0px 0px 0px 0px;\"><div class=\"fusion-sep-clear\"><\/div><div class=\"fusion-separator fusion-full-width-sep\" style=\"margin-left: auto;margin-right: auto;margin-top:20px;margin-bottom:20px;width:100%;\"><div class=\"fusion-separator-border sep-single sep-solid\" style=\"border-color:#eaeaea;border-top-width:2px;\"><\/div><\/div><div class=\"fusion-sep-clear\"><\/div><div class=\"fusion-text fusion-text-5\"><h2 style=\"text-align: center; text-transform: uppercase;\"><span style=\"color: #95c11f;\"><strong>MAXIMALE ERGEBNISSE OHNE INVASIVE EFFEKTE<\/strong><\/span><\/h2>\n<h3 style=\"text-align: center;\">\u00a0<strong> WIN<span style=\"color: #95c11f;\">BACK<\/span> ist eine <span style=\"color: #95c11f;\">effiziente Technologie<\/span><\/strong><\/h3>\n<p style=\"text-align: center;\">Sie maximiert die biologische St\u00e4rke Ihres K\u00f6rpers, ohne invasiv zu sein. Sie erzielen sichtbare und dauerhafte Ergebnisse. Warum sollten Sie sich das nicht g\u00f6nnen?<\/p>\n<\/div><div class=\"fusion-clearfix\"><\/div><\/div><\/div><\/div><\/div><\/div><div class=\"fusion-fullwidth fullwidth-box fusion-builder-row-4 nonhundred-percent-fullwidth non-hundred-percent-height-scrolling\" style=\"background-color: #ffffff;background-position: left top;background-repeat: no-repeat;padding-top:20px;padding-right:0px;padding-bottom:20px;padding-left:0px;margin-bottom: 0px;margin-top: 0px;border-width: 0px 0px 0px 0px;border-color:#eae9e9;border-style:solid;\" ><div class=\"fusion-builder-row fusion-row\"><div class=\"fusion-layout-column fusion_builder_column fusion-builder-column-9 fusion_builder_column_1_1 1_1 fusion-one-full fusion-column-first fusion-column-last fusion-column-no-min-height\" style=\"margin-top:0px;margin-bottom:0px;\"><div class=\"fusion-column-wrapper fusion-flex-column-wrapper-legacy\" style=\"background-position:left top;background-repeat:no-repeat;-webkit-background-size:cover;-moz-background-size:cover;-o-background-size:cover;background-size:cover;padding: 0px 0px 0px 0px;\"><div class=\"fusion-sep-clear\"><\/div><div class=\"fusion-separator fusion-full-width-sep\" style=\"margin-left: auto;margin-right: auto;margin-top:20px;margin-bottom:20px;width:100%;\"><div class=\"fusion-separator-border sep-single sep-solid\" style=\"border-color:#eaeaea;border-top-width:2px;\"><\/div><\/div><div class=\"fusion-sep-clear\"><\/div><div class=\"fusion-text fusion-text-6\"><h2 style=\"text-align: center;\">\u00dcber Winback<\/h2>\n<\/div><div class=\"fusion-sep-clear\"><\/div><div class=\"fusion-separator fusion-full-width-sep\" style=\"margin-left: auto;margin-right: auto;margin-top:20px;margin-bottom:20px;width:100%;\"><div class=\"fusion-separator-border sep-single sep-solid\" style=\"border-color:#eaeaea;border-top-width:2px;\"><\/div><\/div><div class=\"fusion-sep-clear\"><\/div><div class=\"fusion-text fusion-text-7\"><p style=\"text-align: justify;\">Weltweit wurden innerhalb von 4 Jahren 3200 Praxen f\u00fcr Rehabilitation, Sport und Sch\u00f6nheit mit WINBACK ausgestattet. Die Ergebnisse sind anerkannt und finden gro\u00dfen Anklang bei Tausenden von Patienten und Leistungssportlern und Fachleuten. Das Wachstum von Winback ist einzigartig in der Geschichte. Sie werden verstehen warum, wenn Sie sich in einem der ausgew\u00e4hlten Institute behandeln lassen.<\/p>\n<\/div><div class=\"fusion-text fusion-text-8\"><p><img decoding=\"async\" class=\"aligncenter size-full wp-image-19407\" src=\"http:\/\/www.winback-beauty.com\/wp-content\/uploads\/2016\/03\/winback-banniere.jpg\" alt=\"winback-banniere\" width=\"1500\" height=\"420\" srcset=\"https:\/\/www.winback-beauty.com\/wp-content\/uploads\/2016\/03\/winback-banniere-120x34.jpg 120w, https:\/\/www.winback-beauty.com\/wp-content\/uploads\/2016\/03\/winback-banniere-300x84.jpg 300w, https:\/\/www.winback-beauty.com\/wp-content\/uploads\/2016\/03\/winback-banniere-500x140.jpg 500w, https:\/\/www.winback-beauty.com\/wp-content\/uploads\/2016\/03\/winback-banniere-768x215.jpg 768w, https:\/\/www.winback-beauty.com\/wp-content\/uploads\/2016\/03\/winback-banniere-1024x287.jpg 1024w, https:\/\/www.winback-beauty.com\/wp-content\/uploads\/2016\/03\/winback-banniere.jpg 1500w\" sizes=\"(max-width: 1500px) 100vw, 1500px\" \/><\/p>\n<\/div><div class=\"fusion-text fusion-text-9\"><h3 style=\"text-align: center; font-size: 25px; line-height: 30px;\"><em><strong>Winback, Ihr Partner f\u00fcr das t\u00e4gliche Wohlbefinden\u2026<\/strong><\/em><\/h3>\n<\/div><div class=\"fusion-clearfix\"><\/div><\/div><\/div><\/div><\/div><\/p>\n","protected":false},"excerpt":{"rendered":"","protected":false},"author":9,"featured_media":0,"parent":0,"menu_order":0,"comment_status":"closed","ping_status":"closed","template":"100-width.php","meta":{"footnotes":""},"yoast_head":"<!-- This site is optimized with the Yoast SEO plugin v22.1 - https:\/\/yoast.com\/wordpress\/plugins\/seo\/ -->\n<title>Winback Beauty | Tecar-Therapie in der Sch\u00f6nheitswelt<\/title>\n<meta name=\"description\" content=\"Winback Beauty ist das Tecar-Therapieprogramm f\u00fcr die Sch\u00f6nheitswelt. Viele Sch\u00f6nheitsbehandlungen wurden dank der Tecar-Therapie entwickelt.\" \/>\n<meta name=\"robots\" content=\"index, follow, max-snippet:-1, max-image-preview:large, max-video-preview:-1\" \/>\n<link rel=\"canonical\" href=\"https:\/\/www.winback-beauty.com\/de\/\" \/>\n<meta property=\"og:locale\" content=\"de_DE\" \/>\n<meta property=\"og:type\" content=\"article\" \/>\n<meta property=\"og:title\" content=\"Winback Beauty | Tecar-Therapie in der Sch\u00f6nheitswelt\" \/>\n<meta property=\"og:description\" content=\"Winback Beauty ist das Tecar-Therapieprogramm f\u00fcr die Sch\u00f6nheitswelt. Viele Sch\u00f6nheitsbehandlungen wurden dank der Tecar-Therapie entwickelt.\" \/>\n<meta property=\"og:url\" content=\"https:\/\/www.winback-beauty.com\/de\/\" \/>\n<meta property=\"og:site_name\" content=\"Winback Beauty\" \/>\n<meta property=\"article:modified_time\" content=\"2018-11-28T15:08:31+00:00\" \/>\n<meta property=\"og:image\" content=\"http:\/\/www.winback-beauty.com\/wp-content\/uploads\/2016\/03\/expert_WINBAK-Beauty_header.jpg\" \/>\n<meta name=\"twitter:card\" content=\"summary_large_image\" \/>\n<meta name=\"twitter:label1\" content=\"Gesch\u00e4tzte Lesezeit\" \/>\n\t<meta name=\"twitter:data1\" content=\"8\u00a0Minuten\" \/>\n<script type=\"application\/ld+json\" class=\"yoast-schema-graph\">{\"@context\":\"https:\/\/schema.org\",\"@graph\":[{\"@type\":\"WebPage\",\"@id\":\"https:\/\/www.winback-beauty.com\/de\/\",\"url\":\"https:\/\/www.winback-beauty.com\/de\/\",\"name\":\"Winback Beauty | Tecar-Therapie in der Sch\u00f6nheitswelt\",\"isPartOf\":{\"@id\":\"https:\/\/www.winback-beauty.com\/#website\"},\"datePublished\":\"2017-04-05T17:06:03+00:00\",\"dateModified\":\"2018-11-28T15:08:31+00:00\",\"description\":\"Winback Beauty ist das Tecar-Therapieprogramm f\u00fcr die Sch\u00f6nheitswelt. Viele Sch\u00f6nheitsbehandlungen wurden dank der Tecar-Therapie entwickelt.\",\"breadcrumb\":{\"@id\":\"https:\/\/www.winback-beauty.com\/de\/#breadcrumb\"},\"inLanguage\":\"de\",\"potentialAction\":[{\"@type\":\"ReadAction\",\"target\":[\"https:\/\/www.winback-beauty.com\/de\/\"]}]},{\"@type\":\"BreadcrumbList\",\"@id\":\"https:\/\/www.winback-beauty.com\/de\/#breadcrumb\",\"itemListElement\":[{\"@type\":\"ListItem\",\"position\":1,\"name\":\"Home\",\"item\":\"https:\/\/www.winback-beauty.com\/de\/\"},{\"@type\":\"ListItem\",\"position\":2,\"name\":\"Winback Beauty\"}]},{\"@type\":\"WebSite\",\"@id\":\"https:\/\/www.winback-beauty.com\/#website\",\"url\":\"https:\/\/www.winback-beauty.com\/\",\"name\":\"Winback Beauty\",\"description\":\"\",\"potentialAction\":[{\"@type\":\"SearchAction\",\"target\":{\"@type\":\"EntryPoint\",\"urlTemplate\":\"https:\/\/www.winback-beauty.com\/?s={search_term_string}\"},\"query-input\":\"required name=search_term_string\"}],\"inLanguage\":\"de\"}]}<\/script>\n<!-- \/ Yoast SEO plugin. -->","yoast_head_json":{"title":"Winback Beauty | Tecar-Therapie in der Sch\u00f6nheitswelt","description":"Winback Beauty ist das Tecar-Therapieprogramm f\u00fcr die Sch\u00f6nheitswelt. Viele Sch\u00f6nheitsbehandlungen wurden dank der Tecar-Therapie entwickelt.","robots":{"index":"index","follow":"follow","max-snippet":"max-snippet:-1","max-image-preview":"max-image-preview:large","max-video-preview":"max-video-preview:-1"},"canonical":"https:\/\/www.winback-beauty.com\/de\/","og_locale":"de_DE","og_type":"article","og_title":"Winback Beauty | Tecar-Therapie in der Sch\u00f6nheitswelt","og_description":"Winback Beauty ist das Tecar-Therapieprogramm f\u00fcr die Sch\u00f6nheitswelt. Viele Sch\u00f6nheitsbehandlungen wurden dank der Tecar-Therapie entwickelt.","og_url":"https:\/\/www.winback-beauty.com\/de\/","og_site_name":"Winback Beauty","article_modified_time":"2018-11-28T15:08:31+00:00","og_image":[{"url":"http:\/\/www.winback-beauty.com\/wp-content\/uploads\/2016\/03\/expert_WINBAK-Beauty_header.jpg"}],"twitter_card":"summary_large_image","twitter_misc":{"Gesch\u00e4tzte Lesezeit":"8\u00a0Minuten"},"schema":{"@context":"https:\/\/schema.org","@graph":[{"@type":"WebPage","@id":"https:\/\/www.winback-beauty.com\/de\/","url":"https:\/\/www.winback-beauty.com\/de\/","name":"Winback Beauty | Tecar-Therapie in der Sch\u00f6nheitswelt","isPartOf":{"@id":"https:\/\/www.winback-beauty.com\/#website"},"datePublished":"2017-04-05T17:06:03+00:00","dateModified":"2018-11-28T15:08:31+00:00","description":"Winback Beauty ist das Tecar-Therapieprogramm f\u00fcr die Sch\u00f6nheitswelt. Viele Sch\u00f6nheitsbehandlungen wurden dank der Tecar-Therapie entwickelt.","breadcrumb":{"@id":"https:\/\/www.winback-beauty.com\/de\/#breadcrumb"},"inLanguage":"de","potentialAction":[{"@type":"ReadAction","target":["https:\/\/www.winback-beauty.com\/de\/"]}]},{"@type":"BreadcrumbList","@id":"https:\/\/www.winback-beauty.com\/de\/#breadcrumb","itemListElement":[{"@type":"ListItem","position":1,"name":"Home","item":"https:\/\/www.winback-beauty.com\/de\/"},{"@type":"ListItem","position":2,"name":"Winback Beauty"}]},{"@type":"WebSite","@id":"https:\/\/www.winback-beauty.com\/#website","url":"https:\/\/www.winback-beauty.com\/","name":"Winback Beauty","description":"","potentialAction":[{"@type":"SearchAction","target":{"@type":"EntryPoint","urlTemplate":"https:\/\/www.winback-beauty.com\/?s={search_term_string}"},"query-input":"required name=search_term_string"}],"inLanguage":"de"}]}},"_links":{"self":[{"href":"https:\/\/www.winback-beauty.com\/de\/wp-json\/wp\/v2\/pages\/19993"}],"collection":[{"href":"https:\/\/www.winback-beauty.com\/de\/wp-json\/wp\/v2\/pages"}],"about":[{"href":"https:\/\/www.winback-beauty.com\/de\/wp-json\/wp\/v2\/types\/page"}],"author":[{"embeddable":true,"href":"https:\/\/www.winback-beauty.com\/de\/wp-json\/wp\/v2\/users\/9"}],"replies":[{"embeddable":true,"href":"https:\/\/www.winback-beauty.com\/de\/wp-json\/wp\/v2\/comments?post=19993"}],"version-history":[{"count":0,"href":"https:\/\/www.winback-beauty.com\/de\/wp-json\/wp\/v2\/pages\/19993\/revisions"}],"wp:attachment":[{"href":"https:\/\/www.winback-beauty.com\/de\/wp-json\/wp\/v2\/media?parent=19993"}],"curies":[{"name":"wp","href":"https:\/\/api.w.org\/{rel}","templated":true}]}}