{"id":20043,"date":"2017-04-05T17:23:47","date_gmt":"2017-04-05T17:23:47","guid":{"rendered":"http:\/\/www.winback-beauty.com\/?page_id=20043\/"},"modified":"2018-06-15T14:35:09","modified_gmt":"2018-06-15T14:35:09","slug":"winback-schoenheitsexperten","status":"publish","type":"page","link":"https:\/\/www.winback-beauty.com\/de\/winback-schoenheitsexperten\/","title":{"rendered":"WINBACK-SCH\u00d6NHEITSEXPERTEN"},"content":{"rendered":"<p><div class=\"fusion-fullwidth fullwidth-box fusion-builder-row-1 hundred-percent-fullwidth non-hundred-percent-height-scrolling\" style=\"background-color: #ffffff;background-position: left top;background-repeat: no-repeat;padding-top:0px;padding-right:0px;padding-bottom:0px;padding-left:0px;margin-bottom: 0px;margin-top: 0px;border-width: 0px 0px 0px 0px;border-color:#eae9e9;border-style:solid;\" ><div class=\"fusion-builder-row fusion-row\"><div class=\"fusion-layout-column fusion_builder_column fusion-builder-column-0 fusion_builder_column_1_1 1_1 fusion-one-full fusion-column-first fusion-column-last fusion-column-no-min-height\" style=\"margin-top:0px;margin-bottom:0px;\"><div class=\"fusion-column-wrapper fusion-flex-column-wrapper-legacy\" style=\"background-position:left top;background-repeat:no-repeat;-webkit-background-size:cover;-moz-background-size:cover;-o-background-size:cover;background-size:cover;padding: 0px 0px 0px 0px;\"><div class=\"imageframe-align-center\"><span class=\" fusion-imageframe imageframe-none imageframe-1 hover-type-none\"><img decoding=\"async\" src=\"http:\/\/www.winback-beauty.com\/wp-content\/uploads\/2016\/03\/expert2_WINBAK-Beauty_header.jpg\" class=\"img-responsive\"\/><\/span><\/div><div class=\"fusion-clearfix\"><\/div><\/div><\/div><\/div><\/div><div class=\"fusion-fullwidth fullwidth-box fusion-builder-row-2 nonhundred-percent-fullwidth non-hundred-percent-height-scrolling fusion-equal-height-columns\" style=\"background-color: #ffffff;background-position: center top;background-repeat: no-repeat;padding-top:20px;padding-right:0px;padding-bottom:20px;padding-left:0px;margin-bottom: 0px;margin-top: 0px;border-width: 0px 0px 0px 0px;border-color:#eae9e9;border-style:solid;\" ><div class=\"fusion-builder-row fusion-row\"><div class=\"fusion-layout-column fusion_builder_column fusion-builder-column-1 fusion_builder_column_1_1 1_1 fusion-one-full fusion-column-first fusion-column-last\" style=\"margin-top:15px;margin-bottom:15px;\"><div class=\"fusion-column-wrapper fusion-flex-column-wrapper-legacy\" style=\"background-position:left top;background-repeat:no-repeat;-webkit-background-size:cover;-moz-background-size:cover;-o-background-size:cover;background-size:cover;padding: 0px 0px 0px 0px;\"><div class=\"fusion-column-content-centered\"><div class=\"fusion-column-content\"><div class=\"fusion-text fusion-text-1\"><h1 style=\"text-align: center;\">DAS ANGEBOT IHRES WINBACK-<span style=\"color: #95c11f;\">SCH\u00d6NHEITSEXPERTEN<\/span><\/h1>\n<\/div><div class=\"fusion-text fusion-text-2\"><p style=\"text-align: center;\">Winback Beauty bietet anspruchsvollen Kunden im Hinblick auf Ergebnisse und Pflegekomfort einen Premium-Service. Das WINBACK BEAUTY Programm st\u00fctzt sich auf fortschrittliche Technologien in Verbindung mit dem Know-how einer in unserer WINBACK-BEAUTY- Academy ausgebildeten und zertifizierten Fachkraft.<\/p>\n<\/div><div class=\"fusion-sep-clear\"><\/div><div class=\"fusion-separator fusion-full-width-sep\" style=\"margin-left: auto;margin-right: auto;margin-bottom:30px;width:100%;\"><\/div><div class=\"fusion-sep-clear\"><\/div><\/div><\/div><div class=\"fusion-clearfix\"><\/div><\/div><\/div><div class=\"fusion-layout-column fusion_builder_column fusion-builder-column-2 fusion_builder_column_1_4 1_4 fusion-one-fourth fusion-column-first\" style=\"width:22%; margin-right: 4%;margin-top:15px;margin-bottom:15px;\"><div class=\"fusion-column-wrapper fusion-flex-column-wrapper-legacy\" style=\"background-position:left top;background-repeat:no-repeat;-webkit-background-size:cover;-moz-background-size:cover;-o-background-size:cover;background-size:cover;padding: 0px 0px 0px 0px;\"><div class=\"fusion-text fusion-text-3\"><p style=\"text-align: center;\"><strong><span style=\"color: #95c11f; font-size: 28px;\">EFFIZIENT<\/span><\/strong><\/p>\n<p style=\"text-align: center;\">Im Bereich des Sports, der Physiotherapie und der Urologie hat Winback seine Wirksamkeit in Begleitung von Fachleuten bei komplexen Erkrankungen umfassend bewiesen.<\/p>\n<\/div><div class=\"fusion-clearfix\"><\/div><\/div><\/div><div class=\"fusion-layout-column fusion_builder_column fusion-builder-column-3 fusion_builder_column_1_4 1_4 fusion-one-fourth\" style=\"width:22%; margin-right: 4%;margin-top:15px;margin-bottom:15px;\"><div class=\"fusion-column-wrapper fusion-flex-column-wrapper-legacy\" style=\"background-position:left top;background-repeat:no-repeat;-webkit-background-size:cover;-moz-background-size:cover;-o-background-size:cover;background-size:cover;padding: 0px 0px 0px 0px;\"><div class=\"fusion-text fusion-text-4\"><p style=\"text-align: center;\"><strong><span style=\"color: #95c11f; font-size: 28px;\">SCHNELL<\/span><\/strong><\/p>\n<p style=\"text-align: center;\">Die Ergebnisse sind ab der ersten Behandlung sichtbar und werden innerhalb von 3 bis 5 Behandlungen stabilisiert.<\/p>\n<\/div><div class=\"fusion-clearfix\"><\/div><\/div><\/div><div class=\"fusion-layout-column fusion_builder_column fusion-builder-column-4 fusion_builder_column_1_4 1_4 fusion-one-fourth\" style=\"width:22%; margin-right: 4%;margin-top:15px;margin-bottom:15px;\"><div class=\"fusion-column-wrapper fusion-flex-column-wrapper-legacy\" style=\"background-position:left top;background-repeat:no-repeat;-webkit-background-size:cover;-moz-background-size:cover;-o-background-size:cover;background-size:cover;padding: 0px 0px 0px 0px;\"><div class=\"fusion-text fusion-text-5\"><p style=\"text-align: center;\"><span style=\"color: #95c11f; font-size: 28px;\"><strong>DAUERHAFT<\/strong><\/span><\/p>\n<p style=\"text-align: center;\">Der gew\u00fcnschte Effekt ist bei einer Behandlung pro Monat dauerhaft.<\/p>\n<\/div><div class=\"fusion-clearfix\"><\/div><\/div><\/div><div class=\"fusion-layout-column fusion_builder_column fusion-builder-column-5 fusion_builder_column_1_4 1_4 fusion-one-fourth fusion-column-last\" style=\"width:22%;margin-top:15px;margin-bottom:15px;\"><div class=\"fusion-column-wrapper fusion-flex-column-wrapper-legacy\" style=\"background-position:left top;background-repeat:no-repeat;-webkit-background-size:cover;-moz-background-size:cover;-o-background-size:cover;background-size:cover;padding: 0px 0px 0px 0px;\"><div class=\"fusion-text fusion-text-6\"><p style=\"text-align: center;\"><span style=\"color: #95c11f; font-size: 28px;\"><strong>KOMFORTABEL<\/strong><\/span><\/p>\n<p style=\"text-align: center;\">Die Behandlung ist schmerzfrei und vollkommen nicht-invasiv.<\/p>\n<\/div><div class=\"fusion-clearfix\"><\/div><\/div><\/div><\/div><\/div><div class=\"fusion-fullwidth fullwidth-box fusion-builder-row-3 fusion-parallax-none nonhundred-percent-fullwidth non-hundred-percent-height-scrolling fusion-equal-height-columns\" style=\"background-color: #ffffff;background-image: url(&quot;http:\/\/www.winback-beauty.com\/wp-content\/uploads\/2016\/03\/WINBACK-Beauty_expert-esthetique.jpg&quot;);background-position: left top;background-repeat: no-repeat;padding-top:50px;padding-right:0px;padding-bottom:50px;padding-left:0px;margin-bottom: 0px;margin-top: 0px;border-width: 0px 0px 0px 0px;border-color:#eae9e9;border-style:solid;-webkit-background-size:cover;-moz-background-size:cover;-o-background-size:cover;background-size:cover;\" ><div class=\"fusion-builder-row fusion-row\"><div class=\"fusion-layout-column fusion_builder_column fusion-builder-column-6 fusion_builder_column_1_2 1_2 fusion-one-half fusion-column-first\" style=\"width:48%; margin-right: 4%;margin-top:15px;margin-bottom:15px;\"><div class=\"fusion-column-wrapper fusion-flex-column-wrapper-legacy\" style=\"background-position:center top;background-repeat:no-repeat;-webkit-background-size:cover;-moz-background-size:cover;-o-background-size:cover;background-size:cover;background-color:rgba(0, 0, 0, 0.4);padding: 7% 7% 7% 7%;\"><div class=\"fusion-column-content-centered\"><div class=\"fusion-column-content\"><div class=\"fusion-text fusion-text-7\"><h2 style=\"text-align: justify;\"><span style=\"color: #ffffff;\"><strong>WINBACK ACADEMY <\/strong><\/span><\/h2>\n<p style=\"text-align: justify;\"><span style=\"color: #ffffff;\">Die WINBACK Beauty Academy ist das Ergebnis einer engen Zusammenarbeit zwischen WINBACK und Sch\u00f6nheitsexperten\u2026 Wir haben also deren manuelle F\u00e4higkeiten, besondere Fachgebiete und Anlagen studiert, um Ergebnisprotokolle zu erstellen.<br \/>Intuitiv und in Verbindung mit Fachkenntnissen verst\u00e4rkt WINBACK manuelle Wirksamkeit mit allen \u00fcblichen manuellen Techniken.<br \/>Kompatibel mit anderen, fr\u00fcher eingesetzten Ger\u00e4ten, gleichzeitig und\/oder nach der Behandlung &#8211; Die WINBACK-Technologie passt zu verschiedenen Anwendungen: Elektrostimulation, Kryo, Presso, Vibration, Knet-Roll-Massage, Gymnastik, K\u00f6rperpackung\u2026<br \/>Das Engagement der WINBACK-Academy besteht darin, ihr Wissen mit Experten auf der ganzen Welt zu teilen. Ausbildungen, Foren und soziale Netzwerke sind ihnen zug\u00e4nglich. Sie k\u00f6nnen sich demnach austauschen, lernen und \u00fcber die ber\u00fchmte WINBACK-Technologie berichten, die eine Spitzenquote von 95 % unter Fachleuten auch in anderen Bereichen wie Rehabilitation, Sport und Urologie erreicht hat.<br \/><\/span><\/p>\n<\/div><\/div><\/div><div class=\"fusion-clearfix\"><\/div><\/div><\/div><div class=\"fusion-layout-column fusion_builder_column fusion-builder-column-7 fusion_builder_column_1_2 1_2 fusion-one-half fusion-column-last\" style=\"width:48%;margin-top:15px;margin-bottom:15px;\"><div class=\"fusion-column-wrapper fusion-flex-column-wrapper-legacy\" style=\"background-position:center top;background-repeat:no-repeat;-webkit-background-size:cover;-moz-background-size:cover;-o-background-size:cover;background-size:cover;padding: 0px 0px 0px 0px;\"><div class=\"fusion-column-content-centered\"><div class=\"fusion-column-content\"><div class=\"imageframe-align-center\"><span class=\" fusion-imageframe imageframe-none imageframe-2 hover-type-none\"><img decoding=\"async\" src=\"http:\/\/www.winback-beauty.com\/wp-content\/uploads\/2016\/03\/formation-winback-academy.png\" class=\"img-responsive\"\/><\/span><\/div><\/div><\/div><div class=\"fusion-clearfix\"><\/div><\/div><\/div><\/div><\/div><\/p>\n","protected":false},"excerpt":{"rendered":"","protected":false},"author":9,"featured_media":0,"parent":0,"menu_order":0,"comment_status":"closed","ping_status":"closed","template":"100-width.php","meta":{"footnotes":""},"yoast_head":"<!-- This site is optimized with the Yoast SEO plugin v22.1 - https:\/\/yoast.com\/wordpress\/plugins\/seo\/ -->\n<title>Ihre Haut mit Winback Beauty | Winback und Ihre HautIhr Sch\u00f6nheitsexperte | Tecar Sch\u00f6nheitstherapie<\/title>\n<meta name=\"description\" content=\"Die WINBACK-Technologie regeneriert und revitalisiert alle Hautschichten, indem sie in der Tiefe die nat\u00fcrlichen Resssourcen des K\u00f6rpers stimuliert. Entdecken Sie Tecar Winback!\" \/>\n<meta name=\"robots\" content=\"index, follow, max-snippet:-1, max-image-preview:large, max-video-preview:-1\" \/>\n<link rel=\"canonical\" href=\"https:\/\/www.winback-beauty.com\/de\/winback-schoenheitsexperten\/\" \/>\n<meta property=\"og:locale\" content=\"de_DE\" \/>\n<meta property=\"og:type\" content=\"article\" \/>\n<meta property=\"og:title\" content=\"Ihre Haut mit Winback Beauty | Winback und Ihre HautIhr Sch\u00f6nheitsexperte | Tecar Sch\u00f6nheitstherapie\" \/>\n<meta property=\"og:description\" content=\"Die WINBACK-Technologie regeneriert und revitalisiert alle Hautschichten, indem sie in der Tiefe die nat\u00fcrlichen Resssourcen des K\u00f6rpers stimuliert. Entdecken Sie Tecar Winback!\" \/>\n<meta property=\"og:url\" content=\"https:\/\/www.winback-beauty.com\/de\/winback-schoenheitsexperten\/\" \/>\n<meta property=\"og:site_name\" content=\"Winback Beauty\" \/>\n<meta property=\"article:modified_time\" content=\"2018-06-15T14:35:09+00:00\" \/>\n<meta property=\"og:image\" content=\"http:\/\/www.winback-beauty.com\/wp-content\/uploads\/2016\/03\/expert2_WINBAK-Beauty_header.jpg\" \/>\n<meta name=\"twitter:card\" content=\"summary_large_image\" \/>\n<meta name=\"twitter:label1\" content=\"Gesch\u00e4tzte Lesezeit\" \/>\n\t<meta name=\"twitter:data1\" content=\"6\u00a0Minuten\" \/>\n<script type=\"application\/ld+json\" class=\"yoast-schema-graph\">{\"@context\":\"https:\/\/schema.org\",\"@graph\":[{\"@type\":\"WebPage\",\"@id\":\"https:\/\/www.winback-beauty.com\/de\/winback-schoenheitsexperten\/\",\"url\":\"https:\/\/www.winback-beauty.com\/de\/winback-schoenheitsexperten\/\",\"name\":\"Ihre Haut mit Winback Beauty | Winback und Ihre HautIhr Sch\u00f6nheitsexperte | Tecar Sch\u00f6nheitstherapie\",\"isPartOf\":{\"@id\":\"https:\/\/www.winback-beauty.com\/#website\"},\"datePublished\":\"2017-04-05T17:23:47+00:00\",\"dateModified\":\"2018-06-15T14:35:09+00:00\",\"description\":\"Die WINBACK-Technologie regeneriert und revitalisiert alle Hautschichten, indem sie in der Tiefe die nat\u00fcrlichen Resssourcen des K\u00f6rpers stimuliert. Entdecken Sie Tecar Winback!\",\"breadcrumb\":{\"@id\":\"https:\/\/www.winback-beauty.com\/de\/winback-schoenheitsexperten\/#breadcrumb\"},\"inLanguage\":\"de\",\"potentialAction\":[{\"@type\":\"ReadAction\",\"target\":[\"https:\/\/www.winback-beauty.com\/de\/winback-schoenheitsexperten\/\"]}]},{\"@type\":\"BreadcrumbList\",\"@id\":\"https:\/\/www.winback-beauty.com\/de\/winback-schoenheitsexperten\/#breadcrumb\",\"itemListElement\":[{\"@type\":\"ListItem\",\"position\":1,\"name\":\"Home\",\"item\":\"https:\/\/www.winback-beauty.com\/de\/\"},{\"@type\":\"ListItem\",\"position\":2,\"name\":\"WINBACK-SCH\u00d6NHEITSEXPERTEN\"}]},{\"@type\":\"WebSite\",\"@id\":\"https:\/\/www.winback-beauty.com\/#website\",\"url\":\"https:\/\/www.winback-beauty.com\/\",\"name\":\"Winback Beauty\",\"description\":\"\",\"potentialAction\":[{\"@type\":\"SearchAction\",\"target\":{\"@type\":\"EntryPoint\",\"urlTemplate\":\"https:\/\/www.winback-beauty.com\/?s={search_term_string}\"},\"query-input\":\"required name=search_term_string\"}],\"inLanguage\":\"de\"}]}<\/script>\n<!-- \/ Yoast SEO plugin. -->","yoast_head_json":{"title":"Ihre Haut mit Winback Beauty | Winback und Ihre HautIhr Sch\u00f6nheitsexperte | Tecar Sch\u00f6nheitstherapie","description":"Die WINBACK-Technologie regeneriert und revitalisiert alle Hautschichten, indem sie in der Tiefe die nat\u00fcrlichen Resssourcen des K\u00f6rpers stimuliert. Entdecken Sie Tecar Winback!","robots":{"index":"index","follow":"follow","max-snippet":"max-snippet:-1","max-image-preview":"max-image-preview:large","max-video-preview":"max-video-preview:-1"},"canonical":"https:\/\/www.winback-beauty.com\/de\/winback-schoenheitsexperten\/","og_locale":"de_DE","og_type":"article","og_title":"Ihre Haut mit Winback Beauty | Winback und Ihre HautIhr Sch\u00f6nheitsexperte | Tecar Sch\u00f6nheitstherapie","og_description":"Die WINBACK-Technologie regeneriert und revitalisiert alle Hautschichten, indem sie in der Tiefe die nat\u00fcrlichen Resssourcen des K\u00f6rpers stimuliert. Entdecken Sie Tecar Winback!","og_url":"https:\/\/www.winback-beauty.com\/de\/winback-schoenheitsexperten\/","og_site_name":"Winback Beauty","article_modified_time":"2018-06-15T14:35:09+00:00","og_image":[{"url":"http:\/\/www.winback-beauty.com\/wp-content\/uploads\/2016\/03\/expert2_WINBAK-Beauty_header.jpg"}],"twitter_card":"summary_large_image","twitter_misc":{"Gesch\u00e4tzte Lesezeit":"6\u00a0Minuten"},"schema":{"@context":"https:\/\/schema.org","@graph":[{"@type":"WebPage","@id":"https:\/\/www.winback-beauty.com\/de\/winback-schoenheitsexperten\/","url":"https:\/\/www.winback-beauty.com\/de\/winback-schoenheitsexperten\/","name":"Ihre Haut mit Winback Beauty | Winback und Ihre HautIhr Sch\u00f6nheitsexperte | Tecar Sch\u00f6nheitstherapie","isPartOf":{"@id":"https:\/\/www.winback-beauty.com\/#website"},"datePublished":"2017-04-05T17:23:47+00:00","dateModified":"2018-06-15T14:35:09+00:00","description":"Die WINBACK-Technologie regeneriert und revitalisiert alle Hautschichten, indem sie in der Tiefe die nat\u00fcrlichen Resssourcen des K\u00f6rpers stimuliert. Entdecken Sie Tecar Winback!","breadcrumb":{"@id":"https:\/\/www.winback-beauty.com\/de\/winback-schoenheitsexperten\/#breadcrumb"},"inLanguage":"de","potentialAction":[{"@type":"ReadAction","target":["https:\/\/www.winback-beauty.com\/de\/winback-schoenheitsexperten\/"]}]},{"@type":"BreadcrumbList","@id":"https:\/\/www.winback-beauty.com\/de\/winback-schoenheitsexperten\/#breadcrumb","itemListElement":[{"@type":"ListItem","position":1,"name":"Home","item":"https:\/\/www.winback-beauty.com\/de\/"},{"@type":"ListItem","position":2,"name":"WINBACK-SCH\u00d6NHEITSEXPERTEN"}]},{"@type":"WebSite","@id":"https:\/\/www.winback-beauty.com\/#website","url":"https:\/\/www.winback-beauty.com\/","name":"Winback Beauty","description":"","potentialAction":[{"@type":"SearchAction","target":{"@type":"EntryPoint","urlTemplate":"https:\/\/www.winback-beauty.com\/?s={search_term_string}"},"query-input":"required name=search_term_string"}],"inLanguage":"de"}]}},"_links":{"self":[{"href":"https:\/\/www.winback-beauty.com\/de\/wp-json\/wp\/v2\/pages\/20043"}],"collection":[{"href":"https:\/\/www.winback-beauty.com\/de\/wp-json\/wp\/v2\/pages"}],"about":[{"href":"https:\/\/www.winback-beauty.com\/de\/wp-json\/wp\/v2\/types\/page"}],"author":[{"embeddable":true,"href":"https:\/\/www.winback-beauty.com\/de\/wp-json\/wp\/v2\/users\/9"}],"replies":[{"embeddable":true,"href":"https:\/\/www.winback-beauty.com\/de\/wp-json\/wp\/v2\/comments?post=20043"}],"version-history":[{"count":0,"href":"https:\/\/www.winback-beauty.com\/de\/wp-json\/wp\/v2\/pages\/20043\/revisions"}],"wp:attachment":[{"href":"https:\/\/www.winback-beauty.com\/de\/wp-json\/wp\/v2\/media?parent=20043"}],"curies":[{"name":"wp","href":"https:\/\/api.w.org\/{rel}","templated":true}]}}