{"id":20055,"date":"2017-04-05T17:35:47","date_gmt":"2017-04-05T17:35:47","guid":{"rendered":"http:\/\/www.winback-beauty.com\/?page_id=20055\/"},"modified":"2018-09-27T15:46:56","modified_gmt":"2018-09-27T15:46:56","slug":"idealfigur","status":"publish","type":"page","link":"https:\/\/www.winback-beauty.com\/de\/idealfigur\/","title":{"rendered":"IDEALFIGUR"},"content":{"rendered":"<p><div class=\"fusion-fullwidth fullwidth-box fusion-builder-row-1 hundred-percent-fullwidth non-hundred-percent-height-scrolling\" style=\"background-color: #ffffff;background-position: left top;background-repeat: no-repeat;padding-top:0px;padding-right:0px;padding-bottom:0px;padding-left:0px;margin-bottom: 0px;margin-top: 0px;border-width: 0px 0px 0px 0px;border-color:#eae9e9;border-style:solid;\" ><div class=\"fusion-builder-row fusion-row\"><div class=\"fusion-layout-column fusion_builder_column fusion-builder-column-0 fusion_builder_column_1_1 1_1 fusion-one-full fusion-column-first fusion-column-last fusion-column-no-min-height\" style=\"margin-top:0px;margin-bottom:0px;\"><div class=\"fusion-column-wrapper fusion-flex-column-wrapper-legacy\" style=\"background-position:left top;background-repeat:no-repeat;-webkit-background-size:cover;-moz-background-size:cover;-o-background-size:cover;background-size:cover;padding: 0px 0px 0px 0px;\"><div class=\"imageframe-align-center\"><span class=\" fusion-imageframe imageframe-none imageframe-1 hover-type-none\"><img decoding=\"async\" src=\"http:\/\/www.winback-beauty.com\/wp-content\/uploads\/2016\/03\/silouhette-2_WINBAK-Beauty_header.jpg\" class=\"img-responsive\"\/><\/span><\/div><div class=\"fusion-clearfix\"><\/div><\/div><\/div><\/div><\/div><div class=\"fusion-fullwidth fullwidth-box fusion-builder-row-2 nonhundred-percent-fullwidth non-hundred-percent-height-scrolling fusion-equal-height-columns\" style=\"background-color: #ffffff;background-position: center top;background-repeat: no-repeat;padding-top:50px;padding-right:0px;padding-bottom:0px;padding-left:0px;margin-bottom: 0px;margin-top: 0px;border-width: 0px 0px 0px 0px;border-color:#eae9e9;border-style:solid;\" ><div class=\"fusion-builder-row fusion-row\"><div class=\"fusion-layout-column fusion_builder_column fusion-builder-column-1 fusion_builder_column_1_1 1_1 fusion-one-full fusion-column-first fusion-column-last fusion-column-no-min-height\" style=\"margin-top:0px;margin-bottom:0px;\"><div class=\"fusion-column-wrapper fusion-flex-column-wrapper-legacy\" style=\"background-position:left top;background-repeat:no-repeat;-webkit-background-size:cover;-moz-background-size:cover;-o-background-size:cover;background-size:cover;padding: 0px 0px 0px 0px;\"><div class=\"fusion-text fusion-text-1\"><h1 style=\"text-align: center;\">MIT WINBACK <span style=\"color: #95c11f;\">BEAUTY<\/span> ZU IHRER <span style=\"color: #95c11f;\">IDEALFIGUR<\/span><\/h1>\n<\/div><div class=\"fusion-sep-clear\"><\/div><div class=\"fusion-separator fusion-full-width-sep\" style=\"margin-left: auto;margin-right: auto;margin-bottom:40px;width:100%;\"><\/div><div class=\"fusion-sep-clear\"><\/div><div class=\"fusion-clearfix\"><\/div><\/div><\/div><\/div><\/div><div class=\"fusion-fullwidth fullwidth-box fusion-builder-row-3 nonhundred-percent-fullwidth non-hundred-percent-height-scrolling\" style=\"background-color: #eaeaea;background-position: center top;background-repeat: no-repeat;padding-top:0px;padding-right:0px;padding-bottom:20px;padding-left:0px;margin-bottom: 0px;margin-top: 0px;border-width: 0px 0px 0px 0px;border-color:#eae9e9;border-style:solid;\" ><div class=\"fusion-builder-row fusion-row\"><div class=\"fusion-layout-column fusion_builder_column fusion-builder-column-2 fusion_builder_column_1_3 1_3 fusion-one-third fusion-column-first\" style=\"width:30.6666%; margin-right: 4%;margin-top:15px;margin-bottom:15px;\"><div class=\"fusion-column-wrapper fusion-flex-column-wrapper-legacy\" style=\"background-position:left top;background-repeat:no-repeat;-webkit-background-size:cover;-moz-background-size:cover;-o-background-size:cover;background-size:cover;padding: 0px 0px 0px 0px;\"><div class=\"fusion-text fusion-text-2\"><p style=\"text-transform: uppercase; font-size: 24px; text-align: center;\"><strong><span style=\"color: #95c11f;\">DIE SCHLANKHEITS-PFLEGE<\/span><\/strong><\/p>\n<p style=\"text-align: justify;\"><strong>Reduzierung aller Arten von Cellulitis, Fettpolstern und Wassereinlagerungen.<\/strong> WINBACK wirkt direkt reduzierend auf Unvollkommenheiten in Problemzonen (Bauch, H\u00fcfte, Oberschenkel), indem es diathermisch und kreislauff\u00f6rdernd wirkt. Die Volumenreduzierung schr\u00e4nkt den Druck auf die Unterhaut ein und vermindert so den Orangenhaut-Effekt. WINBACK ist also eine ideale L\u00f6sung im Hinblick auf das Schlankwerden und die Entfernung von grundlegenden \u00e4sthetischen Problemen. Die Behandlung ist sehr angenehm, nicht-invasiv und bringt Ergebnisse schon nach dem ersten Mal.<\/p>\n<\/div><div class=\"fusion-clearfix\"><\/div><\/div><\/div><div class=\"fusion-layout-column fusion_builder_column fusion-builder-column-3 fusion_builder_column_1_3 1_3 fusion-one-third\" style=\"width:30.6666%; margin-right: 4%;margin-top:15px;margin-bottom:15px;\"><div class=\"fusion-column-wrapper fusion-flex-column-wrapper-legacy\" style=\"background-position:left top;background-repeat:no-repeat;-webkit-background-size:cover;-moz-background-size:cover;-o-background-size:cover;background-size:cover;padding: 0px 0px 0px 0px;\"><div class=\"fusion-text fusion-text-3\"><p style=\"text-transform: uppercase; font-size: 24px; text-align: center;\"><span style=\"color: #95c11f;\"><strong>FIBR\u00d6SE CELLULITIS<\/strong><\/span><\/p>\n<p style=\"text-align: justify;\"><strong>Stimulierung durch Reflexzonenmassage, um tiefliegende Bereiche zu aktivieren und Bereiche des lymphatischen Systems zu entlasten.<\/strong> Beruhigende Ma\u00dfnahmen lockern ber\u00fchrungsempfindliche Zonen, um dann Verklebungen durch lokale Hyperthermie zu l\u00f6sen. Sanfte Massagetechnik und Knetungen beschleunigen die Durchblutung und aktivieren den Abtransport. Die Haut wirkt revitalisiert, \u00e4sthetische Probleme wie Orangenhaut oder Dehnungsstreifen sichtbar gegl\u00e4ttet.<\/p>\n<\/div><div class=\"fusion-clearfix\"><\/div><\/div><\/div><div class=\"fusion-layout-column fusion_builder_column fusion-builder-column-4 fusion_builder_column_1_3 1_3 fusion-one-third fusion-column-last\" style=\"width:30.6666%;margin-top:15px;margin-bottom:15px;\"><div class=\"fusion-column-wrapper fusion-flex-column-wrapper-legacy\" style=\"background-position:left top;background-repeat:no-repeat;-webkit-background-size:cover;-moz-background-size:cover;-o-background-size:cover;background-size:cover;padding: 0px 0px 0px 0px;\"><div class=\"fusion-text fusion-text-4\"><p style=\"text-align: center; text-transform: uppercase; font-size: 24px;\"><span style=\"color: #95c11f;\"><strong>LOKALE FETTANSAMMLUNGEN<\/strong><\/span><\/p>\n<p style=\"text-align: justify;\"><strong>Stimulierung der Reflexe und des Lymphsystems.<\/strong> Verschiedene Massagetechniken helfen den Kreislauf maximal anzukurbeln, um eine konzentrierte, energetische Wirkung zu erzielen, die den Fettabbau unterst\u00fctzt. Aus Erfahrung wissen wir, dass die spanische Naturkosmetiklinie Massada diese Prozesse optimal erg\u00e4nzt und Ergebnisse \u00fcber die Behandlung hinaus sp\u00fcrbar und sichtbar bleiben.<\/p>\n<\/div><div class=\"fusion-clearfix\"><\/div><\/div><\/div><\/div><\/div><div class=\"fusion-fullwidth fullwidth-box fusion-builder-row-4 nonhundred-percent-fullwidth non-hundred-percent-height-scrolling\" style=\"background-color: #eaeaea;background-position: center top;background-repeat: no-repeat;padding-top:0px;padding-right:0px;padding-bottom:20px;padding-left:0px;margin-bottom: 0px;margin-top: 0px;border-width: 0px 0px 0px 0px;border-color:#eae9e9;border-style:solid;\" ><div class=\"fusion-builder-row fusion-row\"><div class=\"fusion-layout-column fusion_builder_column fusion-builder-column-5 fusion_builder_column_1_3 1_3 fusion-one-third fusion-column-first\" style=\"width:30.6666%; margin-right: 4%;margin-top:15px;margin-bottom:15px;\"><div class=\"fusion-column-wrapper fusion-flex-column-wrapper-legacy\" style=\"background-position:left top;background-repeat:no-repeat;-webkit-background-size:cover;-moz-background-size:cover;-o-background-size:cover;background-size:cover;padding: 0px 0px 0px 0px;\"><div class=\"imageframe-align-center\"><span class=\" fusion-imageframe imageframe-none imageframe-2 hover-type-zoomin\" style=\"border:2px solid #f4f4f4;\"><img decoding=\"async\" src=\"http:\/\/www.winback-beauty.com\/wp-content\/uploads\/2016\/03\/03_silouhette_WINBACK-Beauty.jpg\" class=\"img-responsive\"\/><\/span><\/div><div class=\"fusion-clearfix\"><\/div><\/div><\/div><div class=\"fusion-layout-column fusion_builder_column fusion-builder-column-6 fusion_builder_column_1_3 1_3 fusion-one-third\" style=\"width:30.6666%; margin-right: 4%;margin-top:15px;margin-bottom:15px;\"><div class=\"fusion-column-wrapper fusion-flex-column-wrapper-legacy\" style=\"background-position:left top;background-repeat:no-repeat;-webkit-background-size:cover;-moz-background-size:cover;-o-background-size:cover;background-size:cover;padding: 0px 0px 0px 0px;\"><div class=\"imageframe-align-center\"><span class=\" fusion-imageframe imageframe-none imageframe-3 hover-type-zoomin\" style=\"border:2px solid #f4f4f4;\"><img decoding=\"async\" src=\"http:\/\/www.winback-beauty.com\/wp-content\/uploads\/2016\/03\/01-1_silouhette_WINBACK-Beauty.jpg\" class=\"img-responsive\"\/><\/span><\/div><div class=\"fusion-clearfix\"><\/div><\/div><\/div><div class=\"fusion-layout-column fusion_builder_column fusion-builder-column-7 fusion_builder_column_1_3 1_3 fusion-one-third fusion-column-last\" style=\"width:30.6666%;margin-top:15px;margin-bottom:15px;\"><div class=\"fusion-column-wrapper fusion-flex-column-wrapper-legacy\" style=\"background-position:left top;background-repeat:no-repeat;-webkit-background-size:cover;-moz-background-size:cover;-o-background-size:cover;background-size:cover;padding: 0px 0px 0px 0px;\"><div class=\"imageframe-align-center\"><span class=\" fusion-imageframe imageframe-none imageframe-4 hover-type-zoomin\" style=\"border:2px solid #f4f4f4;\"><img decoding=\"async\" src=\"http:\/\/www.winback-beauty.com\/wp-content\/uploads\/2016\/03\/02_silouhette_WINBACK-Beauty.jpg\" class=\"img-responsive\"\/><\/span><\/div><div class=\"fusion-clearfix\"><\/div><\/div><\/div><\/div><\/div><\/p>\n","protected":false},"excerpt":{"rendered":"","protected":false},"author":9,"featured_media":0,"parent":0,"menu_order":0,"comment_status":"closed","ping_status":"closed","template":"100-width.php","meta":{"footnotes":""},"yoast_head":"<!-- This site is optimized with the Yoast SEO plugin v22.1 - https:\/\/yoast.com\/wordpress\/plugins\/seo\/ -->\n<title>Ihre Figur mit Winback Sch\u00f6nheit | Winback &amp; Ihre Figur<\/title>\n<meta name=\"description\" content=\"Winback Beauty hilft Ihnen, Ihre Traumfigur wiederzufinden. Reduzierung aller Arten von Cellulitis, Fettpolstern und Wassereinlagerungen\u2026 Entdecken Sie es jetzt!\" \/>\n<meta name=\"robots\" content=\"index, follow, max-snippet:-1, max-image-preview:large, max-video-preview:-1\" \/>\n<link rel=\"canonical\" href=\"https:\/\/www.winback-beauty.com\/de\/idealfigur\/\" \/>\n<meta property=\"og:locale\" content=\"de_DE\" \/>\n<meta property=\"og:type\" content=\"article\" \/>\n<meta property=\"og:title\" content=\"Ihre Figur mit Winback Sch\u00f6nheit | Winback &amp; Ihre Figur\" \/>\n<meta property=\"og:description\" content=\"Winback Beauty hilft Ihnen, Ihre Traumfigur wiederzufinden. Reduzierung aller Arten von Cellulitis, Fettpolstern und Wassereinlagerungen\u2026 Entdecken Sie es jetzt!\" \/>\n<meta property=\"og:url\" content=\"https:\/\/www.winback-beauty.com\/de\/idealfigur\/\" \/>\n<meta property=\"og:site_name\" content=\"Winback Beauty\" \/>\n<meta property=\"article:modified_time\" content=\"2018-09-27T15:46:56+00:00\" \/>\n<meta property=\"og:image\" content=\"http:\/\/www.winback-beauty.com\/wp-content\/uploads\/2016\/03\/silouhette-2_WINBAK-Beauty_header.jpg\" \/>\n<meta name=\"twitter:card\" content=\"summary_large_image\" \/>\n<meta name=\"twitter:label1\" content=\"Gesch\u00e4tzte Lesezeit\" \/>\n\t<meta name=\"twitter:data1\" content=\"6\u00a0Minuten\" \/>\n<script type=\"application\/ld+json\" class=\"yoast-schema-graph\">{\"@context\":\"https:\/\/schema.org\",\"@graph\":[{\"@type\":\"WebPage\",\"@id\":\"https:\/\/www.winback-beauty.com\/de\/idealfigur\/\",\"url\":\"https:\/\/www.winback-beauty.com\/de\/idealfigur\/\",\"name\":\"Ihre Figur mit Winback Sch\u00f6nheit | Winback & Ihre Figur\",\"isPartOf\":{\"@id\":\"https:\/\/www.winback-beauty.com\/#website\"},\"datePublished\":\"2017-04-05T17:35:47+00:00\",\"dateModified\":\"2018-09-27T15:46:56+00:00\",\"description\":\"Winback Beauty hilft Ihnen, Ihre Traumfigur wiederzufinden. Reduzierung aller Arten von Cellulitis, Fettpolstern und Wassereinlagerungen\u2026 Entdecken Sie es jetzt!\",\"breadcrumb\":{\"@id\":\"https:\/\/www.winback-beauty.com\/de\/idealfigur\/#breadcrumb\"},\"inLanguage\":\"de\",\"potentialAction\":[{\"@type\":\"ReadAction\",\"target\":[\"https:\/\/www.winback-beauty.com\/de\/idealfigur\/\"]}]},{\"@type\":\"BreadcrumbList\",\"@id\":\"https:\/\/www.winback-beauty.com\/de\/idealfigur\/#breadcrumb\",\"itemListElement\":[{\"@type\":\"ListItem\",\"position\":1,\"name\":\"Home\",\"item\":\"https:\/\/www.winback-beauty.com\/de\/\"},{\"@type\":\"ListItem\",\"position\":2,\"name\":\"IDEALFIGUR\"}]},{\"@type\":\"WebSite\",\"@id\":\"https:\/\/www.winback-beauty.com\/#website\",\"url\":\"https:\/\/www.winback-beauty.com\/\",\"name\":\"Winback Beauty\",\"description\":\"\",\"potentialAction\":[{\"@type\":\"SearchAction\",\"target\":{\"@type\":\"EntryPoint\",\"urlTemplate\":\"https:\/\/www.winback-beauty.com\/?s={search_term_string}\"},\"query-input\":\"required name=search_term_string\"}],\"inLanguage\":\"de\"}]}<\/script>\n<!-- \/ Yoast SEO plugin. -->","yoast_head_json":{"title":"Ihre Figur mit Winback Sch\u00f6nheit | Winback & Ihre Figur","description":"Winback Beauty hilft Ihnen, Ihre Traumfigur wiederzufinden. Reduzierung aller Arten von Cellulitis, Fettpolstern und Wassereinlagerungen\u2026 Entdecken Sie es jetzt!","robots":{"index":"index","follow":"follow","max-snippet":"max-snippet:-1","max-image-preview":"max-image-preview:large","max-video-preview":"max-video-preview:-1"},"canonical":"https:\/\/www.winback-beauty.com\/de\/idealfigur\/","og_locale":"de_DE","og_type":"article","og_title":"Ihre Figur mit Winback Sch\u00f6nheit | Winback & Ihre Figur","og_description":"Winback Beauty hilft Ihnen, Ihre Traumfigur wiederzufinden. Reduzierung aller Arten von Cellulitis, Fettpolstern und Wassereinlagerungen\u2026 Entdecken Sie es jetzt!","og_url":"https:\/\/www.winback-beauty.com\/de\/idealfigur\/","og_site_name":"Winback Beauty","article_modified_time":"2018-09-27T15:46:56+00:00","og_image":[{"url":"http:\/\/www.winback-beauty.com\/wp-content\/uploads\/2016\/03\/silouhette-2_WINBAK-Beauty_header.jpg"}],"twitter_card":"summary_large_image","twitter_misc":{"Gesch\u00e4tzte Lesezeit":"6\u00a0Minuten"},"schema":{"@context":"https:\/\/schema.org","@graph":[{"@type":"WebPage","@id":"https:\/\/www.winback-beauty.com\/de\/idealfigur\/","url":"https:\/\/www.winback-beauty.com\/de\/idealfigur\/","name":"Ihre Figur mit Winback Sch\u00f6nheit | Winback & Ihre Figur","isPartOf":{"@id":"https:\/\/www.winback-beauty.com\/#website"},"datePublished":"2017-04-05T17:35:47+00:00","dateModified":"2018-09-27T15:46:56+00:00","description":"Winback Beauty hilft Ihnen, Ihre Traumfigur wiederzufinden. Reduzierung aller Arten von Cellulitis, Fettpolstern und Wassereinlagerungen\u2026 Entdecken Sie es jetzt!","breadcrumb":{"@id":"https:\/\/www.winback-beauty.com\/de\/idealfigur\/#breadcrumb"},"inLanguage":"de","potentialAction":[{"@type":"ReadAction","target":["https:\/\/www.winback-beauty.com\/de\/idealfigur\/"]}]},{"@type":"BreadcrumbList","@id":"https:\/\/www.winback-beauty.com\/de\/idealfigur\/#breadcrumb","itemListElement":[{"@type":"ListItem","position":1,"name":"Home","item":"https:\/\/www.winback-beauty.com\/de\/"},{"@type":"ListItem","position":2,"name":"IDEALFIGUR"}]},{"@type":"WebSite","@id":"https:\/\/www.winback-beauty.com\/#website","url":"https:\/\/www.winback-beauty.com\/","name":"Winback Beauty","description":"","potentialAction":[{"@type":"SearchAction","target":{"@type":"EntryPoint","urlTemplate":"https:\/\/www.winback-beauty.com\/?s={search_term_string}"},"query-input":"required name=search_term_string"}],"inLanguage":"de"}]}},"_links":{"self":[{"href":"https:\/\/www.winback-beauty.com\/de\/wp-json\/wp\/v2\/pages\/20055"}],"collection":[{"href":"https:\/\/www.winback-beauty.com\/de\/wp-json\/wp\/v2\/pages"}],"about":[{"href":"https:\/\/www.winback-beauty.com\/de\/wp-json\/wp\/v2\/types\/page"}],"author":[{"embeddable":true,"href":"https:\/\/www.winback-beauty.com\/de\/wp-json\/wp\/v2\/users\/9"}],"replies":[{"embeddable":true,"href":"https:\/\/www.winback-beauty.com\/de\/wp-json\/wp\/v2\/comments?post=20055"}],"version-history":[{"count":0,"href":"https:\/\/www.winback-beauty.com\/de\/wp-json\/wp\/v2\/pages\/20055\/revisions"}],"wp:attachment":[{"href":"https:\/\/www.winback-beauty.com\/de\/wp-json\/wp\/v2\/media?parent=20055"}],"curies":[{"name":"wp","href":"https:\/\/api.w.org\/{rel}","templated":true}]}}