{"id":19754,"date":"2016-04-26T11:43:35","date_gmt":"2016-04-26T11:43:35","guid":{"rendered":"http:\/\/www.winback-beauty.com\/es\/?page_id=19754"},"modified":"2018-11-28T15:08:56","modified_gmt":"2018-11-28T15:08:56","slug":"winback-beauty","status":"publish","type":"page","link":"https:\/\/www.winback-beauty.com\/es\/","title":{"rendered":"Winback Beauty"},"content":{"rendered":"<p><div class=\"fusion-fullwidth fullwidth-box fusion-builder-row-1 hundred-percent-fullwidth non-hundred-percent-height-scrolling\" style=\"background-color: #ffffff;background-position: left top;background-repeat: no-repeat;padding-top:0px;padding-right:0px;padding-bottom:0px;padding-left:0px;margin-bottom: 0px;margin-top: 0px;border-width: 0px 0px 0px 0px;border-color:#eae9e9;border-style:solid;\" ><div class=\"fusion-builder-row fusion-row\"><div class=\"fusion-layout-column fusion_builder_column fusion-builder-column-0 fusion_builder_column_1_1 1_1 fusion-one-full fusion-column-first fusion-column-last fusion-column-no-min-height\" style=\"margin-top:0px;margin-bottom:0px;\"><div class=\"fusion-column-wrapper fusion-flex-column-wrapper-legacy\" style=\"background-position:left top;background-repeat:no-repeat;-webkit-background-size:cover;-moz-background-size:cover;-o-background-size:cover;background-size:cover;padding: 0px 0px 0px 0px;\"><div class=\"imageframe-align-center\"><span class=\" fusion-imageframe imageframe-none imageframe-1 hover-type-none\"><img decoding=\"async\" src=\"http:\/\/www.winback-beauty.com\/wp-content\/uploads\/2016\/03\/expert_WINBAK-Beauty_header.jpg\" class=\"img-responsive\"\/><\/span><\/div><div class=\"fusion-clearfix\"><\/div><\/div><\/div><\/div><\/div><div class=\"fusion-fullwidth fullwidth-box fusion-builder-row-2 nonhundred-percent-fullwidth non-hundred-percent-height-scrolling\" style=\"background-color: #ffffff;background-position: left top;background-repeat: no-repeat;padding-top:50px;padding-right:0px;padding-bottom:20px;padding-left:0px;margin-bottom: 0px;margin-top: 0px;border-width: 0px 0px 0px 0px;border-color:#eae9e9;border-style:solid;\" ><div class=\"fusion-builder-row fusion-row\"><div class=\"fusion-layout-column fusion_builder_column fusion-builder-column-1 fusion_builder_column_1_1 1_1 fusion-one-full fusion-column-first fusion-column-last fusion-column-no-min-height\" style=\"margin-top:0px;margin-bottom:0px;\"><div class=\"fusion-column-wrapper fusion-flex-column-wrapper-legacy\" style=\"background-position:left top;background-repeat:no-repeat;-webkit-background-size:cover;-moz-background-size:cover;-o-background-size:cover;background-size:cover;padding: 0px 0px 0px 0px;\"><div class=\"fusion-text fusion-text-1\"><h1 style=\"text-align: center;\">WINBACK <span style=\"color: #95c11f;\">BEAUTY<\/span><\/h1>\n<h2 style=\"text-align: center; text-transform: uppercase;\">estimula los recursos naturales del organismo<\/h2>\n<\/div><div class=\"fusion-clearfix\"><\/div><\/div><\/div><div class=\"fusion-layout-column fusion_builder_column fusion-builder-column-2 fusion_builder_column_1_3 1_3 fusion-one-third fusion-column-first\" style=\"width:30.6666%; margin-right: 4%;margin-top:15px;margin-bottom:15px;\"><div class=\"fusion-column-wrapper fusion-flex-column-wrapper-legacy\" style=\"background-position:left top;background-repeat:no-repeat;-webkit-background-size:cover;-moz-background-size:cover;-o-background-size:cover;background-size:cover;padding: 0px 0px 0px 0px;\"><div class=\"fusion-text fusion-text-2\"><p style=\"font-size: 38px; line-height: 40px; text-align: center;\"><strong><span style=\"color: #95c11f;\">SU EXPERTO<\/span><\/strong><\/p>\n<p style=\"text-align: center;\"><strong>Dado que la belleza no es para tom\u00e1rsela a la ligera, sus tratamientos los llevan a cabo profesionales de la belleza formados en la Academia de WINBACK <span style=\"color: #95c11f;\">BEAUTY<\/span>.<\/strong><\/p>\n<\/div><div class=\"fusion-clearfix\"><\/div><\/div><\/div><div class=\"fusion-layout-column fusion_builder_column fusion-builder-column-3 fusion_builder_column_1_3 1_3 fusion-one-third\" style=\"width:30.6666%; margin-right: 4%;margin-top:15px;margin-bottom:15px;\"><div class=\"fusion-column-wrapper fusion-flex-column-wrapper-legacy\" style=\"background-position:left top;background-repeat:no-repeat;-webkit-background-size:cover;-moz-background-size:cover;-o-background-size:cover;background-size:cover;padding: 0px 0px 0px 0px;\"><div class=\"fusion-text fusion-text-3\"><p style=\"font-size: 38px; line-height: 40px; text-align: center;\"><span style=\"color: #95c11f;\"><strong>REMODELACI\u00d3N<\/strong><\/span><\/p>\n<p style=\"text-align: center;\"><strong>Winback proporciona una acci\u00f3n directa que reduce las imperfecciones en las zonas de almacenamiento (vientre, caderas, muslos) y le ayuda a remodelar<span style=\"color: #95c11f;\"> su cuerpo<\/span>.<\/strong><\/p>\n<\/div><div class=\"fusion-clearfix\"><\/div><\/div><\/div><div class=\"fusion-layout-column fusion_builder_column fusion-builder-column-4 fusion_builder_column_1_3 1_3 fusion-one-third fusion-column-last\" style=\"width:30.6666%;margin-top:15px;margin-bottom:15px;\"><div class=\"fusion-column-wrapper fusion-flex-column-wrapper-legacy\" style=\"background-position:left top;background-repeat:no-repeat;-webkit-background-size:cover;-moz-background-size:cover;-o-background-size:cover;background-size:cover;padding: 0px 0px 0px 0px;\"><div class=\"fusion-text fusion-text-4\"><p style=\"font-size: 38px; line-height: 40px; text-align: center;\"><strong><span style=\"color: #95c11f;\">REVITALIZANTE<\/span><\/strong><\/p>\n<p style=\"text-align: center;\"><strong>Winback regenera la dermis actuando hasta en las capas m\u00e1s profundas. <span style=\"color: #95c11f;\">Su piel<\/span> se rellena y recupera la luminosidad natural.<\/strong><\/p>\n<\/div><div class=\"fusion-clearfix\"><\/div><\/div><\/div><div class=\"fusion-layout-column fusion_builder_column fusion-builder-column-5 fusion_builder_column_1_3 1_3 fusion-one-third fusion-column-first\" style=\"width:30.6666%; margin-right: 4%;margin-top:15px;margin-bottom:15px;\"><div class=\"fusion-column-wrapper fusion-flex-column-wrapper-legacy\" style=\"background-image: url(&#039;http:\/\/www.winback-beauty.com\/wp-content\/uploads\/2016\/03\/votre-expert_WINBACK-Beauty.jpg&#039;);background-position:center top;background-repeat:no-repeat;-webkit-background-size:cover;-moz-background-size:cover;-o-background-size:cover;background-size:cover;background-color:#ffffff;border:2px solid #f4f4f4;padding: 80% 50px 50px 50px;\" data-bg-url=\"http:\/\/www.winback-beauty.com\/wp-content\/uploads\/2016\/03\/votre-expert_WINBACK-Beauty.jpg\"><div class=\"fusion-aligncenter\"><style type=\"text\/css\">.fusion-button.button-1 .fusion-button-text, .fusion-button.button-1 i {color:#333333;}.fusion-button.button-1 .fusion-button-icon-divider{border-color:#333333;}.fusion-button.button-1:hover .fusion-button-text, .fusion-button.button-1:hover i,.fusion-button.button-1:focus .fusion-button-text, .fusion-button.button-1:focus i,.fusion-button.button-1:active .fusion-button-text, .fusion-button.button-1:active{color:#333333;}.fusion-button.button-1:hover .fusion-button-icon-divider, .fusion-button.button-1:hover .fusion-button-icon-divider, .fusion-button.button-1:active .fusion-button-icon-divider{border-color:#333333;}.fusion-button.button-1:hover, .fusion-button.button-1:focus, .fusion-button.button-1:active{border-color:#333333;border-width:2px;}.fusion-button.button-1 {border-color:#333333;border-width:2px;border-radius:25px;}.fusion-button.button-1{background: rgba(255, 255, 255, 0.114582);}.fusion-button.button-1:hover,.button-1:focus,.fusion-button.button-1:active{background: rgba(255,255,255,0);}<\/style><a class=\"fusion-button button-flat fusion-button-default-size button-custom button-1 fusion-button-default-span fusion-button-default-type\" target=\"_self\" href=\"http:\/\/www.winback-beauty.com\/es\/su-profesional\/\"><span class=\"fusion-button-text\">SU RED DE PROFESIONALES<\/span><\/a><\/div><div class=\"fusion-clearfix\"><\/div><\/div><\/div><div class=\"fusion-layout-column fusion_builder_column fusion-builder-column-6 fusion_builder_column_1_3 1_3 fusion-one-third\" style=\"width:30.6666%; margin-right: 4%;margin-top:15px;margin-bottom:15px;\"><div class=\"fusion-column-wrapper fusion-flex-column-wrapper-legacy\" style=\"background-image: url(&#039;http:\/\/www.winback-beauty.com\/wp-content\/uploads\/2015\/09\/remodeler_WINBACK-Beauty-1.jpg&#039;);background-position:center top;background-repeat:no-repeat;-webkit-background-size:cover;-moz-background-size:cover;-o-background-size:cover;background-size:cover;background-color:#ffffff;border:2px solid #f4f4f4;padding: 80% 50px 50px 50px;\" data-bg-url=\"http:\/\/www.winback-beauty.com\/wp-content\/uploads\/2015\/09\/remodeler_WINBACK-Beauty-1.jpg\"><div class=\"fusion-aligncenter\"><style type=\"text\/css\">.fusion-button.button-2 .fusion-button-text, .fusion-button.button-2 i {color:#333333;}.fusion-button.button-2 .fusion-button-icon-divider{border-color:#333333;}.fusion-button.button-2:hover .fusion-button-text, .fusion-button.button-2:hover i,.fusion-button.button-2:focus .fusion-button-text, .fusion-button.button-2:focus i,.fusion-button.button-2:active .fusion-button-text, .fusion-button.button-2:active{color:#333333;}.fusion-button.button-2:hover .fusion-button-icon-divider, .fusion-button.button-2:hover .fusion-button-icon-divider, .fusion-button.button-2:active .fusion-button-icon-divider{border-color:#333333;}.fusion-button.button-2:hover, .fusion-button.button-2:focus, .fusion-button.button-2:active{border-color:#333333;border-width:2px;}.fusion-button.button-2 {border-color:#333333;border-width:2px;border-radius:25px;}.fusion-button.button-2{background: rgba(255, 255, 255, 0.114582);}.fusion-button.button-2:hover,.button-2:focus,.fusion-button.button-2:active{background: rgba(255,255,255,0);}<\/style><a class=\"fusion-button button-flat fusion-button-default-size button-custom button-2 fusion-button-default-span fusion-button-default-type\" target=\"_self\" href=\"http:\/\/www.winback-beauty.com\/es\/figure\/\"><span class=\"fusion-button-text\">SU FIGURA<\/span><\/a><\/div><div class=\"fusion-clearfix\"><\/div><\/div><\/div><div class=\"fusion-layout-column fusion_builder_column fusion-builder-column-7 fusion_builder_column_1_3 1_3 fusion-one-third fusion-column-last\" style=\"width:30.6666%;margin-top:15px;margin-bottom:15px;\"><div class=\"fusion-column-wrapper fusion-flex-column-wrapper-legacy\" style=\"background-image: url(&#039;http:\/\/www.winback-beauty.com\/wp-content\/uploads\/2016\/03\/revitaliser_WINBACK-Beauty.jpg&#039;);background-position:center top;background-repeat:no-repeat;-webkit-background-size:cover;-moz-background-size:cover;-o-background-size:cover;background-size:cover;background-color:#ffffff;border:2px solid #f4f4f4;padding: 80% 50px 50px 50px;\" data-bg-url=\"http:\/\/www.winback-beauty.com\/wp-content\/uploads\/2016\/03\/revitaliser_WINBACK-Beauty.jpg\"><div class=\"fusion-aligncenter\"><style type=\"text\/css\">.fusion-button.button-3 .fusion-button-text, .fusion-button.button-3 i {color:#333333;}.fusion-button.button-3 .fusion-button-icon-divider{border-color:#333333;}.fusion-button.button-3:hover .fusion-button-text, .fusion-button.button-3:hover i,.fusion-button.button-3:focus .fusion-button-text, .fusion-button.button-3:focus i,.fusion-button.button-3:active .fusion-button-text, .fusion-button.button-3:active{color:#333333;}.fusion-button.button-3:hover .fusion-button-icon-divider, .fusion-button.button-3:hover .fusion-button-icon-divider, .fusion-button.button-3:active .fusion-button-icon-divider{border-color:#333333;}.fusion-button.button-3:hover, .fusion-button.button-3:focus, .fusion-button.button-3:active{border-color:#333333;border-width:2px;}.fusion-button.button-3 {border-color:#333333;border-width:2px;border-radius:25px;}.fusion-button.button-3{background: rgba(255, 255, 255, 0.114582);}.fusion-button.button-3:hover,.button-3:focus,.fusion-button.button-3:active{background: rgba(255,255,255,0);}<\/style><a class=\"fusion-button button-flat fusion-button-default-size button-custom button-3 fusion-button-default-span fusion-button-default-type\" target=\"_self\" href=\"http:\/\/www.winback-beauty.com\/es\/skin\/\"><span class=\"fusion-button-text\">SU PIEL<\/span><\/a><\/div><div class=\"fusion-clearfix\"><\/div><\/div><\/div><\/div><\/div><div id=\"physio\"><div class=\"fusion-fullwidth fullwidth-box fusion-builder-row-3 nonhundred-percent-fullwidth non-hundred-percent-height-scrolling\" style=\"background-color: #ffffff;background-position: left top;background-repeat: no-repeat;padding-top:0px;padding-right:0px;padding-bottom:20px;padding-left:0px;margin-bottom: 0px;margin-top: 0px;border-width: 0px 0px 0px 0px;border-color:#eae9e9;border-style:solid;\" ><div class=\"fusion-builder-row fusion-row\"><div class=\"fusion-layout-column fusion_builder_column fusion-builder-column-8 fusion_builder_column_1_1 1_1 fusion-one-full fusion-column-first fusion-column-last fusion-column-no-min-height\" style=\"margin-top:0px;margin-bottom:0px;\"><div class=\"fusion-column-wrapper fusion-flex-column-wrapper-legacy\" style=\"background-position:left top;background-repeat:no-repeat;-webkit-background-size:cover;-moz-background-size:cover;-o-background-size:cover;background-size:cover;padding: 0px 0px 0px 0px;\"><div class=\"fusion-sep-clear\"><\/div><div class=\"fusion-separator fusion-full-width-sep\" style=\"margin-left: auto;margin-right: auto;margin-top:20px;margin-bottom:20px;width:100%;\"><div class=\"fusion-separator-border sep-single sep-solid\" style=\"border-color:#eaeaea;border-top-width:2px;\"><\/div><\/div><div class=\"fusion-sep-clear\"><\/div><div class=\"fusion-text fusion-text-5\"><h2 style=\"text-align: center; text-transform: uppercase;\"><span style=\"color: #95c11f;\"><strong>\u00a0Los m\u00e1ximos resultados sin efectos invasivos<\/strong><\/span><\/h2>\n<h3 style=\"text-align: center;\"><span style=\"color: #95c11f;\">\u00a0 WIN<\/span>BACK es una<span style=\"color: #95c11f;\"> tecnolog\u00eda eficaz<\/span>.<\/h3>\n<p style=\"text-align: center;\">Maximiza<strong> el poder natural<\/strong> de su cuerpo, pero <strong>no es invasivo<\/strong>. Obtendr\u00e1 resultados visibles y duraderos. Entonces, \u00bfpor qu\u00e9 privarse?<\/p>\n<\/div><div class=\"fusion-clearfix\"><\/div><\/div><\/div><\/div><\/div><\/div><div class=\"fusion-fullwidth fullwidth-box fusion-builder-row-4 nonhundred-percent-fullwidth non-hundred-percent-height-scrolling\" style=\"background-color: #ffffff;background-position: left top;background-repeat: no-repeat;padding-top:20px;padding-right:0px;padding-bottom:20px;padding-left:0px;margin-bottom: 0px;margin-top: 0px;border-width: 0px 0px 0px 0px;border-color:#eae9e9;border-style:solid;\" ><div class=\"fusion-builder-row fusion-row\"><div class=\"fusion-layout-column fusion_builder_column fusion-builder-column-9 fusion_builder_column_1_1 1_1 fusion-one-full fusion-column-first fusion-column-last fusion-column-no-min-height\" style=\"margin-top:0px;margin-bottom:0px;\"><div class=\"fusion-column-wrapper fusion-flex-column-wrapper-legacy\" style=\"background-position:left top;background-repeat:no-repeat;-webkit-background-size:cover;-moz-background-size:cover;-o-background-size:cover;background-size:cover;padding: 0px 0px 0px 0px;\"><div class=\"fusion-sep-clear\"><\/div><div class=\"fusion-separator fusion-full-width-sep\" style=\"margin-left: auto;margin-right: auto;margin-top:20px;margin-bottom:20px;width:100%;\"><div class=\"fusion-separator-border sep-single sep-solid\" style=\"border-color:#eaeaea;border-top-width:2px;\"><\/div><\/div><div class=\"fusion-sep-clear\"><\/div><div class=\"fusion-text fusion-text-6\"><h2 style=\"text-align: center;\">Acerca de Winback<\/h2>\n<\/div><div class=\"fusion-sep-clear\"><\/div><div class=\"fusion-separator fusion-full-width-sep\" style=\"margin-left: auto;margin-right: auto;margin-top:20px;margin-bottom:20px;width:100%;\"><div class=\"fusion-separator-border sep-single sep-solid\" style=\"border-color:#eaeaea;border-top-width:2px;\"><\/div><\/div><div class=\"fusion-sep-clear\"><\/div><div class=\"fusion-text fusion-text-7\"><p style=\"text-align: justify;\">WINBACK est\u00e1 presente en m\u00e1s de 3200 centros expertos en rehabilitaci\u00f3n, deporte y belleza en todo el mundo en menos de 4 a\u00f1os. Estos profesionales disponen de equipos Winback, y sus resultados han sido reconocidos y aprobados por millones de pacientes y deportistas de alto nivel. El crecimiento de Winback es \u00fanico en la historia y podr\u00e1 comprender el porqu\u00e9 realiz\u00e1ndose un tratamiento en un centro especializado.<\/p>\n<\/div><div class=\"fusion-text fusion-text-8\"><p><img decoding=\"async\" class=\"aligncenter size-full wp-image-19407\" src=\"http:\/\/www.winback-beauty.com\/wp-content\/uploads\/2016\/03\/winback-banniere.jpg\" alt=\"winback-banniere\" width=\"1500\" height=\"420\" srcset=\"https:\/\/www.winback-beauty.com\/wp-content\/uploads\/2016\/03\/winback-banniere-120x34.jpg 120w, https:\/\/www.winback-beauty.com\/wp-content\/uploads\/2016\/03\/winback-banniere-300x84.jpg 300w, https:\/\/www.winback-beauty.com\/wp-content\/uploads\/2016\/03\/winback-banniere-500x140.jpg 500w, https:\/\/www.winback-beauty.com\/wp-content\/uploads\/2016\/03\/winback-banniere-768x215.jpg 768w, https:\/\/www.winback-beauty.com\/wp-content\/uploads\/2016\/03\/winback-banniere-1024x287.jpg 1024w, https:\/\/www.winback-beauty.com\/wp-content\/uploads\/2016\/03\/winback-banniere.jpg 1500w\" sizes=\"(max-width: 1500px) 100vw, 1500px\" \/><\/p>\n<\/div><div class=\"fusion-text fusion-text-9\"><h3 style=\"text-align: center; font-size: 25px; line-height: 30px;\"><em><strong>Winback, su compa\u00f1ero para el bienestar diario&#8230;<\/strong><\/em><\/h3>\n<\/div><div class=\"fusion-clearfix\"><\/div><\/div><\/div><\/div><\/div><\/p>\n","protected":false},"excerpt":{"rendered":"","protected":false},"author":9,"featured_media":0,"parent":0,"menu_order":0,"comment_status":"closed","ping_status":"closed","template":"100-width.php","meta":{"footnotes":""},"yoast_head":"<!-- This site is optimized with the Yoast SEO plugin v22.1 - https:\/\/yoast.com\/wordpress\/plugins\/seo\/ -->\n<title>\u00a0Winback Beauty | Los m\u00e1ximos resultados sin efectos invasivos<\/title>\n<meta name=\"description\" content=\"Winback proporciona una acci\u00f3n directa que reduce las imperfecciones en las zonas de almacenamiento y le ayuda a remodelar su cuerpo !\" \/>\n<meta name=\"robots\" content=\"index, follow, max-snippet:-1, max-image-preview:large, max-video-preview:-1\" \/>\n<link rel=\"canonical\" href=\"https:\/\/www.winback-beauty.com\/es\/\" \/>\n<meta property=\"og:locale\" content=\"es_ES\" \/>\n<meta property=\"og:type\" content=\"article\" \/>\n<meta property=\"og:title\" content=\"\u00a0Winback Beauty | Los m\u00e1ximos resultados sin efectos invasivos\" \/>\n<meta property=\"og:description\" content=\"Winback proporciona una acci\u00f3n directa que reduce las imperfecciones en las zonas de almacenamiento y le ayuda a remodelar su cuerpo !\" \/>\n<meta property=\"og:url\" content=\"https:\/\/www.winback-beauty.com\/es\/\" \/>\n<meta property=\"og:site_name\" content=\"Winback Beauty\" \/>\n<meta property=\"article:modified_time\" content=\"2018-11-28T15:08:56+00:00\" \/>\n<meta property=\"og:image\" content=\"http:\/\/www.winback-beauty.com\/wp-content\/uploads\/2016\/03\/expert_WINBAK-Beauty_header.jpg\" \/>\n<meta name=\"twitter:card\" content=\"summary_large_image\" \/>\n<meta name=\"twitter:label1\" content=\"Tiempo de lectura\" \/>\n\t<meta name=\"twitter:data1\" content=\"8 minutos\" \/>\n<script type=\"application\/ld+json\" class=\"yoast-schema-graph\">{\"@context\":\"https:\/\/schema.org\",\"@graph\":[{\"@type\":\"WebPage\",\"@id\":\"https:\/\/www.winback-beauty.com\/es\/\",\"url\":\"https:\/\/www.winback-beauty.com\/es\/\",\"name\":\"\u00a0Winback Beauty | Los m\u00e1ximos resultados sin efectos invasivos\",\"isPartOf\":{\"@id\":\"https:\/\/www.winback-beauty.com\/#website\"},\"datePublished\":\"2016-04-26T11:43:35+00:00\",\"dateModified\":\"2018-11-28T15:08:56+00:00\",\"description\":\"Winback proporciona una acci\u00f3n directa que reduce las imperfecciones en las zonas de almacenamiento y le ayuda a remodelar su cuerpo !\",\"breadcrumb\":{\"@id\":\"https:\/\/www.winback-beauty.com\/es\/#breadcrumb\"},\"inLanguage\":\"es\",\"potentialAction\":[{\"@type\":\"ReadAction\",\"target\":[\"https:\/\/www.winback-beauty.com\/es\/\"]}]},{\"@type\":\"BreadcrumbList\",\"@id\":\"https:\/\/www.winback-beauty.com\/es\/#breadcrumb\",\"itemListElement\":[{\"@type\":\"ListItem\",\"position\":1,\"name\":\"Home\",\"item\":\"https:\/\/www.winback-beauty.com\/es\/\"},{\"@type\":\"ListItem\",\"position\":2,\"name\":\"Winback Beauty\"}]},{\"@type\":\"WebSite\",\"@id\":\"https:\/\/www.winback-beauty.com\/#website\",\"url\":\"https:\/\/www.winback-beauty.com\/\",\"name\":\"Winback Beauty\",\"description\":\"\",\"potentialAction\":[{\"@type\":\"SearchAction\",\"target\":{\"@type\":\"EntryPoint\",\"urlTemplate\":\"https:\/\/www.winback-beauty.com\/?s={search_term_string}\"},\"query-input\":\"required name=search_term_string\"}],\"inLanguage\":\"es\"}]}<\/script>\n<!-- \/ Yoast SEO plugin. -->","yoast_head_json":{"title":"\u00a0Winback Beauty | Los m\u00e1ximos resultados sin efectos invasivos","description":"Winback proporciona una acci\u00f3n directa que reduce las imperfecciones en las zonas de almacenamiento y le ayuda a remodelar su cuerpo !","robots":{"index":"index","follow":"follow","max-snippet":"max-snippet:-1","max-image-preview":"max-image-preview:large","max-video-preview":"max-video-preview:-1"},"canonical":"https:\/\/www.winback-beauty.com\/es\/","og_locale":"es_ES","og_type":"article","og_title":"\u00a0Winback Beauty | Los m\u00e1ximos resultados sin efectos invasivos","og_description":"Winback proporciona una acci\u00f3n directa que reduce las imperfecciones en las zonas de almacenamiento y le ayuda a remodelar su cuerpo !","og_url":"https:\/\/www.winback-beauty.com\/es\/","og_site_name":"Winback Beauty","article_modified_time":"2018-11-28T15:08:56+00:00","og_image":[{"url":"http:\/\/www.winback-beauty.com\/wp-content\/uploads\/2016\/03\/expert_WINBAK-Beauty_header.jpg"}],"twitter_card":"summary_large_image","twitter_misc":{"Tiempo de lectura":"8 minutos"},"schema":{"@context":"https:\/\/schema.org","@graph":[{"@type":"WebPage","@id":"https:\/\/www.winback-beauty.com\/es\/","url":"https:\/\/www.winback-beauty.com\/es\/","name":"\u00a0Winback Beauty | Los m\u00e1ximos resultados sin efectos invasivos","isPartOf":{"@id":"https:\/\/www.winback-beauty.com\/#website"},"datePublished":"2016-04-26T11:43:35+00:00","dateModified":"2018-11-28T15:08:56+00:00","description":"Winback proporciona una acci\u00f3n directa que reduce las imperfecciones en las zonas de almacenamiento y le ayuda a remodelar su cuerpo !","breadcrumb":{"@id":"https:\/\/www.winback-beauty.com\/es\/#breadcrumb"},"inLanguage":"es","potentialAction":[{"@type":"ReadAction","target":["https:\/\/www.winback-beauty.com\/es\/"]}]},{"@type":"BreadcrumbList","@id":"https:\/\/www.winback-beauty.com\/es\/#breadcrumb","itemListElement":[{"@type":"ListItem","position":1,"name":"Home","item":"https:\/\/www.winback-beauty.com\/es\/"},{"@type":"ListItem","position":2,"name":"Winback Beauty"}]},{"@type":"WebSite","@id":"https:\/\/www.winback-beauty.com\/#website","url":"https:\/\/www.winback-beauty.com\/","name":"Winback Beauty","description":"","potentialAction":[{"@type":"SearchAction","target":{"@type":"EntryPoint","urlTemplate":"https:\/\/www.winback-beauty.com\/?s={search_term_string}"},"query-input":"required name=search_term_string"}],"inLanguage":"es"}]}},"_links":{"self":[{"href":"https:\/\/www.winback-beauty.com\/es\/wp-json\/wp\/v2\/pages\/19754"}],"collection":[{"href":"https:\/\/www.winback-beauty.com\/es\/wp-json\/wp\/v2\/pages"}],"about":[{"href":"https:\/\/www.winback-beauty.com\/es\/wp-json\/wp\/v2\/types\/page"}],"author":[{"embeddable":true,"href":"https:\/\/www.winback-beauty.com\/es\/wp-json\/wp\/v2\/users\/9"}],"replies":[{"embeddable":true,"href":"https:\/\/www.winback-beauty.com\/es\/wp-json\/wp\/v2\/comments?post=19754"}],"version-history":[{"count":0,"href":"https:\/\/www.winback-beauty.com\/es\/wp-json\/wp\/v2\/pages\/19754\/revisions"}],"wp:attachment":[{"href":"https:\/\/www.winback-beauty.com\/es\/wp-json\/wp\/v2\/media?parent=19754"}],"curies":[{"name":"wp","href":"https:\/\/api.w.org\/{rel}","templated":true}]}}