{"id":19763,"date":"2016-04-26T12:19:07","date_gmt":"2016-04-26T12:19:07","guid":{"rendered":"http:\/\/www.winback-beauty.com\/es\/?page_id=19763"},"modified":"2018-01-18T09:20:24","modified_gmt":"2018-01-18T09:20:24","slug":"skin","status":"publish","type":"page","link":"https:\/\/www.winback-beauty.com\/es\/skin\/","title":{"rendered":"Skin"},"content":{"rendered":"<p><div class=\"fusion-fullwidth fullwidth-box fusion-builder-row-1 hundred-percent-fullwidth non-hundred-percent-height-scrolling\" style=\"background-color: #ffffff;background-position: left top;background-repeat: no-repeat;padding-top:0px;padding-right:0px;padding-bottom:0px;padding-left:0px;margin-bottom: 0px;margin-top: 0px;border-width: 0px 0px 0px 0px;border-color:#eae9e9;border-style:solid;\" ><div class=\"fusion-builder-row fusion-row\"><div class=\"fusion-layout-column fusion_builder_column fusion-builder-column-0 fusion_builder_column_1_1 1_1 fusion-one-full fusion-column-first fusion-column-last fusion-column-no-min-height\" style=\"margin-top:0px;margin-bottom:0px;\"><div class=\"fusion-column-wrapper fusion-flex-column-wrapper-legacy\" style=\"background-position:left top;background-repeat:no-repeat;-webkit-background-size:cover;-moz-background-size:cover;-o-background-size:cover;background-size:cover;padding: 0px 0px 0px 0px;\"><div class=\"imageframe-align-center\"><span class=\" fusion-imageframe imageframe-none imageframe-1 hover-type-none\"><img decoding=\"async\" src=\"http:\/\/www.winback-beauty.com\/wp-content\/uploads\/2016\/03\/peau-2_WINBAK-Beauty_header.jpg\" class=\"img-responsive\"\/><\/span><\/div><div class=\"fusion-clearfix\"><\/div><\/div><\/div><\/div><\/div><div class=\"fusion-fullwidth fullwidth-box fusion-builder-row-2 nonhundred-percent-fullwidth non-hundred-percent-height-scrolling fusion-equal-height-columns\" style=\"background-color: #ffffff;background-position: center top;background-repeat: no-repeat;padding-top:0px;padding-right:0px;padding-bottom:0px;padding-left:0px;margin-bottom: 0px;margin-top: 0px;border-width: 0px 0px 0px 0px;border-color:#eae9e9;border-style:solid;\" ><div class=\"fusion-builder-row fusion-row\"><div class=\"fusion-layout-column fusion_builder_column fusion-builder-column-1 fusion_builder_column_1_1 1_1 fusion-one-full fusion-column-first fusion-column-last fusion-column-no-min-height\" style=\"margin-top:0px;margin-bottom:0px;\"><div class=\"fusion-column-wrapper fusion-flex-column-wrapper-legacy\" style=\"background-position:left top;background-repeat:no-repeat;-webkit-background-size:cover;-moz-background-size:cover;-o-background-size:cover;background-size:cover;padding: 0px 0px 0px 0px;\"><div class=\"fusion-sep-clear\"><\/div><div class=\"fusion-separator fusion-full-width-sep\" style=\"margin-left: auto;margin-right: auto;margin-top:30px;width:100%;\"><\/div><div class=\"fusion-sep-clear\"><\/div><div class=\"fusion-text fusion-text-1\"><h1 style=\"text-align: center;\">SU PIEL M\u00c1S FIRME CON <span style=\"color: #95c11f;\">WIN<\/span>BACK <span style=\"color: #95c11f;\">BEAUTY<\/span><\/h1>\n<\/div><div class=\"fusion-sep-clear\"><\/div><div class=\"fusion-separator fusion-full-width-sep\" style=\"margin-left: auto;margin-right: auto;margin-bottom:40px;width:100%;\"><\/div><div class=\"fusion-sep-clear\"><\/div><div class=\"fusion-clearfix\"><\/div><\/div><\/div><\/div><\/div><div class=\"fusion-fullwidth fullwidth-box fusion-builder-row-3 nonhundred-percent-fullwidth non-hundred-percent-height-scrolling\" style=\"background-color: #eaeaea;background-position: center top;background-repeat: no-repeat;padding-top:0px;padding-right:0px;padding-bottom:20px;padding-left:0px;margin-bottom: 0px;margin-top: 0px;border-width: 0px 0px 0px 0px;border-color:#eae9e9;border-style:solid;\" ><div class=\"fusion-builder-row fusion-row\"><div class=\"fusion-layout-column fusion_builder_column fusion-builder-column-2 fusion_builder_column_1_2 1_2 fusion-one-half fusion-column-first\" style=\"width:48%; margin-right: 4%;margin-top:15px;margin-bottom:15px;\"><div class=\"fusion-column-wrapper fusion-flex-column-wrapper-legacy\" style=\"background-position:left top;background-repeat:no-repeat;-webkit-background-size:cover;-moz-background-size:cover;-o-background-size:cover;background-size:cover;padding: 0px 0px 0px 0px;\"><div class=\"fusion-text fusion-text-2\"><p style=\"text-transform: uppercase; font-size: 20px; text-align: center;\"><strong><span style=\"color: #95c11f;\">Tratamiento reafirmante<\/span><\/strong><\/p>\n<p style=\"text-align: justify;\">La tecnolog\u00eda WINBACK regenera y revitaliza todas las capas de la dermis mediante una estimulaci\u00f3n natural de los recursos del organismo. El rostro recupera una luminosidad natural notable desde la primera sesi\u00f3n. Regeneraci\u00f3n de la epidermis y exfoliaci\u00f3n de las imperfecciones cut\u00e1neas. WINBACK estimula los fibroblastos y fomenta la producci\u00f3n de col\u00e1geno y elastina para lograr un efecto tensor. El calentamiento selectivo de los tejidos reafirma el cutis gracias al efecto que tiene sobre el col\u00e1geno. La profunda acci\u00f3n de los cabezales MIX concentra la energ\u00eda en las capas de la piel.<\/p>\n<\/div><div class=\"fusion-clearfix\"><\/div><\/div><\/div><div class=\"fusion-layout-column fusion_builder_column fusion-builder-column-3 fusion_builder_column_1_2 1_2 fusion-one-half fusion-column-last\" style=\"width:48%;margin-top:15px;margin-bottom:15px;\"><div class=\"fusion-column-wrapper fusion-flex-column-wrapper-legacy\" style=\"background-position:left top;background-repeat:no-repeat;-webkit-background-size:cover;-moz-background-size:cover;-o-background-size:cover;background-size:cover;padding: 0px 0px 0px 0px;\"><div class=\"fusion-text fusion-text-3\"><p style=\"text-align: center; text-transform: uppercase; font-size: 20px;\"><span style=\"color: #95c11f;\"><strong>Flacidez cut\u00e1nea del rostro<\/strong><\/span><\/p>\n<p style=\"text-align: justify;\">Reactivaci\u00f3n de los fibroblastos y acci\u00f3n microcapilar seguida de una activaci\u00f3n profunda para restaurar el volumen de los m\u00fasculos faciales y rellenar el rostro. Si es necesario, evacuaci\u00f3n del exceso linf\u00e1tico en la zona. Masaje facial ligero (MIX\/MIX+\/ BEAT) para llegar a todas las capas de la piel y completar el efecto tensor y de luminosidad natural. Recomendaci\u00f3n: se recomienda realizar una ligera exfoliaci\u00f3n no invasiva LASCULP con WINBACK para eliminar las c\u00e9lulas muertas de la piel y permitir que la piel respire.<\/p>\n<\/div><div class=\"fusion-clearfix\"><\/div><\/div><\/div><\/div><\/div><div class=\"fusion-fullwidth fullwidth-box fusion-builder-row-4 nonhundred-percent-fullwidth non-hundred-percent-height-scrolling\" style=\"background-color: #eaeaea;background-position: center top;background-repeat: no-repeat;padding-top:0px;padding-right:0px;padding-bottom:20px;padding-left:0px;margin-bottom: 0px;margin-top: 0px;border-width: 0px 0px 0px 0px;border-color:#eae9e9;border-style:solid;\" ><div class=\"fusion-builder-row fusion-row\"><div class=\"fusion-layout-column fusion_builder_column fusion-builder-column-4 fusion_builder_column_1_2 1_2 fusion-one-half fusion-column-first\" style=\"width:48%; margin-right: 4%;margin-top:15px;margin-bottom:15px;\"><div class=\"fusion-column-wrapper fusion-flex-column-wrapper-legacy\" style=\"background-position:left top;background-repeat:no-repeat;-webkit-background-size:cover;-moz-background-size:cover;-o-background-size:cover;background-size:cover;padding: 0px 0px 0px 0px;\"><span class=\" fusion-imageframe imageframe-none imageframe-2 hover-type-zoomin\" style=\"border:2px solid #f4f4f4;\"><img decoding=\"async\" src=\"http:\/\/www.winback-beauty.com\/wp-content\/uploads\/2016\/03\/winback-beauty-energy.jpg\" class=\"img-responsive\"\/><\/span><div class=\"fusion-clearfix\"><\/div><\/div><\/div><div class=\"fusion-layout-column fusion_builder_column fusion-builder-column-5 fusion_builder_column_1_2 1_2 fusion-one-half fusion-column-last\" style=\"width:48%;margin-top:15px;margin-bottom:15px;\"><div class=\"fusion-column-wrapper fusion-flex-column-wrapper-legacy\" style=\"background-position:left top;background-repeat:no-repeat;-webkit-background-size:cover;-moz-background-size:cover;-o-background-size:cover;background-size:cover;padding: 0px 0px 0px 0px;\"><span class=\" fusion-imageframe imageframe-none imageframe-3 hover-type-zoomin\" style=\"border:2px solid #f4f4f4;\"><img decoding=\"async\" src=\"http:\/\/www.winback-beauty.com\/wp-content\/uploads\/2016\/03\/visage_peau_WINBACK-Beauty.jpg\" class=\"img-responsive\"\/><\/span><div class=\"fusion-clearfix\"><\/div><\/div><\/div><\/div><\/div><\/p>\n","protected":false},"excerpt":{"rendered":"","protected":false},"author":9,"featured_media":0,"parent":0,"menu_order":0,"comment_status":"closed","ping_status":"closed","template":"100-width.php","meta":{"footnotes":""},"yoast_head":"<!-- This site is optimized with the Yoast SEO plugin v22.1 - https:\/\/yoast.com\/wordpress\/plugins\/seo\/ -->\n<title>Su pied m\u00e1s firme con Winback Beauty | Tecar terapia Winback<\/title>\n<meta name=\"description\" content=\"La tecnolog\u00eda WINBACK regenera y revitaliza todas las capas de la dermis mediante una estimulaci\u00f3n natural de los recursos del organismo !\" \/>\n<meta name=\"robots\" content=\"index, follow, max-snippet:-1, max-image-preview:large, max-video-preview:-1\" \/>\n<link rel=\"canonical\" href=\"https:\/\/www.winback-beauty.com\/es\/skin\/\" \/>\n<meta property=\"og:locale\" content=\"es_ES\" \/>\n<meta property=\"og:type\" content=\"article\" \/>\n<meta property=\"og:title\" content=\"Su pied m\u00e1s firme con Winback Beauty | Tecar terapia Winback\" \/>\n<meta property=\"og:description\" content=\"La tecnolog\u00eda WINBACK regenera y revitaliza todas las capas de la dermis mediante una estimulaci\u00f3n natural de los recursos del organismo !\" \/>\n<meta property=\"og:url\" content=\"https:\/\/www.winback-beauty.com\/es\/skin\/\" \/>\n<meta property=\"og:site_name\" content=\"Winback Beauty\" \/>\n<meta property=\"article:modified_time\" content=\"2018-01-18T09:20:24+00:00\" \/>\n<meta property=\"og:image\" content=\"http:\/\/www.winback-beauty.com\/wp-content\/uploads\/2016\/03\/peau-2_WINBAK-Beauty_header.jpg\" \/>\n<meta name=\"twitter:card\" content=\"summary_large_image\" \/>\n<meta name=\"twitter:label1\" content=\"Tiempo de lectura\" \/>\n\t<meta name=\"twitter:data1\" content=\"6 minutos\" \/>\n<script type=\"application\/ld+json\" class=\"yoast-schema-graph\">{\"@context\":\"https:\/\/schema.org\",\"@graph\":[{\"@type\":\"WebPage\",\"@id\":\"https:\/\/www.winback-beauty.com\/es\/skin\/\",\"url\":\"https:\/\/www.winback-beauty.com\/es\/skin\/\",\"name\":\"Su pied m\u00e1s firme con Winback Beauty | Tecar terapia Winback\",\"isPartOf\":{\"@id\":\"https:\/\/www.winback-beauty.com\/#website\"},\"datePublished\":\"2016-04-26T12:19:07+00:00\",\"dateModified\":\"2018-01-18T09:20:24+00:00\",\"description\":\"La tecnolog\u00eda WINBACK regenera y revitaliza todas las capas de la dermis mediante una estimulaci\u00f3n natural de los recursos del organismo !\",\"breadcrumb\":{\"@id\":\"https:\/\/www.winback-beauty.com\/es\/skin\/#breadcrumb\"},\"inLanguage\":\"es\",\"potentialAction\":[{\"@type\":\"ReadAction\",\"target\":[\"https:\/\/www.winback-beauty.com\/es\/skin\/\"]}]},{\"@type\":\"BreadcrumbList\",\"@id\":\"https:\/\/www.winback-beauty.com\/es\/skin\/#breadcrumb\",\"itemListElement\":[{\"@type\":\"ListItem\",\"position\":1,\"name\":\"Home\",\"item\":\"https:\/\/www.winback-beauty.com\/es\/\"},{\"@type\":\"ListItem\",\"position\":2,\"name\":\"Skin\"}]},{\"@type\":\"WebSite\",\"@id\":\"https:\/\/www.winback-beauty.com\/#website\",\"url\":\"https:\/\/www.winback-beauty.com\/\",\"name\":\"Winback Beauty\",\"description\":\"\",\"potentialAction\":[{\"@type\":\"SearchAction\",\"target\":{\"@type\":\"EntryPoint\",\"urlTemplate\":\"https:\/\/www.winback-beauty.com\/?s={search_term_string}\"},\"query-input\":\"required name=search_term_string\"}],\"inLanguage\":\"es\"}]}<\/script>\n<!-- \/ Yoast SEO plugin. -->","yoast_head_json":{"title":"Su pied m\u00e1s firme con Winback Beauty | Tecar terapia Winback","description":"La tecnolog\u00eda WINBACK regenera y revitaliza todas las capas de la dermis mediante una estimulaci\u00f3n natural de los recursos del organismo !","robots":{"index":"index","follow":"follow","max-snippet":"max-snippet:-1","max-image-preview":"max-image-preview:large","max-video-preview":"max-video-preview:-1"},"canonical":"https:\/\/www.winback-beauty.com\/es\/skin\/","og_locale":"es_ES","og_type":"article","og_title":"Su pied m\u00e1s firme con Winback Beauty | Tecar terapia Winback","og_description":"La tecnolog\u00eda WINBACK regenera y revitaliza todas las capas de la dermis mediante una estimulaci\u00f3n natural de los recursos del organismo !","og_url":"https:\/\/www.winback-beauty.com\/es\/skin\/","og_site_name":"Winback Beauty","article_modified_time":"2018-01-18T09:20:24+00:00","og_image":[{"url":"http:\/\/www.winback-beauty.com\/wp-content\/uploads\/2016\/03\/peau-2_WINBAK-Beauty_header.jpg"}],"twitter_card":"summary_large_image","twitter_misc":{"Tiempo de lectura":"6 minutos"},"schema":{"@context":"https:\/\/schema.org","@graph":[{"@type":"WebPage","@id":"https:\/\/www.winback-beauty.com\/es\/skin\/","url":"https:\/\/www.winback-beauty.com\/es\/skin\/","name":"Su pied m\u00e1s firme con Winback Beauty | Tecar terapia Winback","isPartOf":{"@id":"https:\/\/www.winback-beauty.com\/#website"},"datePublished":"2016-04-26T12:19:07+00:00","dateModified":"2018-01-18T09:20:24+00:00","description":"La tecnolog\u00eda WINBACK regenera y revitaliza todas las capas de la dermis mediante una estimulaci\u00f3n natural de los recursos del organismo !","breadcrumb":{"@id":"https:\/\/www.winback-beauty.com\/es\/skin\/#breadcrumb"},"inLanguage":"es","potentialAction":[{"@type":"ReadAction","target":["https:\/\/www.winback-beauty.com\/es\/skin\/"]}]},{"@type":"BreadcrumbList","@id":"https:\/\/www.winback-beauty.com\/es\/skin\/#breadcrumb","itemListElement":[{"@type":"ListItem","position":1,"name":"Home","item":"https:\/\/www.winback-beauty.com\/es\/"},{"@type":"ListItem","position":2,"name":"Skin"}]},{"@type":"WebSite","@id":"https:\/\/www.winback-beauty.com\/#website","url":"https:\/\/www.winback-beauty.com\/","name":"Winback Beauty","description":"","potentialAction":[{"@type":"SearchAction","target":{"@type":"EntryPoint","urlTemplate":"https:\/\/www.winback-beauty.com\/?s={search_term_string}"},"query-input":"required name=search_term_string"}],"inLanguage":"es"}]}},"_links":{"self":[{"href":"https:\/\/www.winback-beauty.com\/es\/wp-json\/wp\/v2\/pages\/19763"}],"collection":[{"href":"https:\/\/www.winback-beauty.com\/es\/wp-json\/wp\/v2\/pages"}],"about":[{"href":"https:\/\/www.winback-beauty.com\/es\/wp-json\/wp\/v2\/types\/page"}],"author":[{"embeddable":true,"href":"https:\/\/www.winback-beauty.com\/es\/wp-json\/wp\/v2\/users\/9"}],"replies":[{"embeddable":true,"href":"https:\/\/www.winback-beauty.com\/es\/wp-json\/wp\/v2\/comments?post=19763"}],"version-history":[{"count":0,"href":"https:\/\/www.winback-beauty.com\/es\/wp-json\/wp\/v2\/pages\/19763\/revisions"}],"wp:attachment":[{"href":"https:\/\/www.winback-beauty.com\/es\/wp-json\/wp\/v2\/media?parent=19763"}],"curies":[{"name":"wp","href":"https:\/\/api.w.org\/{rel}","templated":true}]}}