{"id":19267,"date":"2016-03-18T13:58:30","date_gmt":"2016-03-18T13:58:30","guid":{"rendered":"http:\/\/www.winback-beauty.com\/?page_id=19267&#038;lang=fr"},"modified":"2018-11-28T14:42:41","modified_gmt":"2018-11-28T14:42:41","slug":"winback-beauty","status":"publish","type":"page","link":"https:\/\/www.winback-beauty.com\/fr\/","title":{"rendered":"Winback Beauty"},"content":{"rendered":"<p><div class=\"fusion-fullwidth fullwidth-box fusion-builder-row-1 hundred-percent-fullwidth non-hundred-percent-height-scrolling\" style=\"background-color: #ffffff;background-position: left top;background-repeat: no-repeat;padding-top:0px;padding-right:0px;padding-bottom:0px;padding-left:0px;margin-bottom: 0px;margin-top: 0px;border-width: 0px 0px 0px 0px;border-color:#eae9e9;border-style:solid;\" ><div class=\"fusion-builder-row fusion-row\"><div class=\"fusion-layout-column fusion_builder_column fusion-builder-column-0 fusion_builder_column_1_1 1_1 fusion-one-full fusion-column-first fusion-column-last fusion-column-no-min-height\" style=\"margin-top:0px;margin-bottom:0px;\"><div class=\"fusion-column-wrapper fusion-flex-column-wrapper-legacy\" style=\"background-position:left top;background-repeat:no-repeat;-webkit-background-size:cover;-moz-background-size:cover;-o-background-size:cover;background-size:cover;padding: 0px 0px 0px 0px;\"><div class=\"imageframe-align-center\"><span class=\" fusion-imageframe imageframe-none imageframe-1 hover-type-none\"><img decoding=\"async\" src=\"http:\/\/www.winback-beauty.com\/wp-content\/uploads\/2016\/03\/expert_WINBAK-Beauty_header.jpg\" class=\"img-responsive\"\/><\/span><\/div><div class=\"fusion-clearfix\"><\/div><\/div><\/div><\/div><\/div><div class=\"fusion-fullwidth fullwidth-box fusion-builder-row-2 nonhundred-percent-fullwidth non-hundred-percent-height-scrolling\" style=\"background-color: #ffffff;background-position: left top;background-repeat: no-repeat;padding-top:50px;padding-right:0px;padding-bottom:20px;padding-left:0px;margin-bottom: 0px;margin-top: 0px;border-width: 0px 0px 0px 0px;border-color:#eae9e9;border-style:solid;\" ><div class=\"fusion-builder-row fusion-row\"><div class=\"fusion-layout-column fusion_builder_column fusion-builder-column-1 fusion_builder_column_1_1 1_1 fusion-one-full fusion-column-first fusion-column-last fusion-column-no-min-height\" style=\"margin-top:0px;margin-bottom:0px;\"><div class=\"fusion-column-wrapper fusion-flex-column-wrapper-legacy\" style=\"background-position:left top;background-repeat:no-repeat;-webkit-background-size:cover;-moz-background-size:cover;-o-background-size:cover;background-size:cover;padding: 0px 0px 0px 0px;\"><div class=\"fusion-text fusion-text-1\"><h1 style=\"text-align: center;\">WINBACK <span style=\"color: #95c11f;\">BEAUTY<\/span><\/h1>\n<h2 style=\"text-align: center; text-transform: uppercase;\">stimule les ressources naturelles de votre corps<\/h2>\n<\/div><div class=\"fusion-clearfix\"><\/div><\/div><\/div><div class=\"fusion-layout-column fusion_builder_column fusion-builder-column-2 fusion_builder_column_1_3 1_3 fusion-one-third fusion-column-first\" style=\"width:30.6666%; margin-right: 4%;margin-top:15px;margin-bottom:15px;\"><div class=\"fusion-column-wrapper fusion-flex-column-wrapper-legacy\" style=\"background-position:left top;background-repeat:no-repeat;-webkit-background-size:cover;-moz-background-size:cover;-o-background-size:cover;background-size:cover;padding: 0px 0px 0px 0px;\"><div class=\"fusion-text fusion-text-2\"><p style=\"text-align: center; font-size: 38px; line-height: 40px;\"><strong><span style=\"color: #95c11f;\">VOTRE EXPERT<\/span><\/strong><\/p>\n<p style=\"text-align: center;\"><strong>Parce que votre\u00a0beaut\u00e9 n\u2019est pas \u00e0 prendre \u00e0 la l\u00e9g\u00e8re, vos traitements sont effectu\u00e9s\u00a0\u00a0des professionnels de la beaut\u00e9 form\u00e9s par l&rsquo;acad\u00e9mie WINBACK <span style=\"color: #95c11f;\">BEAUTY<\/span>.<\/strong><\/p>\n<\/div><div class=\"fusion-clearfix\"><\/div><\/div><\/div><div class=\"fusion-layout-column fusion_builder_column fusion-builder-column-3 fusion_builder_column_1_3 1_3 fusion-one-third\" style=\"width:30.6666%; margin-right: 4%;margin-top:15px;margin-bottom:15px;\"><div class=\"fusion-column-wrapper fusion-flex-column-wrapper-legacy\" style=\"background-position:left top;background-repeat:no-repeat;-webkit-background-size:cover;-moz-background-size:cover;-o-background-size:cover;background-size:cover;padding: 0px 0px 0px 0px;\"><div class=\"fusion-text fusion-text-3\"><p style=\"text-align: center; font-size: 38px; line-height: 40px;\"><span style=\"color: #95c11f;\"><strong>REMODELER<\/strong><\/span><\/p>\n<p style=\"text-align: center;\"><strong>Coupl\u00e9e \u00e0 votre pratique l&rsquo;\u00e9nergie WINBACK a une action directe de r\u00e9duction des imperfections dans les zones de stockage (ventre, hanche, cuisse)\u00a0et vous aide \u00e0 redessiner\u00a0<span style=\"color: #95c11f;\">votre corps<\/span><\/strong><\/p>\n<\/div><div class=\"fusion-clearfix\"><\/div><\/div><\/div><div class=\"fusion-layout-column fusion_builder_column fusion-builder-column-4 fusion_builder_column_1_3 1_3 fusion-one-third fusion-column-last\" style=\"width:30.6666%;margin-top:15px;margin-bottom:15px;\"><div class=\"fusion-column-wrapper fusion-flex-column-wrapper-legacy\" style=\"background-position:left top;background-repeat:no-repeat;-webkit-background-size:cover;-moz-background-size:cover;-o-background-size:cover;background-size:cover;padding: 0px 0px 0px 0px;\"><div class=\"fusion-text fusion-text-4\"><p style=\"text-align: center; font-size: 38px; line-height: 40px;\"><strong><span style=\"color: #95c11f;\">REVITALISER<\/span><\/strong><\/p>\n<p style=\"text-align: center;\"><strong>WINBACK agit en profondeur sur toutes les couches du derme. Votre <span style=\"color: #95c11f;\">peau est repulp\u00e9e<\/span> et retrouve toute sa fermet\u00e9.<\/strong><\/p>\n<\/div><div class=\"fusion-clearfix\"><\/div><\/div><\/div><div class=\"fusion-layout-column fusion_builder_column fusion-builder-column-5 fusion_builder_column_1_3 1_3 fusion-one-third fusion-column-first\" style=\"width:30.6666%; margin-right: 4%;margin-top:15px;margin-bottom:15px;\"><div class=\"fusion-column-wrapper fusion-flex-column-wrapper-legacy\" style=\"background-image: url(&#039;http:\/\/www.winback-beauty.com\/wp-content\/uploads\/2016\/03\/votre-expert_WINBACK-Beauty.jpg&#039;);background-position:center top;background-repeat:no-repeat;-webkit-background-size:cover;-moz-background-size:cover;-o-background-size:cover;background-size:cover;background-color:#ffffff;border:2px solid #f4f4f4;padding: 80% 50px 50px 50px;\" data-bg-url=\"http:\/\/www.winback-beauty.com\/wp-content\/uploads\/2016\/03\/votre-expert_WINBACK-Beauty.jpg\"><div class=\"fusion-aligncenter\"><style type=\"text\/css\">.fusion-button.button-1 .fusion-button-text, .fusion-button.button-1 i {color:#333333;}.fusion-button.button-1 .fusion-button-icon-divider{border-color:#333333;}.fusion-button.button-1:hover .fusion-button-text, .fusion-button.button-1:hover i,.fusion-button.button-1:focus .fusion-button-text, .fusion-button.button-1:focus i,.fusion-button.button-1:active .fusion-button-text, .fusion-button.button-1:active{color:#333333;}.fusion-button.button-1:hover .fusion-button-icon-divider, .fusion-button.button-1:hover .fusion-button-icon-divider, .fusion-button.button-1:active .fusion-button-icon-divider{border-color:#333333;}.fusion-button.button-1:hover, .fusion-button.button-1:focus, .fusion-button.button-1:active{border-color:#333333;border-width:2px;}.fusion-button.button-1 {border-color:#333333;border-width:2px;border-radius:25px;}.fusion-button.button-1{background: rgba(255, 255, 255, 0.114582);}.fusion-button.button-1:hover,.button-1:focus,.fusion-button.button-1:active{background: rgba(255,255,255,0);}<\/style><a class=\"fusion-button button-flat fusion-button-default-size button-custom button-1 fusion-button-default-span fusion-button-default-type\" target=\"_self\" href=\"http:\/\/www.winback-beauty.com\/fr\/expert-beaute\/\"><span class=\"fusion-button-text\">VOTRE R\u00c9SEAU PRO<\/span><\/a><\/div><div class=\"fusion-clearfix\"><\/div><\/div><\/div><div class=\"fusion-layout-column fusion_builder_column fusion-builder-column-6 fusion_builder_column_1_3 1_3 fusion-one-third\" style=\"width:30.6666%; margin-right: 4%;margin-top:15px;margin-bottom:15px;\"><div class=\"fusion-column-wrapper fusion-flex-column-wrapper-legacy\" style=\"background-image: url(&#039;http:\/\/www.winback-beauty.com\/wp-content\/uploads\/2015\/09\/remodeler_WINBACK-Beauty-1.jpg&#039;);background-position:center top;background-repeat:no-repeat;-webkit-background-size:cover;-moz-background-size:cover;-o-background-size:cover;background-size:cover;background-color:#ffffff;border:2px solid #f4f4f4;padding: 80% 50px 50px 50px;\" data-bg-url=\"http:\/\/www.winback-beauty.com\/wp-content\/uploads\/2015\/09\/remodeler_WINBACK-Beauty-1.jpg\"><div class=\"fusion-aligncenter\"><style type=\"text\/css\">.fusion-button.button-2 .fusion-button-text, .fusion-button.button-2 i {color:#333333;}.fusion-button.button-2 .fusion-button-icon-divider{border-color:#333333;}.fusion-button.button-2:hover .fusion-button-text, .fusion-button.button-2:hover i,.fusion-button.button-2:focus .fusion-button-text, .fusion-button.button-2:focus i,.fusion-button.button-2:active .fusion-button-text, .fusion-button.button-2:active{color:#333333;}.fusion-button.button-2:hover .fusion-button-icon-divider, .fusion-button.button-2:hover .fusion-button-icon-divider, .fusion-button.button-2:active .fusion-button-icon-divider{border-color:#333333;}.fusion-button.button-2:hover, .fusion-button.button-2:focus, .fusion-button.button-2:active{border-color:#333333;border-width:2px;}.fusion-button.button-2 {border-color:#333333;border-width:2px;border-radius:25px;}.fusion-button.button-2{background: rgba(255, 255, 255, 0.114582);}.fusion-button.button-2:hover,.button-2:focus,.fusion-button.button-2:active{background: rgba(255,255,255,0);}<\/style><a class=\"fusion-button button-flat fusion-button-default-size button-custom button-2 fusion-button-default-span fusion-button-default-type\" target=\"_self\" href=\"http:\/\/www.winback-beauty.com\/fr\/silhouette\/\"><span class=\"fusion-button-text\">VOTRE SILHOUETTE<\/span><\/a><\/div><div class=\"fusion-clearfix\"><\/div><\/div><\/div><div class=\"fusion-layout-column fusion_builder_column fusion-builder-column-7 fusion_builder_column_1_3 1_3 fusion-one-third fusion-column-last\" style=\"width:30.6666%;margin-top:15px;margin-bottom:15px;\"><div class=\"fusion-column-wrapper fusion-flex-column-wrapper-legacy\" style=\"background-image: url(&#039;http:\/\/www.winback-beauty.com\/wp-content\/uploads\/2016\/03\/revitaliser_WINBACK-Beauty.jpg&#039;);background-position:center top;background-repeat:no-repeat;-webkit-background-size:cover;-moz-background-size:cover;-o-background-size:cover;background-size:cover;background-color:#ffffff;border:2px solid #f4f4f4;padding: 80% 50px 50px 50px;\" data-bg-url=\"http:\/\/www.winback-beauty.com\/wp-content\/uploads\/2016\/03\/revitaliser_WINBACK-Beauty.jpg\"><div class=\"fusion-aligncenter\"><style type=\"text\/css\">.fusion-button.button-3 .fusion-button-text, .fusion-button.button-3 i {color:#333333;}.fusion-button.button-3 .fusion-button-icon-divider{border-color:#333333;}.fusion-button.button-3:hover .fusion-button-text, .fusion-button.button-3:hover i,.fusion-button.button-3:focus .fusion-button-text, .fusion-button.button-3:focus i,.fusion-button.button-3:active .fusion-button-text, .fusion-button.button-3:active{color:#333333;}.fusion-button.button-3:hover .fusion-button-icon-divider, .fusion-button.button-3:hover .fusion-button-icon-divider, .fusion-button.button-3:active .fusion-button-icon-divider{border-color:#333333;}.fusion-button.button-3:hover, .fusion-button.button-3:focus, .fusion-button.button-3:active{border-color:#333333;border-width:2px;}.fusion-button.button-3 {border-color:#333333;border-width:2px;border-radius:25px;}.fusion-button.button-3{background: rgba(255, 255, 255, 0.114582);}.fusion-button.button-3:hover,.button-3:focus,.fusion-button.button-3:active{background: rgba(255,255,255,0);}<\/style><a class=\"fusion-button button-flat fusion-button-default-size button-custom button-3 fusion-button-default-span fusion-button-default-type\" target=\"_self\" href=\"http:\/\/www.winback-beauty.com\/fr\/peau\/\"><span class=\"fusion-button-text\">VOTRE PEAU<\/span><\/a><\/div><div class=\"fusion-clearfix\"><\/div><\/div><\/div><\/div><\/div><div id=\"physio\"><div class=\"fusion-fullwidth fullwidth-box fusion-builder-row-3 nonhundred-percent-fullwidth non-hundred-percent-height-scrolling\" style=\"background-color: #ffffff;background-position: left top;background-repeat: no-repeat;padding-top:0px;padding-right:0px;padding-bottom:20px;padding-left:0px;margin-bottom: 0px;margin-top: 0px;border-width: 0px 0px 0px 0px;border-color:#eae9e9;border-style:solid;\" ><div class=\"fusion-builder-row fusion-row\"><div class=\"fusion-layout-column fusion_builder_column fusion-builder-column-8 fusion_builder_column_1_1 1_1 fusion-one-full fusion-column-first fusion-column-last fusion-column-no-min-height\" style=\"margin-top:0px;margin-bottom:0px;\"><div class=\"fusion-column-wrapper fusion-flex-column-wrapper-legacy\" style=\"background-position:left top;background-repeat:no-repeat;-webkit-background-size:cover;-moz-background-size:cover;-o-background-size:cover;background-size:cover;padding: 0px 0px 0px 0px;\"><div class=\"fusion-sep-clear\"><\/div><div class=\"fusion-separator fusion-full-width-sep\" style=\"margin-left: auto;margin-right: auto;margin-top:20px;margin-bottom:20px;width:100%;\"><div class=\"fusion-separator-border sep-single sep-solid\" style=\"border-color:#eaeaea;border-top-width:2px;\"><\/div><\/div><div class=\"fusion-sep-clear\"><\/div><div class=\"fusion-text fusion-text-5\"><h2 style=\"text-align: center; text-transform: uppercase;\"><span style=\"color: #95c11f;\"><strong>\u00a0UN Maximum de r\u00e9sultats sans effets invasifs<\/strong><\/span><\/h2>\n<h3 style=\"text-align: center;\">\u00a0<strong><span style=\"color: #95c11f;\">WIN<\/span>BACK<\/strong>\u00a0est une <span style=\"color: #95c11f;\"><strong>technologie efficiente.\u00a0<\/strong><\/span><\/h3>\n<p style=\"text-align: center;\">Elle maximise la <strong>puissance\u00a0biologique<\/strong> de votre corps tout en \u00e9tant<strong> non invasive<\/strong>.\u00a0Vous obtenez des r\u00e9sultats visibles et durables. Alors pourquoi vous en priver ?<\/p>\n<\/div><div class=\"fusion-clearfix\"><\/div><\/div><\/div><\/div><\/div><\/div><div class=\"fusion-fullwidth fullwidth-box fusion-builder-row-4 nonhundred-percent-fullwidth non-hundred-percent-height-scrolling\" style=\"background-color: #ffffff;background-position: left top;background-repeat: no-repeat;padding-top:20px;padding-right:0px;padding-bottom:20px;padding-left:0px;margin-bottom: 0px;margin-top: 0px;border-width: 0px 0px 0px 0px;border-color:#eae9e9;border-style:solid;\" ><div class=\"fusion-builder-row fusion-row\"><div class=\"fusion-layout-column fusion_builder_column fusion-builder-column-9 fusion_builder_column_1_1 1_1 fusion-one-full fusion-column-first fusion-column-last fusion-column-no-min-height\" style=\"margin-top:0px;margin-bottom:0px;\"><div class=\"fusion-column-wrapper fusion-flex-column-wrapper-legacy\" style=\"background-position:left top;background-repeat:no-repeat;-webkit-background-size:cover;-moz-background-size:cover;-o-background-size:cover;background-size:cover;padding: 0px 0px 0px 0px;\"><div class=\"fusion-sep-clear\"><\/div><div class=\"fusion-separator fusion-full-width-sep\" style=\"margin-left: auto;margin-right: auto;margin-top:20px;margin-bottom:20px;width:100%;\"><div class=\"fusion-separator-border sep-single sep-solid\" style=\"border-color:#eaeaea;border-top-width:2px;\"><\/div><\/div><div class=\"fusion-sep-clear\"><\/div><div class=\"fusion-text fusion-text-6\"><h2 style=\"text-align: center;\">A propos de Winback<\/h2>\n<\/div><div class=\"fusion-sep-clear\"><\/div><div class=\"fusion-separator fusion-full-width-sep\" style=\"margin-left: auto;margin-right: auto;margin-top:20px;margin-bottom:20px;width:100%;\"><div class=\"fusion-separator-border sep-single sep-solid\" style=\"border-color:#eaeaea;border-top-width:2px;\"><\/div><\/div><div class=\"fusion-sep-clear\"><\/div><div class=\"fusion-text fusion-text-7\"><p style=\"text-align: justify;\">WINBACK c\u2019est plus de 3200 centres \u00e9quip\u00e9s dans le monde. 5000 th\u00e9rapeutes sont aujourd\u2019hui form\u00e9s \u00e0 la technologie Winback dans 30 pays. Ces professionnels en r\u00e9\u00e9ducation, sport et beaut\u00e9 disposent d\u2019\u00e9quipements Winback dont les r\u00e9sultats sont reconnus et pl\u00e9biscit\u00e9s par des milliers de patients et de sportifs de haut niveau.<\/p>\n<\/div><div class=\"fusion-text fusion-text-8\"><p><img decoding=\"async\" class=\"aligncenter size-full wp-image-19407\" src=\"http:\/\/www.winback-beauty.com\/wp-content\/uploads\/2016\/03\/winback-banniere.jpg\" alt=\"winback-banniere\" width=\"1500\" height=\"420\" srcset=\"https:\/\/www.winback-beauty.com\/wp-content\/uploads\/2016\/03\/winback-banniere-120x34.jpg 120w, https:\/\/www.winback-beauty.com\/wp-content\/uploads\/2016\/03\/winback-banniere-300x84.jpg 300w, https:\/\/www.winback-beauty.com\/wp-content\/uploads\/2016\/03\/winback-banniere-500x140.jpg 500w, https:\/\/www.winback-beauty.com\/wp-content\/uploads\/2016\/03\/winback-banniere-768x215.jpg 768w, https:\/\/www.winback-beauty.com\/wp-content\/uploads\/2016\/03\/winback-banniere-1024x287.jpg 1024w, https:\/\/www.winback-beauty.com\/wp-content\/uploads\/2016\/03\/winback-banniere.jpg 1500w\" sizes=\"(max-width: 1500px) 100vw, 1500px\" \/><\/p>\n<\/div><div class=\"fusion-text fusion-text-9\"><h3 style=\"text-align: center; font-size: 25px; line-height: 30px;\"><em><strong>Winback, votre partenaire bien-\u00eatre au quotidien\u2026<\/strong><\/em><\/h3>\n<\/div><div class=\"fusion-clearfix\"><\/div><\/div><\/div><\/div><\/div><\/p>\n","protected":false},"excerpt":{"rendered":"","protected":false},"author":9,"featured_media":0,"parent":0,"menu_order":0,"comment_status":"closed","ping_status":"closed","template":"100-width.php","meta":{"footnotes":""},"yoast_head":"<!-- This site is optimized with the Yoast SEO plugin v22.1 - https:\/\/yoast.com\/wordpress\/plugins\/seo\/ -->\n<title>Winback Beauty |\u00a0Tecar Therapie dans l&#039;univers Beaut\u00e9<\/title>\n<meta name=\"description\" content=\"Winback Beauty est le programme de tecar therapie adapt\u00e9 \u00e0 l&#039;univers de la beaut\u00e9. De nombreux traitements beaut\u00e9 ont \u00e9t\u00e9 d\u00e9velopp\u00e9 gr\u00e2ce la tecartherapie.\" \/>\n<meta name=\"robots\" content=\"index, follow, max-snippet:-1, max-image-preview:large, max-video-preview:-1\" \/>\n<link rel=\"canonical\" href=\"https:\/\/www.winback-beauty.com\/fr\/\" \/>\n<meta property=\"og:locale\" content=\"fr_FR\" \/>\n<meta property=\"og:type\" content=\"article\" \/>\n<meta property=\"og:title\" content=\"Winback Beauty |\u00a0Tecar Therapie dans l&#039;univers Beaut\u00e9\" \/>\n<meta property=\"og:description\" content=\"Winback Beauty est le programme de tecar therapie adapt\u00e9 \u00e0 l&#039;univers de la beaut\u00e9. De nombreux traitements beaut\u00e9 ont \u00e9t\u00e9 d\u00e9velopp\u00e9 gr\u00e2ce la tecartherapie.\" \/>\n<meta property=\"og:url\" content=\"https:\/\/www.winback-beauty.com\/fr\/\" \/>\n<meta property=\"og:site_name\" content=\"Winback Beauty\" \/>\n<meta property=\"article:modified_time\" content=\"2018-11-28T14:42:41+00:00\" \/>\n<meta property=\"og:image\" content=\"http:\/\/www.winback-beauty.com\/wp-content\/uploads\/2016\/03\/expert_WINBAK-Beauty_header.jpg\" \/>\n<meta name=\"twitter:card\" content=\"summary_large_image\" \/>\n<meta name=\"twitter:label1\" content=\"Dur\u00e9e de lecture estim\u00e9e\" \/>\n\t<meta name=\"twitter:data1\" content=\"8 minutes\" \/>\n<script type=\"application\/ld+json\" class=\"yoast-schema-graph\">{\"@context\":\"https:\/\/schema.org\",\"@graph\":[{\"@type\":\"WebPage\",\"@id\":\"https:\/\/www.winback-beauty.com\/fr\/\",\"url\":\"https:\/\/www.winback-beauty.com\/fr\/\",\"name\":\"Winback Beauty |\u00a0Tecar Therapie dans l'univers Beaut\u00e9\",\"isPartOf\":{\"@id\":\"https:\/\/www.winback-beauty.com\/#website\"},\"datePublished\":\"2016-03-18T13:58:30+00:00\",\"dateModified\":\"2018-11-28T14:42:41+00:00\",\"description\":\"Winback Beauty est le programme de tecar therapie adapt\u00e9 \u00e0 l'univers de la beaut\u00e9. De nombreux traitements beaut\u00e9 ont \u00e9t\u00e9 d\u00e9velopp\u00e9 gr\u00e2ce la tecartherapie.\",\"breadcrumb\":{\"@id\":\"https:\/\/www.winback-beauty.com\/fr\/#breadcrumb\"},\"inLanguage\":\"fr-FR\",\"potentialAction\":[{\"@type\":\"ReadAction\",\"target\":[\"https:\/\/www.winback-beauty.com\/fr\/\"]}]},{\"@type\":\"BreadcrumbList\",\"@id\":\"https:\/\/www.winback-beauty.com\/fr\/#breadcrumb\",\"itemListElement\":[{\"@type\":\"ListItem\",\"position\":1,\"name\":\"Home\",\"item\":\"https:\/\/www.winback-beauty.com\/fr\/\"},{\"@type\":\"ListItem\",\"position\":2,\"name\":\"Winback Beauty\"}]},{\"@type\":\"WebSite\",\"@id\":\"https:\/\/www.winback-beauty.com\/#website\",\"url\":\"https:\/\/www.winback-beauty.com\/\",\"name\":\"Winback Beauty\",\"description\":\"\",\"potentialAction\":[{\"@type\":\"SearchAction\",\"target\":{\"@type\":\"EntryPoint\",\"urlTemplate\":\"https:\/\/www.winback-beauty.com\/?s={search_term_string}\"},\"query-input\":\"required name=search_term_string\"}],\"inLanguage\":\"fr-FR\"}]}<\/script>\n<!-- \/ Yoast SEO plugin. -->","yoast_head_json":{"title":"Winback Beauty |\u00a0Tecar Therapie dans l'univers Beaut\u00e9","description":"Winback Beauty est le programme de tecar therapie adapt\u00e9 \u00e0 l'univers de la beaut\u00e9. De nombreux traitements beaut\u00e9 ont \u00e9t\u00e9 d\u00e9velopp\u00e9 gr\u00e2ce la tecartherapie.","robots":{"index":"index","follow":"follow","max-snippet":"max-snippet:-1","max-image-preview":"max-image-preview:large","max-video-preview":"max-video-preview:-1"},"canonical":"https:\/\/www.winback-beauty.com\/fr\/","og_locale":"fr_FR","og_type":"article","og_title":"Winback Beauty |\u00a0Tecar Therapie dans l'univers Beaut\u00e9","og_description":"Winback Beauty est le programme de tecar therapie adapt\u00e9 \u00e0 l'univers de la beaut\u00e9. De nombreux traitements beaut\u00e9 ont \u00e9t\u00e9 d\u00e9velopp\u00e9 gr\u00e2ce la tecartherapie.","og_url":"https:\/\/www.winback-beauty.com\/fr\/","og_site_name":"Winback Beauty","article_modified_time":"2018-11-28T14:42:41+00:00","og_image":[{"url":"http:\/\/www.winback-beauty.com\/wp-content\/uploads\/2016\/03\/expert_WINBAK-Beauty_header.jpg"}],"twitter_card":"summary_large_image","twitter_misc":{"Dur\u00e9e de lecture estim\u00e9e":"8 minutes"},"schema":{"@context":"https:\/\/schema.org","@graph":[{"@type":"WebPage","@id":"https:\/\/www.winback-beauty.com\/fr\/","url":"https:\/\/www.winback-beauty.com\/fr\/","name":"Winback Beauty |\u00a0Tecar Therapie dans l'univers Beaut\u00e9","isPartOf":{"@id":"https:\/\/www.winback-beauty.com\/#website"},"datePublished":"2016-03-18T13:58:30+00:00","dateModified":"2018-11-28T14:42:41+00:00","description":"Winback Beauty est le programme de tecar therapie adapt\u00e9 \u00e0 l'univers de la beaut\u00e9. De nombreux traitements beaut\u00e9 ont \u00e9t\u00e9 d\u00e9velopp\u00e9 gr\u00e2ce la tecartherapie.","breadcrumb":{"@id":"https:\/\/www.winback-beauty.com\/fr\/#breadcrumb"},"inLanguage":"fr-FR","potentialAction":[{"@type":"ReadAction","target":["https:\/\/www.winback-beauty.com\/fr\/"]}]},{"@type":"BreadcrumbList","@id":"https:\/\/www.winback-beauty.com\/fr\/#breadcrumb","itemListElement":[{"@type":"ListItem","position":1,"name":"Home","item":"https:\/\/www.winback-beauty.com\/fr\/"},{"@type":"ListItem","position":2,"name":"Winback Beauty"}]},{"@type":"WebSite","@id":"https:\/\/www.winback-beauty.com\/#website","url":"https:\/\/www.winback-beauty.com\/","name":"Winback Beauty","description":"","potentialAction":[{"@type":"SearchAction","target":{"@type":"EntryPoint","urlTemplate":"https:\/\/www.winback-beauty.com\/?s={search_term_string}"},"query-input":"required name=search_term_string"}],"inLanguage":"fr-FR"}]}},"_links":{"self":[{"href":"https:\/\/www.winback-beauty.com\/fr\/wp-json\/wp\/v2\/pages\/19267"}],"collection":[{"href":"https:\/\/www.winback-beauty.com\/fr\/wp-json\/wp\/v2\/pages"}],"about":[{"href":"https:\/\/www.winback-beauty.com\/fr\/wp-json\/wp\/v2\/types\/page"}],"author":[{"embeddable":true,"href":"https:\/\/www.winback-beauty.com\/fr\/wp-json\/wp\/v2\/users\/9"}],"replies":[{"embeddable":true,"href":"https:\/\/www.winback-beauty.com\/fr\/wp-json\/wp\/v2\/comments?post=19267"}],"version-history":[{"count":0,"href":"https:\/\/www.winback-beauty.com\/fr\/wp-json\/wp\/v2\/pages\/19267\/revisions"}],"wp:attachment":[{"href":"https:\/\/www.winback-beauty.com\/fr\/wp-json\/wp\/v2\/media?parent=19267"}],"curies":[{"name":"wp","href":"https:\/\/api.w.org\/{rel}","templated":true}]}}