{"id":19268,"date":"2016-03-18T13:58:34","date_gmt":"2016-03-18T13:58:34","guid":{"rendered":"http:\/\/www.winback-beauty.com\/?page_id=19268&#038;lang=fr"},"modified":"2020-09-09T08:06:59","modified_gmt":"2020-09-09T08:06:59","slug":"expert-beaute","status":"publish","type":"page","link":"https:\/\/www.winback-beauty.com\/fr\/expert-beaute\/","title":{"rendered":"Expert Beaute"},"content":{"rendered":"<p><div class=\"fusion-fullwidth fullwidth-box fusion-builder-row-1 hundred-percent-fullwidth non-hundred-percent-height-scrolling\" style=\"background-color: #ffffff;background-position: left top;background-repeat: no-repeat;padding-top:0px;padding-right:0px;padding-bottom:0px;padding-left:0px;margin-bottom: 0px;margin-top: 0px;border-width: 0px 0px 0px 0px;border-color:#eae9e9;border-style:solid;\" ><div class=\"fusion-builder-row fusion-row\"><div class=\"fusion-layout-column fusion_builder_column fusion-builder-column-0 fusion_builder_column_1_1 1_1 fusion-one-full fusion-column-first fusion-column-last fusion-column-no-min-height\" style=\"margin-top:0px;margin-bottom:0px;\"><div class=\"fusion-column-wrapper fusion-flex-column-wrapper-legacy\" style=\"background-position:left top;background-repeat:no-repeat;-webkit-background-size:cover;-moz-background-size:cover;-o-background-size:cover;background-size:cover;padding: 0px 0px 0px 0px;\"><div class=\"imageframe-align-center\"><span class=\" fusion-imageframe imageframe-none imageframe-1 hover-type-none\"><img decoding=\"async\" src=\"http:\/\/www.winback-beauty.com\/wp-content\/uploads\/2016\/03\/expert2_WINBAK-Beauty_header.jpg\" class=\"img-responsive\"\/><\/span><\/div><div class=\"fusion-clearfix\"><\/div><\/div><\/div><\/div><\/div><div class=\"fusion-fullwidth fullwidth-box fusion-builder-row-2 nonhundred-percent-fullwidth non-hundred-percent-height-scrolling fusion-equal-height-columns\" style=\"background-color: #ffffff;background-position: center top;background-repeat: no-repeat;padding-top:20px;padding-right:0px;padding-bottom:20px;padding-left:0px;margin-bottom: 0px;margin-top: 0px;border-width: 0px 0px 0px 0px;border-color:#eae9e9;border-style:solid;\" ><div class=\"fusion-builder-row fusion-row\"><div class=\"fusion-layout-column fusion_builder_column fusion-builder-column-1 fusion_builder_column_1_1 1_1 fusion-one-full fusion-column-first fusion-column-last\" style=\"margin-top:15px;margin-bottom:15px;\"><div class=\"fusion-column-wrapper fusion-flex-column-wrapper-legacy\" style=\"background-position:left top;background-repeat:no-repeat;-webkit-background-size:cover;-moz-background-size:cover;-o-background-size:cover;background-size:cover;padding: 0px 0px 0px 0px;\"><div class=\"fusion-column-content-centered\"><div class=\"fusion-column-content\"><div class=\"fusion-text fusion-text-1\"><h1 style=\"text-align: center;\">L&rsquo;OFFRE DE VOTRE EXPERT\u00a0<span style=\"color: #95c11f;\">WIN<\/span>BACK <span style=\"color: #95c11f;\">BEAUTY<\/span><\/h1>\n<\/div><div class=\"fusion-text fusion-text-2\"><p style=\"text-align: center;\">Winback Beauty offre un service Premium \u00e0 une client\u00e8le exigeante en termes de r\u00e9sultats et de confort de soin. Le programme WINBACK BEAUTY repose sur une technologie de pointe coupl\u00e9e \u00e0 l\u2019expertise d\u2019un professionnel form\u00e9 et certifi\u00e9 par notre Acad\u00e9mie WINBACK BEAUTY.<\/p>\n<\/div><div class=\"fusion-sep-clear\"><\/div><div class=\"fusion-separator fusion-full-width-sep\" style=\"margin-left: auto;margin-right: auto;margin-bottom:30px;width:100%;\"><\/div><div class=\"fusion-sep-clear\"><\/div><\/div><\/div><div class=\"fusion-clearfix\"><\/div><\/div><\/div><div class=\"fusion-layout-column fusion_builder_column fusion-builder-column-2 fusion_builder_column_1_4 1_4 fusion-one-fourth fusion-column-first\" style=\"width:22%; margin-right: 4%;margin-top:15px;margin-bottom:15px;\"><div class=\"fusion-column-wrapper fusion-flex-column-wrapper-legacy\" style=\"background-position:left top;background-repeat:no-repeat;-webkit-background-size:cover;-moz-background-size:cover;-o-background-size:cover;background-size:cover;padding: 0px 0px 0px 0px;\"><div class=\"fusion-text fusion-text-3\"><p style=\"text-align: center;\"><strong><span style=\"color: #95c11f; font-size: 28px;\">EFFICACE<\/span><\/strong><\/p>\n<p style=\"text-align: center;\">Dans le domaine du sport, de la physioth\u00e9rapie et du Woman Care, Winback a largement prouv\u00e9e son efficacit\u00e9 en accompagnant des professionnels sur des pathologies complexes.<\/p>\n<\/div><div class=\"fusion-clearfix\"><\/div><\/div><\/div><div class=\"fusion-layout-column fusion_builder_column fusion-builder-column-3 fusion_builder_column_1_4 1_4 fusion-one-fourth\" style=\"width:22%; margin-right: 4%;margin-top:15px;margin-bottom:15px;\"><div class=\"fusion-column-wrapper fusion-flex-column-wrapper-legacy\" style=\"background-position:left top;background-repeat:no-repeat;-webkit-background-size:cover;-moz-background-size:cover;-o-background-size:cover;background-size:cover;padding: 0px 0px 0px 0px;\"><div class=\"fusion-text fusion-text-4\"><p style=\"text-align: center;\"><strong><span style=\"color: #95c11f; font-size: 28px;\">RAPIDE<\/span><\/strong><\/p>\n<p style=\"text-align: center;\">Les r\u00e9sultats sont visibles d\u00e8s la premi\u00e8re s\u00e9ance et sont stabilis\u00e9s entre 3 et 5 s\u00e9ances.<\/p>\n<\/div><div class=\"fusion-clearfix\"><\/div><\/div><\/div><div class=\"fusion-layout-column fusion_builder_column fusion-builder-column-4 fusion_builder_column_1_4 1_4 fusion-one-fourth\" style=\"width:22%; margin-right: 4%;margin-top:15px;margin-bottom:15px;\"><div class=\"fusion-column-wrapper fusion-flex-column-wrapper-legacy\" style=\"background-position:left top;background-repeat:no-repeat;-webkit-background-size:cover;-moz-background-size:cover;-o-background-size:cover;background-size:cover;padding: 0px 0px 0px 0px;\"><div class=\"fusion-text fusion-text-5\"><p style=\"text-align: center;\"><span style=\"color: #95c11f; font-size: 28px;\"><strong>DURABLE<\/strong><\/span><\/p>\n<p style=\"text-align: center;\">L\u2019effet d\u00e9sir\u00e9 est durable en maintenant une s\u00e9ance tous les mois.<\/p>\n<\/div><div class=\"fusion-clearfix\"><\/div><\/div><\/div><div class=\"fusion-layout-column fusion_builder_column fusion-builder-column-5 fusion_builder_column_1_4 1_4 fusion-one-fourth fusion-column-last\" style=\"width:22%;margin-top:15px;margin-bottom:15px;\"><div class=\"fusion-column-wrapper fusion-flex-column-wrapper-legacy\" style=\"background-position:left top;background-repeat:no-repeat;-webkit-background-size:cover;-moz-background-size:cover;-o-background-size:cover;background-size:cover;padding: 0px 0px 0px 0px;\"><div class=\"fusion-text fusion-text-6\"><p style=\"text-align: center;\"><span style=\"color: #95c11f; font-size: 28px;\"><strong>CONFORTABLE<\/strong><\/span><\/p>\n<p style=\"text-align: center;\">Une s\u00e9ance est totalement non invasive et indolore.<\/p>\n<\/div><div class=\"fusion-clearfix\"><\/div><\/div><\/div><\/div><\/div><div class=\"fusion-fullwidth fullwidth-box fusion-builder-row-3 fusion-parallax-none nonhundred-percent-fullwidth non-hundred-percent-height-scrolling fusion-equal-height-columns\" style=\"background-color: #ffffff;background-image: url(&quot;http:\/\/www.winback-beauty.com\/wp-content\/uploads\/2016\/03\/WINBACK-Beauty_expert-esthetique.jpg&quot;);background-position: left top;background-repeat: no-repeat;padding-top:50px;padding-right:0px;padding-bottom:50px;padding-left:0px;margin-bottom: 0px;margin-top: 0px;border-width: 0px 0px 0px 0px;border-color:#eae9e9;border-style:solid;-webkit-background-size:cover;-moz-background-size:cover;-o-background-size:cover;background-size:cover;\" ><div class=\"fusion-builder-row fusion-row\"><div class=\"fusion-layout-column fusion_builder_column fusion-builder-column-6 fusion_builder_column_1_2 1_2 fusion-one-half fusion-column-first\" style=\"width:48%; margin-right: 4%;margin-top:15px;margin-bottom:15px;\"><div class=\"fusion-column-wrapper fusion-flex-column-wrapper-legacy\" style=\"background-position:center top;background-repeat:no-repeat;-webkit-background-size:cover;-moz-background-size:cover;-o-background-size:cover;background-size:cover;background-color:rgba(0, 0, 0, 0.4);padding: 7% 7% 7% 7%;\"><div class=\"fusion-column-content-centered\"><div class=\"fusion-column-content\"><div class=\"fusion-text fusion-text-7\"><h2 style=\"text-align: justify;\"><span style=\"color: #ffffff;\"><strong>WINBACK ACADEMY <\/strong><\/span><\/h2>\n<p style=\"text-align: justify;\"><span style=\"color: #ffffff;\">WINBACK Academy Beauty est le\u00a0fruit d\u2019une collaboration \u00e9troite entre WINBACK et professionnels de la beaut\u00e9. Au travers de leur expertise manuelle, leurs domaines d&rsquo;excellences et leurs \u00e9quipements, chacun d&rsquo;entre eux ont particip\u00e9 \u00e0 la cr\u00e9ation de protocoles dont les r\u00e9sultats sont constat\u00e9s partout dans le monde.<\/span><\/p>\n<p style=\"text-align: justify;\"><span style=\"color: #ffffff;\">Intuitive, associ\u00e9e\u00a0\u00e0 leur expertise, WINBACK\u00a0renforce leur efficacit\u00e9 manuelle et toutes leurs techniques de modelage connues sont possibles.<\/span><\/p>\n<p style=\"text-align: justify;\"><span style=\"color: #ffffff;\"><strong>Compatible<\/strong><strong> avec leurs protocoles en associant <\/strong>les autres \u00e9quipements avant, simultan\u00e9ment et\/ou apr\u00e8s votre s\u00e9ance. La technologie <strong>WINBACK<\/strong>\u00a0s\u2019adapte avec divers \u00e9quipements : \u00e9lectrostimulation, cryo, presso, vibration, palper rouler m\u00e9canique, gymnastique, enveloppement\u2026.<\/span><\/p>\n<p style=\"text-align: justify;\"><span style=\"color: #ffffff;\">L\u2019engagement de l\u2019acad\u00e9mie WINBACK est celui de partager sa connaissance avec les professionnels dans le monde entier. Ses formations, ses forums, ses r\u00e9seaux sociaux leur sont accessibles. Ils peuvent ainsi \u00e9changer, apprendre, t\u00e9moigner sur cette technologie WINBACK qui a atteint un taux record de 95% de professionnels conquis dans d&rsquo;autres \u00a0domaines comme\u00a0\u00a0la r\u00e9\u00e9ducation, le\u00a0sport et le Woman Care.<\/span><\/p>\n<\/div><\/div><\/div><div class=\"fusion-clearfix\"><\/div><\/div><\/div><div class=\"fusion-layout-column fusion_builder_column fusion-builder-column-7 fusion_builder_column_1_2 1_2 fusion-one-half fusion-column-last\" style=\"width:48%;margin-top:15px;margin-bottom:15px;\"><div class=\"fusion-column-wrapper fusion-flex-column-wrapper-legacy\" style=\"background-position:center top;background-repeat:no-repeat;-webkit-background-size:cover;-moz-background-size:cover;-o-background-size:cover;background-size:cover;padding: 0px 0px 0px 0px;\"><div class=\"fusion-column-content-centered\"><div class=\"fusion-column-content\"><div class=\"imageframe-align-center\"><span class=\" fusion-imageframe imageframe-none imageframe-2 hover-type-none\"><img decoding=\"async\" width=\"300\" height=\"300\" alt=\"Book de formation beauty\" title=\"Book de formation beauty\" src=\"https:\/\/www.winback-beauty.com\/wp-content\/uploads\/2020\/09\/Sans-titre-6-300x300.png\" class=\"img-responsive wp-image-20468\" srcset=\"https:\/\/www.winback-beauty.com\/wp-content\/uploads\/2020\/09\/Sans-titre-6-200x200.png 200w, https:\/\/www.winback-beauty.com\/wp-content\/uploads\/2020\/09\/Sans-titre-6-400x400.png 400w, https:\/\/www.winback-beauty.com\/wp-content\/uploads\/2020\/09\/Sans-titre-6-600x600.png 600w, https:\/\/www.winback-beauty.com\/wp-content\/uploads\/2020\/09\/Sans-titre-6-800x800.png 800w, https:\/\/www.winback-beauty.com\/wp-content\/uploads\/2020\/09\/Sans-titre-6.png 1080w\" sizes=\"(max-width: 800px) 100vw, 300px\" \/><\/span><\/div><\/div><\/div><div class=\"fusion-clearfix\"><\/div><\/div><\/div><\/div><\/div><\/p>\n","protected":false},"excerpt":{"rendered":"","protected":false},"author":9,"featured_media":0,"parent":0,"menu_order":0,"comment_status":"closed","ping_status":"closed","template":"100-width.php","meta":{"footnotes":""},"yoast_head":"<!-- This site is optimized with the Yoast SEO plugin v22.1 - https:\/\/yoast.com\/wordpress\/plugins\/seo\/ -->\n<title>Votre Expert Beaut\u00e9 |\u00a0Tecar Therapie Beaut\u00e9<\/title>\n<meta name=\"description\" content=\"Winback est votre expert beaut\u00e9. WINBACK Beauty allie efficacit\u00e9 et confort dans un m\u00eame soin. D\u00e9couvrez l&#039;expert beauty Winback Tecar\" \/>\n<meta name=\"robots\" content=\"index, follow, max-snippet:-1, max-image-preview:large, max-video-preview:-1\" \/>\n<link rel=\"canonical\" href=\"https:\/\/www.winback-beauty.com\/fr\/expert-beaute\/\" \/>\n<meta property=\"og:locale\" content=\"fr_FR\" \/>\n<meta property=\"og:type\" content=\"article\" \/>\n<meta property=\"og:title\" content=\"Votre Expert Beaut\u00e9 |\u00a0Tecar Therapie Beaut\u00e9\" \/>\n<meta property=\"og:description\" content=\"Winback est votre expert beaut\u00e9. WINBACK Beauty allie efficacit\u00e9 et confort dans un m\u00eame soin. D\u00e9couvrez l&#039;expert beauty Winback Tecar\" \/>\n<meta property=\"og:url\" content=\"https:\/\/www.winback-beauty.com\/fr\/expert-beaute\/\" \/>\n<meta property=\"og:site_name\" content=\"Winback Beauty\" \/>\n<meta property=\"article:modified_time\" content=\"2020-09-09T08:06:59+00:00\" \/>\n<meta property=\"og:image\" content=\"http:\/\/www.winback-beauty.com\/wp-content\/uploads\/2016\/03\/expert2_WINBAK-Beauty_header.jpg\" \/>\n<meta name=\"twitter:card\" content=\"summary_large_image\" \/>\n<meta name=\"twitter:label1\" content=\"Dur\u00e9e de lecture estim\u00e9e\" \/>\n\t<meta name=\"twitter:data1\" content=\"6 minutes\" \/>\n<script type=\"application\/ld+json\" class=\"yoast-schema-graph\">{\"@context\":\"https:\/\/schema.org\",\"@graph\":[{\"@type\":\"WebPage\",\"@id\":\"https:\/\/www.winback-beauty.com\/fr\/expert-beaute\/\",\"url\":\"https:\/\/www.winback-beauty.com\/fr\/expert-beaute\/\",\"name\":\"Votre Expert Beaut\u00e9 |\u00a0Tecar Therapie Beaut\u00e9\",\"isPartOf\":{\"@id\":\"https:\/\/www.winback-beauty.com\/#website\"},\"datePublished\":\"2016-03-18T13:58:34+00:00\",\"dateModified\":\"2020-09-09T08:06:59+00:00\",\"description\":\"Winback est votre expert beaut\u00e9. WINBACK Beauty allie efficacit\u00e9 et confort dans un m\u00eame soin. D\u00e9couvrez l'expert beauty Winback Tecar\",\"breadcrumb\":{\"@id\":\"https:\/\/www.winback-beauty.com\/fr\/expert-beaute\/#breadcrumb\"},\"inLanguage\":\"fr-FR\",\"potentialAction\":[{\"@type\":\"ReadAction\",\"target\":[\"https:\/\/www.winback-beauty.com\/fr\/expert-beaute\/\"]}]},{\"@type\":\"BreadcrumbList\",\"@id\":\"https:\/\/www.winback-beauty.com\/fr\/expert-beaute\/#breadcrumb\",\"itemListElement\":[{\"@type\":\"ListItem\",\"position\":1,\"name\":\"Home\",\"item\":\"https:\/\/www.winback-beauty.com\/fr\/\"},{\"@type\":\"ListItem\",\"position\":2,\"name\":\"Expert Beaute\"}]},{\"@type\":\"WebSite\",\"@id\":\"https:\/\/www.winback-beauty.com\/#website\",\"url\":\"https:\/\/www.winback-beauty.com\/\",\"name\":\"Winback Beauty\",\"description\":\"\",\"potentialAction\":[{\"@type\":\"SearchAction\",\"target\":{\"@type\":\"EntryPoint\",\"urlTemplate\":\"https:\/\/www.winback-beauty.com\/?s={search_term_string}\"},\"query-input\":\"required name=search_term_string\"}],\"inLanguage\":\"fr-FR\"}]}<\/script>\n<!-- \/ Yoast SEO plugin. -->","yoast_head_json":{"title":"Votre Expert Beaut\u00e9 |\u00a0Tecar Therapie Beaut\u00e9","description":"Winback est votre expert beaut\u00e9. WINBACK Beauty allie efficacit\u00e9 et confort dans un m\u00eame soin. D\u00e9couvrez l'expert beauty Winback Tecar","robots":{"index":"index","follow":"follow","max-snippet":"max-snippet:-1","max-image-preview":"max-image-preview:large","max-video-preview":"max-video-preview:-1"},"canonical":"https:\/\/www.winback-beauty.com\/fr\/expert-beaute\/","og_locale":"fr_FR","og_type":"article","og_title":"Votre Expert Beaut\u00e9 |\u00a0Tecar Therapie Beaut\u00e9","og_description":"Winback est votre expert beaut\u00e9. WINBACK Beauty allie efficacit\u00e9 et confort dans un m\u00eame soin. D\u00e9couvrez l'expert beauty Winback Tecar","og_url":"https:\/\/www.winback-beauty.com\/fr\/expert-beaute\/","og_site_name":"Winback Beauty","article_modified_time":"2020-09-09T08:06:59+00:00","og_image":[{"url":"http:\/\/www.winback-beauty.com\/wp-content\/uploads\/2016\/03\/expert2_WINBAK-Beauty_header.jpg"}],"twitter_card":"summary_large_image","twitter_misc":{"Dur\u00e9e de lecture estim\u00e9e":"6 minutes"},"schema":{"@context":"https:\/\/schema.org","@graph":[{"@type":"WebPage","@id":"https:\/\/www.winback-beauty.com\/fr\/expert-beaute\/","url":"https:\/\/www.winback-beauty.com\/fr\/expert-beaute\/","name":"Votre Expert Beaut\u00e9 |\u00a0Tecar Therapie Beaut\u00e9","isPartOf":{"@id":"https:\/\/www.winback-beauty.com\/#website"},"datePublished":"2016-03-18T13:58:34+00:00","dateModified":"2020-09-09T08:06:59+00:00","description":"Winback est votre expert beaut\u00e9. WINBACK Beauty allie efficacit\u00e9 et confort dans un m\u00eame soin. D\u00e9couvrez l'expert beauty Winback Tecar","breadcrumb":{"@id":"https:\/\/www.winback-beauty.com\/fr\/expert-beaute\/#breadcrumb"},"inLanguage":"fr-FR","potentialAction":[{"@type":"ReadAction","target":["https:\/\/www.winback-beauty.com\/fr\/expert-beaute\/"]}]},{"@type":"BreadcrumbList","@id":"https:\/\/www.winback-beauty.com\/fr\/expert-beaute\/#breadcrumb","itemListElement":[{"@type":"ListItem","position":1,"name":"Home","item":"https:\/\/www.winback-beauty.com\/fr\/"},{"@type":"ListItem","position":2,"name":"Expert Beaute"}]},{"@type":"WebSite","@id":"https:\/\/www.winback-beauty.com\/#website","url":"https:\/\/www.winback-beauty.com\/","name":"Winback Beauty","description":"","potentialAction":[{"@type":"SearchAction","target":{"@type":"EntryPoint","urlTemplate":"https:\/\/www.winback-beauty.com\/?s={search_term_string}"},"query-input":"required name=search_term_string"}],"inLanguage":"fr-FR"}]}},"_links":{"self":[{"href":"https:\/\/www.winback-beauty.com\/fr\/wp-json\/wp\/v2\/pages\/19268"}],"collection":[{"href":"https:\/\/www.winback-beauty.com\/fr\/wp-json\/wp\/v2\/pages"}],"about":[{"href":"https:\/\/www.winback-beauty.com\/fr\/wp-json\/wp\/v2\/types\/page"}],"author":[{"embeddable":true,"href":"https:\/\/www.winback-beauty.com\/fr\/wp-json\/wp\/v2\/users\/9"}],"replies":[{"embeddable":true,"href":"https:\/\/www.winback-beauty.com\/fr\/wp-json\/wp\/v2\/comments?post=19268"}],"version-history":[{"count":4,"href":"https:\/\/www.winback-beauty.com\/fr\/wp-json\/wp\/v2\/pages\/19268\/revisions"}],"predecessor-version":[{"id":20477,"href":"https:\/\/www.winback-beauty.com\/fr\/wp-json\/wp\/v2\/pages\/19268\/revisions\/20477"}],"wp:attachment":[{"href":"https:\/\/www.winback-beauty.com\/fr\/wp-json\/wp\/v2\/media?parent=19268"}],"curies":[{"name":"wp","href":"https:\/\/api.w.org\/{rel}","templated":true}]}}