{"id":19269,"date":"2016-03-18T13:58:37","date_gmt":"2016-03-18T13:58:37","guid":{"rendered":"http:\/\/www.winback-beauty.com\/?page_id=19269&#038;lang=fr"},"modified":"2018-11-28T15:05:34","modified_gmt":"2018-11-28T15:05:34","slug":"peau","status":"publish","type":"page","link":"https:\/\/www.winback-beauty.com\/fr\/peau\/","title":{"rendered":"Votre peau"},"content":{"rendered":"<p><div class=\"fusion-fullwidth fullwidth-box fusion-builder-row-1 hundred-percent-fullwidth non-hundred-percent-height-scrolling\" style=\"background-color: #ffffff;background-position: left top;background-repeat: no-repeat;padding-top:0px;padding-right:0px;padding-bottom:0px;padding-left:0px;margin-bottom: 0px;margin-top: 0px;border-width: 0px 0px 0px 0px;border-color:#eae9e9;border-style:solid;\" ><div class=\"fusion-builder-row fusion-row\"><div class=\"fusion-layout-column fusion_builder_column fusion-builder-column-0 fusion_builder_column_1_1 1_1 fusion-one-full fusion-column-first fusion-column-last fusion-column-no-min-height\" style=\"margin-top:0px;margin-bottom:0px;\"><div class=\"fusion-column-wrapper fusion-flex-column-wrapper-legacy\" style=\"background-position:left top;background-repeat:no-repeat;-webkit-background-size:cover;-moz-background-size:cover;-o-background-size:cover;background-size:cover;padding: 0px 0px 0px 0px;\"><div class=\"imageframe-align-center\"><span class=\" fusion-imageframe imageframe-none imageframe-1 hover-type-none\"><img decoding=\"async\" src=\"http:\/\/www.winback-beauty.com\/wp-content\/uploads\/2016\/03\/peau-2_WINBAK-Beauty_header.jpg\" class=\"img-responsive\"\/><\/span><\/div><div class=\"fusion-clearfix\"><\/div><\/div><\/div><\/div><\/div><div class=\"fusion-fullwidth fullwidth-box fusion-builder-row-2 nonhundred-percent-fullwidth non-hundred-percent-height-scrolling fusion-equal-height-columns\" style=\"background-color: #ffffff;background-position: center top;background-repeat: no-repeat;padding-top:0px;padding-right:0px;padding-bottom:0px;padding-left:0px;margin-bottom: 0px;margin-top: 0px;border-width: 0px 0px 0px 0px;border-color:#eae9e9;border-style:solid;\" ><div class=\"fusion-builder-row fusion-row\"><div class=\"fusion-layout-column fusion_builder_column fusion-builder-column-1 fusion_builder_column_1_1 1_1 fusion-one-full fusion-column-first fusion-column-last fusion-column-no-min-height\" style=\"margin-top:0px;margin-bottom:0px;\"><div class=\"fusion-column-wrapper fusion-flex-column-wrapper-legacy\" style=\"background-position:left top;background-repeat:no-repeat;-webkit-background-size:cover;-moz-background-size:cover;-o-background-size:cover;background-size:cover;padding: 0px 0px 0px 0px;\"><div class=\"fusion-sep-clear\"><\/div><div class=\"fusion-separator fusion-full-width-sep\" style=\"margin-left: auto;margin-right: auto;margin-top:30px;width:100%;\"><\/div><div class=\"fusion-sep-clear\"><\/div><div class=\"fusion-text fusion-text-1\"><h1 style=\"text-align: center;\">VOTRE PEAU RAFFERMIE AVEC\u00a0<span style=\"color: #95c11f;\">WIN<\/span>BACK <span style=\"color: #95c11f;\">BEAUTY<\/span><\/h1>\n<\/div><div class=\"fusion-sep-clear\"><\/div><div class=\"fusion-separator fusion-full-width-sep\" style=\"margin-left: auto;margin-right: auto;margin-bottom:40px;width:100%;\"><\/div><div class=\"fusion-sep-clear\"><\/div><div class=\"fusion-clearfix\"><\/div><\/div><\/div><\/div><\/div><div class=\"fusion-fullwidth fullwidth-box fusion-builder-row-3 nonhundred-percent-fullwidth non-hundred-percent-height-scrolling\" style=\"background-color: #eaeaea;background-position: center top;background-repeat: no-repeat;padding-top:0px;padding-right:0px;padding-bottom:20px;padding-left:0px;margin-bottom: 0px;margin-top: 0px;border-width: 0px 0px 0px 0px;border-color:#eae9e9;border-style:solid;\" ><div class=\"fusion-builder-row fusion-row\"><div class=\"fusion-layout-column fusion_builder_column fusion-builder-column-2 fusion_builder_column_1_2 1_2 fusion-one-half fusion-column-first\" style=\"width:48%; margin-right: 4%;margin-top:15px;margin-bottom:15px;\"><div class=\"fusion-column-wrapper fusion-flex-column-wrapper-legacy\" style=\"background-position:left top;background-repeat:no-repeat;-webkit-background-size:cover;-moz-background-size:cover;-o-background-size:cover;background-size:cover;padding: 0px 0px 0px 0px;\"><div class=\"fusion-text fusion-text-2\"><p style=\"text-transform: uppercase; font-size: 20px; text-align: center;\"><strong><span style=\"color: #95c11f;\">Le soin\u00a0RAFFERMISSEMENT<\/span><\/strong><\/p>\n<p style=\"text-align: justify;\">La technologie WINBACK r\u00e9g\u00e9n\u00e8re et revitalise toutes les couches du derme en stimulant en profondeur les ressources naturelles du corps. Le visage retrouve ainsi un \u00e9clat naturel remarquable d\u00e8s la premi\u00e8re s\u00e9ance. R\u00e9g\u00e9n\u00e9ration de l\u2019\u00e9piderme et gommage des imperfections. WINBACK participe \u00e0 la stimulation des fibroblastes et favorise la production de collag\u00e8ne et d\u2019\u00e9lastine, pour un effet tenseur. L\u2019\u00e9chauffement s\u00e9lectif des tissus provoque un raffermissement cutan\u00e9 gr\u00e2ce \u00e0 son action sur le collag\u00e8ne. L\u2019action profonde des t\u00eates MIX concentre l\u2019\u00e9nergie sur les couches de la peau.<\/p>\n<\/div><div class=\"fusion-clearfix\"><\/div><\/div><\/div><div class=\"fusion-layout-column fusion_builder_column fusion-builder-column-3 fusion_builder_column_1_2 1_2 fusion-one-half fusion-column-last\" style=\"width:48%;margin-top:15px;margin-bottom:15px;\"><div class=\"fusion-column-wrapper fusion-flex-column-wrapper-legacy\" style=\"background-position:left top;background-repeat:no-repeat;-webkit-background-size:cover;-moz-background-size:cover;-o-background-size:cover;background-size:cover;padding: 0px 0px 0px 0px;\"><div class=\"fusion-text fusion-text-3\"><p style=\"text-align: center; text-transform: uppercase; font-size: 20px;\"><span style=\"color: #95c11f;\"><strong>REL\u00c2CHEMENT CUTAN\u00c9 DU VISAGE<\/strong><\/span><\/p>\n<p style=\"text-align: justify;\">La peau, soumise aux effets du temps, est un organe en renouvellement permanent. Au fil des ann\u00e9es l\u2019aspect de la peau change. Le r\u00f4le du collag\u00e8ne diminue et perd de son efficacit\u00e9. En cons\u00e9quence la peau se vide, elle se ride, devient flasque et perd de son \u00e9clat. L\u2019\u00e9nergie Winback produit un \u00e9chauffement interne des tissus et r\u00e9active les fibroplastes. Cette activation en profondeur permet de redonner du volume au muscle du visage et de le repulper. Elle permet d\u2019atteindre toutes les couches de la peau ayant pour cons\u00e9quence imm\u00e9diate un effet tenseur et un raffermissement instantan\u00e9 de la peau du visage, visible instantan\u00e9ment.<\/p>\n<\/div><div class=\"fusion-clearfix\"><\/div><\/div><\/div><\/div><\/div><div class=\"fusion-fullwidth fullwidth-box fusion-builder-row-4 nonhundred-percent-fullwidth non-hundred-percent-height-scrolling\" style=\"background-color: #eaeaea;background-position: center top;background-repeat: no-repeat;padding-top:0px;padding-right:0px;padding-bottom:20px;padding-left:0px;margin-bottom: 0px;margin-top: 0px;border-width: 0px 0px 0px 0px;border-color:#eae9e9;border-style:solid;\" ><div class=\"fusion-builder-row fusion-row\"><div class=\"fusion-layout-column fusion_builder_column fusion-builder-column-4 fusion_builder_column_1_2 1_2 fusion-one-half fusion-column-first\" style=\"width:48%; margin-right: 4%;margin-top:15px;margin-bottom:15px;\"><div class=\"fusion-column-wrapper fusion-flex-column-wrapper-legacy\" style=\"background-position:left top;background-repeat:no-repeat;-webkit-background-size:cover;-moz-background-size:cover;-o-background-size:cover;background-size:cover;padding: 0px 0px 0px 0px;\"><span class=\" fusion-imageframe imageframe-none imageframe-2 hover-type-zoomin\" style=\"border:2px solid #f4f4f4;\"><img decoding=\"async\" src=\"http:\/\/www.winback-beauty.com\/wp-content\/uploads\/2016\/03\/winback-beauty-energy.jpg\" class=\"img-responsive\"\/><\/span><div class=\"fusion-clearfix\"><\/div><\/div><\/div><div class=\"fusion-layout-column fusion_builder_column fusion-builder-column-5 fusion_builder_column_1_2 1_2 fusion-one-half fusion-column-last\" style=\"width:48%;margin-top:15px;margin-bottom:15px;\"><div class=\"fusion-column-wrapper fusion-flex-column-wrapper-legacy\" style=\"background-position:left top;background-repeat:no-repeat;-webkit-background-size:cover;-moz-background-size:cover;-o-background-size:cover;background-size:cover;padding: 0px 0px 0px 0px;\"><span class=\" fusion-imageframe imageframe-none imageframe-3 hover-type-zoomin\" style=\"border:2px solid #f4f4f4;\"><img decoding=\"async\" src=\"http:\/\/www.winback-beauty.com\/wp-content\/uploads\/2016\/03\/visage_peau_WINBACK-Beauty.jpg\" class=\"img-responsive\"\/><\/span><div class=\"fusion-clearfix\"><\/div><\/div><\/div><div class=\"fusion-layout-column fusion_builder_column fusion-builder-column-6 fusion_builder_column_1_1 1_1 fusion-one-full fusion-column-first fusion-column-last fusion-column-no-min-height\" style=\"margin-top:0px;margin-bottom:0px;\"><div class=\"fusion-column-wrapper fusion-flex-column-wrapper-legacy\" style=\"background-position:left top;background-repeat:no-repeat;-webkit-background-size:cover;-moz-background-size:cover;-o-background-size:cover;background-size:cover;padding: 0px 0px 0px 0px;\"><div class=\"fusion-sep-clear\"><\/div><div class=\"fusion-separator fusion-full-width-sep\" style=\"margin-left: auto;margin-right: auto;margin-bottom:30px;width:100%;\"><\/div><div class=\"fusion-sep-clear\"><\/div><span class=\" fusion-imageframe imageframe-none imageframe-4 hover-type-zoomin\" style=\"border:2px solid #f4f4f4;\"><img decoding=\"async\" src=\"http:\/\/www.winback-beauty.com\/wp-content\/uploads\/2016\/03\/winback-energy-beauty.jpg\" class=\"img-responsive\"\/><\/span><div class=\"fusion-clearfix\"><\/div><\/div><\/div><\/div><\/div><\/p>\n","protected":false},"excerpt":{"rendered":"","protected":false},"author":9,"featured_media":0,"parent":0,"menu_order":0,"comment_status":"closed","ping_status":"closed","template":"100-width.php","meta":{"footnotes":""},"yoast_head":"<!-- This site is optimized with the Yoast SEO plugin v22.1 - https:\/\/yoast.com\/wordpress\/plugins\/seo\/ -->\n<title>Votre peau avec Winback Beauty |\u00a0Winback et votre peau<\/title>\n<meta name=\"description\" content=\"La technologie WINBACK r\u00e9g\u00e9n\u00e8re et revitalise toutes les couches du derme en stimulant en profondeur les ressources naturelles du corps. D\u00e9couvrez la Tecar Winback !\" \/>\n<meta name=\"robots\" content=\"index, follow, max-snippet:-1, max-image-preview:large, max-video-preview:-1\" \/>\n<link rel=\"canonical\" href=\"https:\/\/www.winback-beauty.com\/fr\/peau\/\" \/>\n<meta property=\"og:locale\" content=\"fr_FR\" \/>\n<meta property=\"og:type\" content=\"article\" \/>\n<meta property=\"og:title\" content=\"Votre peau avec Winback Beauty |\u00a0Winback et votre peau\" \/>\n<meta property=\"og:description\" content=\"La technologie WINBACK r\u00e9g\u00e9n\u00e8re et revitalise toutes les couches du derme en stimulant en profondeur les ressources naturelles du corps. D\u00e9couvrez la Tecar Winback !\" \/>\n<meta property=\"og:url\" content=\"https:\/\/www.winback-beauty.com\/fr\/peau\/\" \/>\n<meta property=\"og:site_name\" content=\"Winback Beauty\" \/>\n<meta property=\"article:modified_time\" content=\"2018-11-28T15:05:34+00:00\" \/>\n<meta property=\"og:image\" content=\"http:\/\/www.winback-beauty.com\/wp-content\/uploads\/2016\/03\/peau-2_WINBAK-Beauty_header.jpg\" \/>\n<meta name=\"twitter:card\" content=\"summary_large_image\" \/>\n<meta name=\"twitter:label1\" content=\"Dur\u00e9e de lecture estim\u00e9e\" \/>\n\t<meta name=\"twitter:data1\" content=\"6 minutes\" \/>\n<script type=\"application\/ld+json\" class=\"yoast-schema-graph\">{\"@context\":\"https:\/\/schema.org\",\"@graph\":[{\"@type\":\"WebPage\",\"@id\":\"https:\/\/www.winback-beauty.com\/fr\/peau\/\",\"url\":\"https:\/\/www.winback-beauty.com\/fr\/peau\/\",\"name\":\"Votre peau avec Winback Beauty |\u00a0Winback et votre peau\",\"isPartOf\":{\"@id\":\"https:\/\/www.winback-beauty.com\/#website\"},\"datePublished\":\"2016-03-18T13:58:37+00:00\",\"dateModified\":\"2018-11-28T15:05:34+00:00\",\"description\":\"La technologie WINBACK r\u00e9g\u00e9n\u00e8re et revitalise toutes les couches du derme en stimulant en profondeur les ressources naturelles du corps. D\u00e9couvrez la Tecar Winback !\",\"breadcrumb\":{\"@id\":\"https:\/\/www.winback-beauty.com\/fr\/peau\/#breadcrumb\"},\"inLanguage\":\"fr-FR\",\"potentialAction\":[{\"@type\":\"ReadAction\",\"target\":[\"https:\/\/www.winback-beauty.com\/fr\/peau\/\"]}]},{\"@type\":\"BreadcrumbList\",\"@id\":\"https:\/\/www.winback-beauty.com\/fr\/peau\/#breadcrumb\",\"itemListElement\":[{\"@type\":\"ListItem\",\"position\":1,\"name\":\"Home\",\"item\":\"https:\/\/www.winback-beauty.com\/fr\/\"},{\"@type\":\"ListItem\",\"position\":2,\"name\":\"Votre peau\"}]},{\"@type\":\"WebSite\",\"@id\":\"https:\/\/www.winback-beauty.com\/#website\",\"url\":\"https:\/\/www.winback-beauty.com\/\",\"name\":\"Winback Beauty\",\"description\":\"\",\"potentialAction\":[{\"@type\":\"SearchAction\",\"target\":{\"@type\":\"EntryPoint\",\"urlTemplate\":\"https:\/\/www.winback-beauty.com\/?s={search_term_string}\"},\"query-input\":\"required name=search_term_string\"}],\"inLanguage\":\"fr-FR\"}]}<\/script>\n<!-- \/ Yoast SEO plugin. -->","yoast_head_json":{"title":"Votre peau avec Winback Beauty |\u00a0Winback et votre peau","description":"La technologie WINBACK r\u00e9g\u00e9n\u00e8re et revitalise toutes les couches du derme en stimulant en profondeur les ressources naturelles du corps. D\u00e9couvrez la Tecar Winback !","robots":{"index":"index","follow":"follow","max-snippet":"max-snippet:-1","max-image-preview":"max-image-preview:large","max-video-preview":"max-video-preview:-1"},"canonical":"https:\/\/www.winback-beauty.com\/fr\/peau\/","og_locale":"fr_FR","og_type":"article","og_title":"Votre peau avec Winback Beauty |\u00a0Winback et votre peau","og_description":"La technologie WINBACK r\u00e9g\u00e9n\u00e8re et revitalise toutes les couches du derme en stimulant en profondeur les ressources naturelles du corps. D\u00e9couvrez la Tecar Winback !","og_url":"https:\/\/www.winback-beauty.com\/fr\/peau\/","og_site_name":"Winback Beauty","article_modified_time":"2018-11-28T15:05:34+00:00","og_image":[{"url":"http:\/\/www.winback-beauty.com\/wp-content\/uploads\/2016\/03\/peau-2_WINBAK-Beauty_header.jpg"}],"twitter_card":"summary_large_image","twitter_misc":{"Dur\u00e9e de lecture estim\u00e9e":"6 minutes"},"schema":{"@context":"https:\/\/schema.org","@graph":[{"@type":"WebPage","@id":"https:\/\/www.winback-beauty.com\/fr\/peau\/","url":"https:\/\/www.winback-beauty.com\/fr\/peau\/","name":"Votre peau avec Winback Beauty |\u00a0Winback et votre peau","isPartOf":{"@id":"https:\/\/www.winback-beauty.com\/#website"},"datePublished":"2016-03-18T13:58:37+00:00","dateModified":"2018-11-28T15:05:34+00:00","description":"La technologie WINBACK r\u00e9g\u00e9n\u00e8re et revitalise toutes les couches du derme en stimulant en profondeur les ressources naturelles du corps. D\u00e9couvrez la Tecar Winback !","breadcrumb":{"@id":"https:\/\/www.winback-beauty.com\/fr\/peau\/#breadcrumb"},"inLanguage":"fr-FR","potentialAction":[{"@type":"ReadAction","target":["https:\/\/www.winback-beauty.com\/fr\/peau\/"]}]},{"@type":"BreadcrumbList","@id":"https:\/\/www.winback-beauty.com\/fr\/peau\/#breadcrumb","itemListElement":[{"@type":"ListItem","position":1,"name":"Home","item":"https:\/\/www.winback-beauty.com\/fr\/"},{"@type":"ListItem","position":2,"name":"Votre peau"}]},{"@type":"WebSite","@id":"https:\/\/www.winback-beauty.com\/#website","url":"https:\/\/www.winback-beauty.com\/","name":"Winback Beauty","description":"","potentialAction":[{"@type":"SearchAction","target":{"@type":"EntryPoint","urlTemplate":"https:\/\/www.winback-beauty.com\/?s={search_term_string}"},"query-input":"required name=search_term_string"}],"inLanguage":"fr-FR"}]}},"_links":{"self":[{"href":"https:\/\/www.winback-beauty.com\/fr\/wp-json\/wp\/v2\/pages\/19269"}],"collection":[{"href":"https:\/\/www.winback-beauty.com\/fr\/wp-json\/wp\/v2\/pages"}],"about":[{"href":"https:\/\/www.winback-beauty.com\/fr\/wp-json\/wp\/v2\/types\/page"}],"author":[{"embeddable":true,"href":"https:\/\/www.winback-beauty.com\/fr\/wp-json\/wp\/v2\/users\/9"}],"replies":[{"embeddable":true,"href":"https:\/\/www.winback-beauty.com\/fr\/wp-json\/wp\/v2\/comments?post=19269"}],"version-history":[{"count":0,"href":"https:\/\/www.winback-beauty.com\/fr\/wp-json\/wp\/v2\/pages\/19269\/revisions"}],"wp:attachment":[{"href":"https:\/\/www.winback-beauty.com\/fr\/wp-json\/wp\/v2\/media?parent=19269"}],"curies":[{"name":"wp","href":"https:\/\/api.w.org\/{rel}","templated":true}]}}