{"id":19271,"date":"2016-03-18T13:58:47","date_gmt":"2016-03-18T13:58:47","guid":{"rendered":"http:\/\/www.winback-beauty.com\/?page_id=19271&#038;lang=fr"},"modified":"2018-11-28T15:04:11","modified_gmt":"2018-11-28T15:04:11","slug":"silhouette","status":"publish","type":"page","link":"https:\/\/www.winback-beauty.com\/fr\/silhouette\/","title":{"rendered":"Votre silhouette"},"content":{"rendered":"<p><div class=\"fusion-fullwidth fullwidth-box fusion-builder-row-1 hundred-percent-fullwidth non-hundred-percent-height-scrolling\" style=\"background-color: #ffffff;background-position: left top;background-repeat: no-repeat;padding-top:0px;padding-right:0px;padding-bottom:0px;padding-left:0px;margin-bottom: 0px;margin-top: 0px;border-width: 0px 0px 0px 0px;border-color:#eae9e9;border-style:solid;\" ><div class=\"fusion-builder-row fusion-row\"><div class=\"fusion-layout-column fusion_builder_column fusion-builder-column-0 fusion_builder_column_1_1 1_1 fusion-one-full fusion-column-first fusion-column-last fusion-column-no-min-height\" style=\"margin-top:0px;margin-bottom:0px;\"><div class=\"fusion-column-wrapper fusion-flex-column-wrapper-legacy\" style=\"background-position:left top;background-repeat:no-repeat;-webkit-background-size:cover;-moz-background-size:cover;-o-background-size:cover;background-size:cover;padding: 0px 0px 0px 0px;\"><div class=\"imageframe-align-center\"><span class=\" fusion-imageframe imageframe-none imageframe-1 hover-type-none\"><img decoding=\"async\" src=\"http:\/\/www.winback-beauty.com\/wp-content\/uploads\/2016\/03\/silouhette-2_WINBAK-Beauty_header.jpg\" class=\"img-responsive\"\/><\/span><\/div><div class=\"fusion-clearfix\"><\/div><\/div><\/div><\/div><\/div><div class=\"fusion-fullwidth fullwidth-box fusion-builder-row-2 nonhundred-percent-fullwidth non-hundred-percent-height-scrolling fusion-equal-height-columns\" style=\"background-color: #ffffff;background-position: center top;background-repeat: no-repeat;padding-top:50px;padding-right:0px;padding-bottom:0px;padding-left:0px;margin-bottom: 0px;margin-top: 0px;border-width: 0px 0px 0px 0px;border-color:#eae9e9;border-style:solid;\" ><div class=\"fusion-builder-row fusion-row\"><div class=\"fusion-layout-column fusion_builder_column fusion-builder-column-1 fusion_builder_column_1_1 1_1 fusion-one-full fusion-column-first fusion-column-last fusion-column-no-min-height\" style=\"margin-top:0px;margin-bottom:0px;\"><div class=\"fusion-column-wrapper fusion-flex-column-wrapper-legacy\" style=\"background-position:left top;background-repeat:no-repeat;-webkit-background-size:cover;-moz-background-size:cover;-o-background-size:cover;background-size:cover;padding: 0px 0px 0px 0px;\"><div class=\"fusion-text fusion-text-1\"><h1 style=\"text-align: center;\">VOTRE SILHOUETTE ID\u00c9ALE AVEC\u00a0<span style=\"color: #95c11f;\">WIN<\/span>BACK <span style=\"color: #95c11f;\">BEAUTY<\/span><\/h1>\n<\/div><div class=\"fusion-sep-clear\"><\/div><div class=\"fusion-separator fusion-full-width-sep\" style=\"margin-left: auto;margin-right: auto;margin-bottom:40px;width:100%;\"><\/div><div class=\"fusion-sep-clear\"><\/div><div class=\"fusion-clearfix\"><\/div><\/div><\/div><\/div><\/div><div class=\"fusion-fullwidth fullwidth-box fusion-builder-row-3 nonhundred-percent-fullwidth non-hundred-percent-height-scrolling\" style=\"background-color: #eaeaea;background-position: center top;background-repeat: no-repeat;padding-top:0px;padding-right:0px;padding-bottom:20px;padding-left:0px;margin-bottom: 0px;margin-top: 0px;border-width: 0px 0px 0px 0px;border-color:#eae9e9;border-style:solid;\" ><div class=\"fusion-builder-row fusion-row\"><div class=\"fusion-layout-column fusion_builder_column fusion-builder-column-2 fusion_builder_column_1_3 1_3 fusion-one-third fusion-column-first\" style=\"width:30.6666%; margin-right: 4%;margin-top:15px;margin-bottom:15px;\"><div class=\"fusion-column-wrapper fusion-flex-column-wrapper-legacy\" style=\"background-position:left top;background-repeat:no-repeat;-webkit-background-size:cover;-moz-background-size:cover;-o-background-size:cover;background-size:cover;padding: 0px 0px 0px 0px;\"><div class=\"fusion-text fusion-text-2\"><p style=\"text-transform: uppercase; font-size: 24px; text-align: center;\"><strong><span style=\"color: #95c11f;\">Le soin amincissement<\/span><\/strong><\/p>\n<p style=\"text-align: justify;\"><strong>En combinaison avec votre technique manuelle : R\u00e9duction de tous types de cellulite<\/strong>, <strong>des amas graisseux et de la r\u00e9tention d\u2019eau<\/strong>. WINBACK a une action directe de r\u00e9duction des imperfections dans les zones de stockage (ventre, hanche, cuisse) en agissant par effet diathermique et circulatoire. Gr\u00e2ce \u00e0 un massage adapt\u00e9 et une utilisation localis\u00e9e de l&rsquo;\u00e9nergie WINBACK, les tensions diminuent, le drainage est augment\u00e9 et l&rsquo;effet peau d&rsquo;orange s&rsquo;estompe. WINBACK est donc une r\u00e9ponse id\u00e9ale pour l\u2019amincissement et l\u2019\u00e9limination des imperfections en profondeur. Le soin est <strong>tr\u00e8s confortable et non invasif<\/strong> avec des r\u00e9sultats d\u00e8s la premi\u00e8re s\u00e9ance.<\/p>\n<\/div><div class=\"fusion-clearfix\"><\/div><\/div><\/div><div class=\"fusion-layout-column fusion_builder_column fusion-builder-column-3 fusion_builder_column_1_3 1_3 fusion-one-third\" style=\"width:30.6666%; margin-right: 4%;margin-top:15px;margin-bottom:15px;\"><div class=\"fusion-column-wrapper fusion-flex-column-wrapper-legacy\" style=\"background-position:left top;background-repeat:no-repeat;-webkit-background-size:cover;-moz-background-size:cover;-o-background-size:cover;background-size:cover;padding: 0px 0px 0px 0px;\"><div class=\"fusion-text fusion-text-3\"><p style=\"text-transform: uppercase; font-size: 24px; text-align: center;\"><span style=\"color: #95c11f;\"><strong>Cellulite Fibreuse<\/strong><\/span><\/p>\n<p style=\"text-align: justify;\"><strong>Stimulation par r\u00e9flexologie<\/strong> pour activer en profondeur les ressources et d\u00e9sengorger les zones lymphatiques. \u00a0Action apaisante pour rel\u00e2cher la zone sensible au toucher, puis lev\u00e9e\u00a0des adh\u00e9rences avec une hyperthermie localis\u00e9e. Technique de modelage doux\u00a0puis p\u00e9trissage pour <strong>activer les \u00e9changes circulatoires et acc\u00e9l\u00e9rer le d\u00e9stockage<\/strong>. Le soin se termine par une revitalisation de l\u2019\u00e9piderme afin d\u2019estomper les effets visibles.<\/p>\n<\/div><div class=\"fusion-clearfix\"><\/div><\/div><\/div><div class=\"fusion-layout-column fusion_builder_column fusion-builder-column-4 fusion_builder_column_1_3 1_3 fusion-one-third fusion-column-last\" style=\"width:30.6666%;margin-top:15px;margin-bottom:15px;\"><div class=\"fusion-column-wrapper fusion-flex-column-wrapper-legacy\" style=\"background-position:left top;background-repeat:no-repeat;-webkit-background-size:cover;-moz-background-size:cover;-o-background-size:cover;background-size:cover;padding: 0px 0px 0px 0px;\"><div class=\"fusion-text fusion-text-4\"><p style=\"text-align: center; text-transform: uppercase; font-size: 24px;\"><span style=\"color: #95c11f;\"><strong>Amas Adipeux localis\u00e9<\/strong><\/span><\/p>\n<p style=\"text-align: justify;\">Stimuli R\u00e9flexe et Lymphatique. <strong>Modelage en profondeur<\/strong> et global pour maximiser le recrutement circulatoire et une action focus et \u00e9nergique pour faciliter le mouvement sur la zone adipeuse. Option, une s\u00e9ance de renforcement musculaire amplifie les bienfaits\u00a0du soin.<\/p>\n<\/div><div class=\"fusion-clearfix\"><\/div><\/div><\/div><\/div><\/div><div class=\"fusion-fullwidth fullwidth-box fusion-builder-row-4 nonhundred-percent-fullwidth non-hundred-percent-height-scrolling\" style=\"background-color: #eaeaea;background-position: center top;background-repeat: no-repeat;padding-top:0px;padding-right:0px;padding-bottom:20px;padding-left:0px;margin-bottom: 0px;margin-top: 0px;border-width: 0px 0px 0px 0px;border-color:#eae9e9;border-style:solid;\" ><div class=\"fusion-builder-row fusion-row\"><div class=\"fusion-layout-column fusion_builder_column fusion-builder-column-5 fusion_builder_column_1_3 1_3 fusion-one-third fusion-column-first\" style=\"width:30.6666%; margin-right: 4%;margin-top:15px;margin-bottom:15px;\"><div class=\"fusion-column-wrapper fusion-flex-column-wrapper-legacy\" style=\"background-position:left top;background-repeat:no-repeat;-webkit-background-size:cover;-moz-background-size:cover;-o-background-size:cover;background-size:cover;padding: 0px 0px 0px 0px;\"><div class=\"imageframe-align-center\"><span class=\" fusion-imageframe imageframe-none imageframe-2 hover-type-zoomin\" style=\"border:2px solid #f4f4f4;\"><img decoding=\"async\" src=\"http:\/\/www.winback-beauty.com\/wp-content\/uploads\/2016\/03\/03_silouhette_WINBACK-Beauty.jpg\" class=\"img-responsive\"\/><\/span><\/div><div class=\"fusion-clearfix\"><\/div><\/div><\/div><div class=\"fusion-layout-column fusion_builder_column fusion-builder-column-6 fusion_builder_column_1_3 1_3 fusion-one-third\" style=\"width:30.6666%; margin-right: 4%;margin-top:15px;margin-bottom:15px;\"><div class=\"fusion-column-wrapper fusion-flex-column-wrapper-legacy\" style=\"background-position:left top;background-repeat:no-repeat;-webkit-background-size:cover;-moz-background-size:cover;-o-background-size:cover;background-size:cover;padding: 0px 0px 0px 0px;\"><div class=\"imageframe-align-center\"><span class=\" fusion-imageframe imageframe-none imageframe-3 hover-type-zoomin\" style=\"border:2px solid #f4f4f4;\"><img decoding=\"async\" src=\"http:\/\/www.winback-beauty.com\/wp-content\/uploads\/2016\/03\/01-1_silouhette_WINBACK-Beauty.jpg\" class=\"img-responsive\"\/><\/span><\/div><div class=\"fusion-clearfix\"><\/div><\/div><\/div><div class=\"fusion-layout-column fusion_builder_column fusion-builder-column-7 fusion_builder_column_1_3 1_3 fusion-one-third fusion-column-last\" style=\"width:30.6666%;margin-top:15px;margin-bottom:15px;\"><div class=\"fusion-column-wrapper fusion-flex-column-wrapper-legacy\" style=\"background-position:left top;background-repeat:no-repeat;-webkit-background-size:cover;-moz-background-size:cover;-o-background-size:cover;background-size:cover;padding: 0px 0px 0px 0px;\"><div class=\"imageframe-align-center\"><span class=\" fusion-imageframe imageframe-none imageframe-4 hover-type-zoomin\" style=\"border:2px solid #f4f4f4;\"><img decoding=\"async\" src=\"http:\/\/www.winback-beauty.com\/wp-content\/uploads\/2016\/03\/02_silouhette_WINBACK-Beauty.jpg\" class=\"img-responsive\"\/><\/span><\/div><div class=\"fusion-clearfix\"><\/div><\/div><\/div><\/div><\/div><\/p>\n","protected":false},"excerpt":{"rendered":"","protected":false},"author":9,"featured_media":0,"parent":0,"menu_order":0,"comment_status":"closed","ping_status":"closed","template":"100-width.php","meta":{"footnotes":""},"yoast_head":"<!-- This site is optimized with the Yoast SEO plugin v22.1 - https:\/\/yoast.com\/wordpress\/plugins\/seo\/ -->\n<title>Votre silhouette avec Winback Beaut\u00e9 | Winback &amp; votre silhouette<\/title>\n<meta name=\"description\" content=\"Winback Beauty vous aide \u00e0 retrouver une silhouette de r\u00eave. R\u00e9duction de tous types de cellulite, des amas graisseux et de la r\u00e9tention d\u2019eau... D\u00e9couvrez maintenant !\" \/>\n<meta name=\"robots\" content=\"index, follow, max-snippet:-1, max-image-preview:large, max-video-preview:-1\" \/>\n<link rel=\"canonical\" href=\"https:\/\/www.winback-beauty.com\/fr\/silhouette\/\" \/>\n<meta property=\"og:locale\" content=\"fr_FR\" \/>\n<meta property=\"og:type\" content=\"article\" \/>\n<meta property=\"og:title\" content=\"Votre silhouette avec Winback Beaut\u00e9 | Winback &amp; votre silhouette\" \/>\n<meta property=\"og:description\" content=\"Winback Beauty vous aide \u00e0 retrouver une silhouette de r\u00eave. R\u00e9duction de tous types de cellulite, des amas graisseux et de la r\u00e9tention d\u2019eau... D\u00e9couvrez maintenant !\" \/>\n<meta property=\"og:url\" content=\"https:\/\/www.winback-beauty.com\/fr\/silhouette\/\" \/>\n<meta property=\"og:site_name\" content=\"Winback Beauty\" \/>\n<meta property=\"article:modified_time\" content=\"2018-11-28T15:04:11+00:00\" \/>\n<meta property=\"og:image\" content=\"http:\/\/www.winback-beauty.com\/wp-content\/uploads\/2016\/03\/silouhette-2_WINBAK-Beauty_header.jpg\" \/>\n<meta name=\"twitter:card\" content=\"summary_large_image\" \/>\n<meta name=\"twitter:label1\" content=\"Dur\u00e9e de lecture estim\u00e9e\" \/>\n\t<meta name=\"twitter:data1\" content=\"6 minutes\" \/>\n<script type=\"application\/ld+json\" class=\"yoast-schema-graph\">{\"@context\":\"https:\/\/schema.org\",\"@graph\":[{\"@type\":\"WebPage\",\"@id\":\"https:\/\/www.winback-beauty.com\/fr\/silhouette\/\",\"url\":\"https:\/\/www.winback-beauty.com\/fr\/silhouette\/\",\"name\":\"Votre silhouette avec Winback Beaut\u00e9 | Winback & votre silhouette\",\"isPartOf\":{\"@id\":\"https:\/\/www.winback-beauty.com\/#website\"},\"datePublished\":\"2016-03-18T13:58:47+00:00\",\"dateModified\":\"2018-11-28T15:04:11+00:00\",\"description\":\"Winback Beauty vous aide \u00e0 retrouver une silhouette de r\u00eave. R\u00e9duction de tous types de cellulite, des amas graisseux et de la r\u00e9tention d\u2019eau... D\u00e9couvrez maintenant !\",\"breadcrumb\":{\"@id\":\"https:\/\/www.winback-beauty.com\/fr\/silhouette\/#breadcrumb\"},\"inLanguage\":\"fr-FR\",\"potentialAction\":[{\"@type\":\"ReadAction\",\"target\":[\"https:\/\/www.winback-beauty.com\/fr\/silhouette\/\"]}]},{\"@type\":\"BreadcrumbList\",\"@id\":\"https:\/\/www.winback-beauty.com\/fr\/silhouette\/#breadcrumb\",\"itemListElement\":[{\"@type\":\"ListItem\",\"position\":1,\"name\":\"Home\",\"item\":\"https:\/\/www.winback-beauty.com\/fr\/\"},{\"@type\":\"ListItem\",\"position\":2,\"name\":\"Votre silhouette\"}]},{\"@type\":\"WebSite\",\"@id\":\"https:\/\/www.winback-beauty.com\/#website\",\"url\":\"https:\/\/www.winback-beauty.com\/\",\"name\":\"Winback Beauty\",\"description\":\"\",\"potentialAction\":[{\"@type\":\"SearchAction\",\"target\":{\"@type\":\"EntryPoint\",\"urlTemplate\":\"https:\/\/www.winback-beauty.com\/?s={search_term_string}\"},\"query-input\":\"required name=search_term_string\"}],\"inLanguage\":\"fr-FR\"}]}<\/script>\n<!-- \/ Yoast SEO plugin. -->","yoast_head_json":{"title":"Votre silhouette avec Winback Beaut\u00e9 | Winback & votre silhouette","description":"Winback Beauty vous aide \u00e0 retrouver une silhouette de r\u00eave. R\u00e9duction de tous types de cellulite, des amas graisseux et de la r\u00e9tention d\u2019eau... D\u00e9couvrez maintenant !","robots":{"index":"index","follow":"follow","max-snippet":"max-snippet:-1","max-image-preview":"max-image-preview:large","max-video-preview":"max-video-preview:-1"},"canonical":"https:\/\/www.winback-beauty.com\/fr\/silhouette\/","og_locale":"fr_FR","og_type":"article","og_title":"Votre silhouette avec Winback Beaut\u00e9 | Winback & votre silhouette","og_description":"Winback Beauty vous aide \u00e0 retrouver une silhouette de r\u00eave. R\u00e9duction de tous types de cellulite, des amas graisseux et de la r\u00e9tention d\u2019eau... D\u00e9couvrez maintenant !","og_url":"https:\/\/www.winback-beauty.com\/fr\/silhouette\/","og_site_name":"Winback Beauty","article_modified_time":"2018-11-28T15:04:11+00:00","og_image":[{"url":"http:\/\/www.winback-beauty.com\/wp-content\/uploads\/2016\/03\/silouhette-2_WINBAK-Beauty_header.jpg"}],"twitter_card":"summary_large_image","twitter_misc":{"Dur\u00e9e de lecture estim\u00e9e":"6 minutes"},"schema":{"@context":"https:\/\/schema.org","@graph":[{"@type":"WebPage","@id":"https:\/\/www.winback-beauty.com\/fr\/silhouette\/","url":"https:\/\/www.winback-beauty.com\/fr\/silhouette\/","name":"Votre silhouette avec Winback Beaut\u00e9 | Winback & votre silhouette","isPartOf":{"@id":"https:\/\/www.winback-beauty.com\/#website"},"datePublished":"2016-03-18T13:58:47+00:00","dateModified":"2018-11-28T15:04:11+00:00","description":"Winback Beauty vous aide \u00e0 retrouver une silhouette de r\u00eave. R\u00e9duction de tous types de cellulite, des amas graisseux et de la r\u00e9tention d\u2019eau... D\u00e9couvrez maintenant !","breadcrumb":{"@id":"https:\/\/www.winback-beauty.com\/fr\/silhouette\/#breadcrumb"},"inLanguage":"fr-FR","potentialAction":[{"@type":"ReadAction","target":["https:\/\/www.winback-beauty.com\/fr\/silhouette\/"]}]},{"@type":"BreadcrumbList","@id":"https:\/\/www.winback-beauty.com\/fr\/silhouette\/#breadcrumb","itemListElement":[{"@type":"ListItem","position":1,"name":"Home","item":"https:\/\/www.winback-beauty.com\/fr\/"},{"@type":"ListItem","position":2,"name":"Votre silhouette"}]},{"@type":"WebSite","@id":"https:\/\/www.winback-beauty.com\/#website","url":"https:\/\/www.winback-beauty.com\/","name":"Winback Beauty","description":"","potentialAction":[{"@type":"SearchAction","target":{"@type":"EntryPoint","urlTemplate":"https:\/\/www.winback-beauty.com\/?s={search_term_string}"},"query-input":"required name=search_term_string"}],"inLanguage":"fr-FR"}]}},"_links":{"self":[{"href":"https:\/\/www.winback-beauty.com\/fr\/wp-json\/wp\/v2\/pages\/19271"}],"collection":[{"href":"https:\/\/www.winback-beauty.com\/fr\/wp-json\/wp\/v2\/pages"}],"about":[{"href":"https:\/\/www.winback-beauty.com\/fr\/wp-json\/wp\/v2\/types\/page"}],"author":[{"embeddable":true,"href":"https:\/\/www.winback-beauty.com\/fr\/wp-json\/wp\/v2\/users\/9"}],"replies":[{"embeddable":true,"href":"https:\/\/www.winback-beauty.com\/fr\/wp-json\/wp\/v2\/comments?post=19271"}],"version-history":[{"count":0,"href":"https:\/\/www.winback-beauty.com\/fr\/wp-json\/wp\/v2\/pages\/19271\/revisions"}],"wp:attachment":[{"href":"https:\/\/www.winback-beauty.com\/fr\/wp-json\/wp\/v2\/media?parent=19271"}],"curies":[{"name":"wp","href":"https:\/\/api.w.org\/{rel}","templated":true}]}}